{"id":832,"date":"2023-07-10T09:01:39","date_gmt":"2023-07-10T08:01:39","guid":{"rendered":"https:\/\/bioskole.org\/?page_id=832"},"modified":"2023-07-24T23:57:55","modified_gmt":"2023-07-24T22:57:55","slug":"aktivnosti_si","status":"publish","type":"page","link":"https:\/\/bioskole.org\/index.php\/aktivnosti_si\/","title":{"rendered":"Aktivnosti_si"},"content":{"rendered":"\t\t<div data-elementor-type=\"wp-page\" data-elementor-id=\"832\" class=\"elementor elementor-832\">\n\t\t\t\t<div class=\"elementor-element elementor-element-e4091c3 e-grid e-con-boxed e-con e-parent\" data-id=\"e4091c3\" data-element_type=\"container\">\n\t\t\t\t\t<div class=\"e-con-inner\">\n\t\t\t\t<div class=\"elementor-element elementor-element-93838b5 elementor-align-center elementor-widget elementor-widget-button\" data-id=\"93838b5\" data-element_type=\"widget\" data-widget_type=\"button.default\">\n\t\t\t\t<div class=\"elementor-widget-container\">\n\t\t\t\t\t\t\t\t\t<div class=\"elementor-button-wrapper\">\n\t\t\t\t\t<a class=\"elementor-button elementor-button-link elementor-size-sm\" href=\"https:\/\/bioskole.org\/index.php\/jagode_si\/\">\n\t\t\t\t\t\t<span class=\"elementor-button-content-wrapper\">\n\t\t\t\t\t\t\t\t\t<span class=\"elementor-button-text\">Jagode<\/span>\n\t\t\t\t\t<\/span>\n\t\t\t\t\t<\/a>\n\t\t\t\t<\/div>\n\t\t\t\t\t\t\t\t<\/div>\n\t\t\t\t<\/div>\n\t\t\t\t<div class=\"elementor-element elementor-element-e24a82e elementor-align-center elementor-widget elementor-widget-button\" data-id=\"e24a82e\" data-element_type=\"widget\" data-widget_type=\"button.default\">\n\t\t\t\t<div class=\"elementor-widget-container\">\n\t\t\t\t\t\t\t\t\t<div class=\"elementor-button-wrapper\">\n\t\t\t\t\t<a class=\"elementor-button elementor-button-link elementor-size-sm\" href=\"https:\/\/bioskole.org\/index.php\/vino_si\/\">\n\t\t\t\t\t\t<span class=\"elementor-button-content-wrapper\">\n\t\t\t\t\t\t\t\t\t<span class=\"elementor-button-text\">Vino<\/span>\n\t\t\t\t\t<\/span>\n\t\t\t\t\t<\/a>\n\t\t\t\t<\/div>\n\t\t\t\t\t\t\t\t<\/div>\n\t\t\t\t<\/div>\n\t\t\t\t<div class=\"elementor-element elementor-element-a8a301b elementor-align-center elementor-widget elementor-widget-button\" data-id=\"a8a301b\" data-element_type=\"widget\" data-widget_type=\"button.default\">\n\t\t\t\t<div class=\"elementor-widget-container\">\n\t\t\t\t\t\t\t\t\t<div class=\"elementor-button-wrapper\">\n\t\t\t\t\t<a class=\"elementor-button elementor-button-link elementor-size-sm\" href=\"https:\/\/bioskole.org\/index.php\/Jabolka_si\/\">\n\t\t\t\t\t\t<span class=\"elementor-button-content-wrapper\">\n\t\t\t\t\t\t\t\t\t<span class=\"elementor-button-text\">Jabolka<\/span>\n\t\t\t\t\t<\/span>\n\t\t\t\t\t<\/a>\n\t\t\t\t<\/div>\n\t\t\t\t\t\t\t\t<\/div>\n\t\t\t\t<\/div>\n\t\t\t\t<div class=\"elementor-element elementor-element-6a29ee4 elementor-align-center elementor-widget elementor-widget-button\" data-id=\"6a29ee4\" data-element_type=\"widget\" data-widget_type=\"button.default\">\n\t\t\t\t<div class=\"elementor-widget-container\">\n\t\t\t\t\t\t\t\t\t<div class=\"elementor-button-wrapper\">\n\t\t\t\t\t<a class=\"elementor-button elementor-button-link elementor-size-sm\" href=\"https:\/\/bioskole.org\/index.php\/Galerija\/\">\n\t\t\t\t\t\t<span class=\"elementor-button-content-wrapper\">\n\t\t\t\t\t\t\t\t\t<span class=\"elementor-button-text\">Galerija<\/span>\n\t\t\t\t\t<\/span>\n\t\t\t\t\t<\/a>\n\t\t\t\t<\/div>\n\t\t\t\t\t\t\t\t<\/div>\n\t\t\t\t<\/div>\n\t\t\t\t<div class=\"elementor-element elementor-element-adf7a0d elementor-align-center elementor-widget elementor-widget-button\" data-id=\"adf7a0d\" data-element_type=\"widget\" data-widget_type=\"button.default\">\n\t\t\t\t<div class=\"elementor-widget-container\">\n\t\t\t\t\t\t\t\t\t<div class=\"elementor-button-wrapper\">\n\t\t\t\t\t<a class=\"elementor-button elementor-button-link elementor-size-sm\" href=\"https:\/\/bioskole.org\/index.php\/Kontakti\/\">\n\t\t\t\t\t\t<span class=\"elementor-button-content-wrapper\">\n\t\t\t\t\t\t\t\t\t<span class=\"elementor-button-text\">Kontakt<\/span>\n\t\t\t\t\t<\/span>\n\t\t\t\t\t<\/a>\n\t\t\t\t<\/div>\n\t\t\t\t\t\t\t\t<\/div>\n\t\t\t\t<\/div>\n\t\t\t\t<div class=\"elementor-element elementor-element-1bade9b elementor-align-center elementor-widget elementor-widget-button\" data-id=\"1bade9b\" data-element_type=\"widget\" data-widget_type=\"button.default\">\n\t\t\t\t<div class=\"elementor-widget-container\">\n\t\t\t\t\t\t\t\t\t<div class=\"elementor-button-wrapper\">\n\t\t\t\t\t<a class=\"elementor-button elementor-button-link elementor-size-sm\" href=\"https:\/\/bioskole.org\/index.php\/start-si\/\">\n\t\t\t\t\t\t<span class=\"elementor-button-content-wrapper\">\n\t\t\t\t\t\t\t\t\t<span class=\"elementor-button-text\">Doma\u010da<\/span>\n\t\t\t\t\t<\/span>\n\t\t\t\t\t<\/a>\n\t\t\t\t<\/div>\n\t\t\t\t\t\t\t\t<\/div>\n\t\t\t\t<\/div>\n\t\t\t\t<div class=\"elementor-element elementor-element-fdf5533 elementor-widget elementor-widget-button\" data-id=\"fdf5533\" data-element_type=\"widget\" data-widget_type=\"button.default\">\n\t\t\t\t<div class=\"elementor-widget-container\">\n\t\t\t\t\t\t\t\t\t<div class=\"elementor-button-wrapper\">\n\t\t\t\t\t<a class=\"elementor-button elementor-button-link elementor-size-sm\" href=\"https:\/\/bioskole.org\/index.php\/Publikacije\/\">\n\t\t\t\t\t\t<span class=\"elementor-button-content-wrapper\">\n\t\t\t\t\t\t\t\t\t<span class=\"elementor-button-text\">Publikacije<\/span>\n\t\t\t\t\t<\/span>\n\t\t\t\t\t<\/a>\n\t\t\t\t<\/div>\n\t\t\t\t\t\t\t\t<\/div>\n\t\t\t\t<\/div>\n\t\t\t\t\t<\/div>\n\t\t\t\t<\/div>\n\t\t<div class=\"elementor-element elementor-element-d8b42d1 e-flex e-con-boxed e-con e-parent\" data-id=\"d8b42d1\" data-element_type=\"container\">\n\t\t\t\t\t<div class=\"e-con-inner\">\n\t\t<div class=\"elementor-element elementor-element-bd68b7b e-con-full e-flex e-con e-parent\" data-id=\"bd68b7b\" data-element_type=\"container\">\n\t\t\t\t<div class=\"elementor-element elementor-element-055db8c elementor-widget elementor-widget-image\" data-id=\"055db8c\" data-element_type=\"widget\" data-widget_type=\"image.default\">\n\t\t\t\t<div class=\"elementor-widget-container\">\n\t\t\t\t\t\t\t\t\t\t\t\t\t\t\t\t<a href=\"https:\/\/bioskole.org\/index.php\/jagode_si\/\">\n\t\t\t\t\t\t\t<img fetchpriority=\"high\" decoding=\"async\" width=\"250\" height=\"316\" src=\"https:\/\/bioskole.org\/wp-content\/uploads\/2023\/07\/Jagode-na-stolu_cutWeb.jpg\" class=\"attachment-large size-large wp-image-637\" alt=\"\" srcset=\"https:\/\/bioskole.org\/wp-content\/uploads\/2023\/07\/Jagode-na-stolu_cutWeb.jpg 250w, https:\/\/bioskole.org\/wp-content\/uploads\/2023\/07\/Jagode-na-stolu_cutWeb-237x300.jpg 237w\" sizes=\"(max-width: 250px) 100vw, 250px\" \/>\t\t\t\t\t\t\t\t<\/a>\n\t\t\t\t\t\t\t\t\t\t\t\t\t\t\t<\/div>\n\t\t\t\t<\/div>\n\t\t\t\t<\/div>\n\t\t<div class=\"elementor-element elementor-element-eef4b4a e-con-full e-flex e-con e-parent\" data-id=\"eef4b4a\" data-element_type=\"container\">\n\t\t\t\t<div class=\"elementor-element elementor-element-a0bcf89 elementor-widget elementor-widget-text-editor\" data-id=\"a0bcf89\" data-element_type=\"widget\" data-widget_type=\"text-editor.default\">\n\t\t\t\t<div class=\"elementor-widget-container\">\n\t\t\t\t\t\t\t\t\t<p><span style=\"color: #000000;\"><b><a href=\"https:\/\/bioskole.org\/index.php\/jagode_si\/\">Prakti\u010dno pou\u010devanje &#8211; modul hidroponika proizvodnja jagod v kontroliranih pogojih z ra\u010dunalni\u0161kim vodenjem<\/a><\/b><\/span><\/p>\t\t\t\t\t\t\t\t<\/div>\n\t\t\t\t<\/div>\n\t\t\t\t<\/div>\n\t\t\t\t\t<\/div>\n\t\t\t\t<\/div>\n\t\t<div class=\"elementor-element elementor-element-d58e534 e-flex e-con-boxed e-con e-parent\" data-id=\"d58e534\" data-element_type=\"container\">\n\t\t\t\t\t<div class=\"e-con-inner\">\n\t\t<div class=\"elementor-element elementor-element-02a2a5e e-con-full e-flex e-con e-parent\" data-id=\"02a2a5e\" data-element_type=\"container\">\n\t\t\t\t<div class=\"elementor-element elementor-element-12e21d8 elementor-widget elementor-widget-image\" data-id=\"12e21d8\" data-element_type=\"widget\" data-widget_type=\"image.default\">\n\t\t\t\t<div class=\"elementor-widget-container\">\n\t\t\t\t\t\t\t\t\t\t\t\t\t\t\t\t<a href=\"https:\/\/bioskole.org\/index.php\/vino_si\/\">\n\t\t\t\t\t\t\t<img decoding=\"async\" width=\"250\" height=\"216\" src=\"https:\/\/bioskole.org\/wp-content\/uploads\/2023\/07\/grozdje_u_ruciWeb.jpg\" class=\"attachment-large size-large wp-image-636\" alt=\"\" \/>\t\t\t\t\t\t\t\t<\/a>\n\t\t\t\t\t\t\t\t\t\t\t\t\t\t\t<\/div>\n\t\t\t\t<\/div>\n\t\t\t\t<\/div>\n\t\t<div class=\"elementor-element elementor-element-6a43d0f e-con-full e-flex e-con e-parent\" data-id=\"6a43d0f\" data-element_type=\"container\">\n\t\t\t\t<div class=\"elementor-element elementor-element-51d5e65 elementor-widget elementor-widget-text-editor\" data-id=\"51d5e65\" data-element_type=\"widget\" data-widget_type=\"text-editor.default\">\n\t\t\t\t<div class=\"elementor-widget-container\">\n\t\t\t\t\t\t\t\t\t<p><strong><a href=\"https:\/\/bioskole.org\/index.php\/vino_si\/\">Prakti\u010dno pou\u010devanje \u2013 modul vinogradni\u0161tva in pridelave vina<\/a><\/strong><\/p>\t\t\t\t\t\t\t\t<\/div>\n\t\t\t\t<\/div>\n\t\t\t\t<\/div>\n\t\t\t\t\t<\/div>\n\t\t\t\t<\/div>\n\t\t<div class=\"elementor-element elementor-element-ecd9986 e-flex e-con-boxed e-con e-parent\" data-id=\"ecd9986\" data-element_type=\"container\">\n\t\t\t\t\t<div class=\"e-con-inner\">\n\t\t<div class=\"elementor-element elementor-element-34c9c67 e-con-full e-flex e-con e-parent\" data-id=\"34c9c67\" data-element_type=\"container\">\n\t\t\t\t<div class=\"elementor-element elementor-element-717d1f5 elementor-widget elementor-widget-image\" data-id=\"717d1f5\" data-element_type=\"widget\" data-widget_type=\"image.default\">\n\t\t\t\t<div class=\"elementor-widget-container\">\n\t\t\t\t\t\t\t\t\t\t\t\t\t\t\t\t<a href=\"https:\/\/bioskole.org\/index.php\/Jabolka_si\/\">\n\t\t\t\t\t\t\t<img decoding=\"async\" width=\"250\" height=\"187\" src=\"https:\/\/bioskole.org\/wp-content\/uploads\/2023\/07\/Jabuke_aktivnostWeb.jpg\" class=\"attachment-large size-large wp-image-635\" alt=\"\" \/>\t\t\t\t\t\t\t\t<\/a>\n\t\t\t\t\t\t\t\t\t\t\t\t\t\t\t<\/div>\n\t\t\t\t<\/div>\n\t\t\t\t<\/div>\n\t\t<div class=\"elementor-element elementor-element-db65c33 e-con-full e-flex e-con e-parent\" data-id=\"db65c33\" data-element_type=\"container\">\n\t\t\t\t<div class=\"elementor-element elementor-element-444571d elementor-widget elementor-widget-text-editor\" data-id=\"444571d\" data-element_type=\"widget\" data-widget_type=\"text-editor.default\">\n\t\t\t\t<div class=\"elementor-widget-container\">\n\t\t\t\t\t\t\t\t\t<p><a href=\"https:\/\/bioskole.org\/index.php\/Jabolka_si\/\"><strong>\u00a0Prakti\u010dno pou\u010devanje &#8211; modul proces proizvodnje jabol\u010dnega soka in postopek izdelave jabol\u010dnega \u010dipa<\/strong><\/a><\/p>\t\t\t\t\t\t\t\t<\/div>\n\t\t\t\t<\/div>\n\t\t\t\t<\/div>\n\t\t\t\t\t<\/div>\n\t\t\t\t<\/div>\n\t\t\t\t<\/div>\n\t\t","protected":false},"excerpt":{"rendered":"<p>Jagode Vino Jabolka Galerija Kontakt Doma\u010da Publikacije Prakti\u010dno pou\u010devanje &#8211; modul hidroponika proizvodnja jagod v kontroliranih pogojih z ra\u010dunalni\u0161kim vodenjem Prakti\u010dno pou\u010devanje \u2013 modul vinogradni\u0161tva in pridelave vina \u00a0Prakti\u010dno pou\u010devanje &#8211; modul proces proizvodnje jabol\u010dnega soka in postopek izdelave jabol\u010dnega \u010dipa<\/p>\n","protected":false},"author":1,"featured_media":0,"parent":0,"menu_order":0,"comment_status":"closed","ping_status":"closed","template":"","meta":{"footnotes":""},"class_list":["post-832","page","type-page","status-publish","hentry"],"yoast_head":"<!-- This site is optimized with the Yoast SEO plugin v26.6 - https:\/\/yoast.com\/wordpress\/plugins\/seo\/ -->\n<title>Aktivnosti_si - Bio \u0161ole<\/title>\n<meta name=\"robots\" content=\"index, follow, max-snippet:-1, max-image-preview:large, max-video-preview:-1\" \/>\n<link rel=\"canonical\" href=\"https:\/\/bioskole.org\/index.php\/aktivnosti_si\/\" \/>\n<meta property=\"og:locale\" content=\"en_US\" \/>\n<meta property=\"og:type\" content=\"article\" \/>\n<meta property=\"og:title\" content=\"Aktivnosti_si - Bio \u0161ole\" \/>\n<meta property=\"og:description\" content=\"Jagode Vino Jabolka Galerija Kontakt Doma\u010da Publikacije Prakti\u010dno pou\u010devanje &#8211; modul hidroponika proizvodnja jagod v kontroliranih pogojih z ra\u010dunalni\u0161kim vodenjem Prakti\u010dno pou\u010devanje \u2013 modul vinogradni\u0161tva in pridelave vina \u00a0Prakti\u010dno pou\u010devanje &#8211; modul proces proizvodnje jabol\u010dnega soka in postopek izdelave jabol\u010dnega \u010dipa\" \/>\n<meta property=\"og:url\" content=\"https:\/\/bioskole.org\/index.php\/aktivnosti_si\/\" \/>\n<meta property=\"og:site_name\" content=\"Bio \u0161ole\" \/>\n<meta property=\"article:modified_time\" content=\"2023-07-24T22:57:55+00:00\" \/>\n<meta property=\"og:image\" content=\"https:\/\/bioskole.org\/wp-content\/uploads\/2023\/07\/Jagode-na-stolu_cutWeb.jpg\" \/>\n<meta name=\"twitter:card\" content=\"summary_large_image\" \/>\n<meta name=\"twitter:label1\" content=\"Est. reading time\" \/>\n\t<meta name=\"twitter:data1\" content=\"1 minute\" \/>\n<script type=\"application\/ld+json\" class=\"yoast-schema-graph\">{\"@context\":\"https:\/\/schema.org\",\"@graph\":[{\"@type\":\"WebPage\",\"@id\":\"https:\/\/bioskole.org\/index.php\/aktivnosti_si\/\",\"url\":\"https:\/\/bioskole.org\/index.php\/aktivnosti_si\/\",\"name\":\"Aktivnosti_si - Bio \u0161ole\",\"isPartOf\":{\"@id\":\"https:\/\/bioskole.org\/#website\"},\"primaryImageOfPage\":{\"@id\":\"https:\/\/bioskole.org\/index.php\/aktivnosti_si\/#primaryimage\"},\"image\":{\"@id\":\"https:\/\/bioskole.org\/index.php\/aktivnosti_si\/#primaryimage\"},\"thumbnailUrl\":\"https:\/\/bioskole.org\/wp-content\/uploads\/2023\/07\/Jagode-na-stolu_cutWeb.jpg\",\"datePublished\":\"2023-07-10T08:01:39+00:00\",\"dateModified\":\"2023-07-24T22:57:55+00:00\",\"breadcrumb\":{\"@id\":\"https:\/\/bioskole.org\/index.php\/aktivnosti_si\/#breadcrumb\"},\"inLanguage\":\"en-US\",\"potentialAction\":[{\"@type\":\"ReadAction\",\"target\":[\"https:\/\/bioskole.org\/index.php\/aktivnosti_si\/\"]}]},{\"@type\":\"ImageObject\",\"inLanguage\":\"en-US\",\"@id\":\"https:\/\/bioskole.org\/index.php\/aktivnosti_si\/#primaryimage\",\"url\":\"https:\/\/bioskole.org\/wp-content\/uploads\/2023\/07\/Jagode-na-stolu_cutWeb.jpg\",\"contentUrl\":\"https:\/\/bioskole.org\/wp-content\/uploads\/2023\/07\/Jagode-na-stolu_cutWeb.jpg\",\"width\":250,\"height\":316},{\"@type\":\"BreadcrumbList\",\"@id\":\"https:\/\/bioskole.org\/index.php\/aktivnosti_si\/#breadcrumb\",\"itemListElement\":[{\"@type\":\"ListItem\",\"position\":1,\"name\":\"\u041f\u043e\u0447\u0435\u0442\u043d\u0430\",\"item\":\"https:\/\/bioskole.org\/\"},{\"@type\":\"ListItem\",\"position\":2,\"name\":\"Aktivnosti_si\"}]},{\"@type\":\"WebSite\",\"@id\":\"https:\/\/bioskole.org\/#website\",\"url\":\"https:\/\/bioskole.org\/\",\"name\":\"Bio \u0161ole\",\"description\":\"\",\"potentialAction\":[{\"@type\":\"SearchAction\",\"target\":{\"@type\":\"EntryPoint\",\"urlTemplate\":\"https:\/\/bioskole.org\/?s={search_term_string}\"},\"query-input\":{\"@type\":\"PropertyValueSpecification\",\"valueRequired\":true,\"valueName\":\"search_term_string\"}}],\"inLanguage\":\"en-US\"}]}<\/script>\n<!-- \/ Yoast SEO plugin. -->","yoast_head_json":{"title":"Aktivnosti_si - Bio \u0161ole","robots":{"index":"index","follow":"follow","max-snippet":"max-snippet:-1","max-image-preview":"max-image-preview:large","max-video-preview":"max-video-preview:-1"},"canonical":"https:\/\/bioskole.org\/index.php\/aktivnosti_si\/","og_locale":"en_US","og_type":"article","og_title":"Aktivnosti_si - Bio \u0161ole","og_description":"Jagode Vino Jabolka Galerija Kontakt Doma\u010da Publikacije Prakti\u010dno pou\u010devanje &#8211; modul hidroponika proizvodnja jagod v kontroliranih pogojih z ra\u010dunalni\u0161kim vodenjem Prakti\u010dno pou\u010devanje \u2013 modul vinogradni\u0161tva in pridelave vina \u00a0Prakti\u010dno pou\u010devanje &#8211; modul proces proizvodnje jabol\u010dnega soka in postopek izdelave jabol\u010dnega \u010dipa","og_url":"https:\/\/bioskole.org\/index.php\/aktivnosti_si\/","og_site_name":"Bio \u0161ole","article_modified_time":"2023-07-24T22:57:55+00:00","og_image":[{"url":"https:\/\/bioskole.org\/wp-content\/uploads\/2023\/07\/Jagode-na-stolu_cutWeb.jpg","type":"","width":"","height":""}],"twitter_card":"summary_large_image","twitter_misc":{"Est. reading time":"1 minute"},"schema":{"@context":"https:\/\/schema.org","@graph":[{"@type":"WebPage","@id":"https:\/\/bioskole.org\/index.php\/aktivnosti_si\/","url":"https:\/\/bioskole.org\/index.php\/aktivnosti_si\/","name":"Aktivnosti_si - Bio \u0161ole","isPartOf":{"@id":"https:\/\/bioskole.org\/#website"},"primaryImageOfPage":{"@id":"https:\/\/bioskole.org\/index.php\/aktivnosti_si\/#primaryimage"},"image":{"@id":"https:\/\/bioskole.org\/index.php\/aktivnosti_si\/#primaryimage"},"thumbnailUrl":"https:\/\/bioskole.org\/wp-content\/uploads\/2023\/07\/Jagode-na-stolu_cutWeb.jpg","datePublished":"2023-07-10T08:01:39+00:00","dateModified":"2023-07-24T22:57:55+00:00","breadcrumb":{"@id":"https:\/\/bioskole.org\/index.php\/aktivnosti_si\/#breadcrumb"},"inLanguage":"en-US","potentialAction":[{"@type":"ReadAction","target":["https:\/\/bioskole.org\/index.php\/aktivnosti_si\/"]}]},{"@type":"ImageObject","inLanguage":"en-US","@id":"https:\/\/bioskole.org\/index.php\/aktivnosti_si\/#primaryimage","url":"https:\/\/bioskole.org\/wp-content\/uploads\/2023\/07\/Jagode-na-stolu_cutWeb.jpg","contentUrl":"https:\/\/bioskole.org\/wp-content\/uploads\/2023\/07\/Jagode-na-stolu_cutWeb.jpg","width":250,"height":316},{"@type":"BreadcrumbList","@id":"https:\/\/bioskole.org\/index.php\/aktivnosti_si\/#breadcrumb","itemListElement":[{"@type":"ListItem","position":1,"name":"\u041f\u043e\u0447\u0435\u0442\u043d\u0430","item":"https:\/\/bioskole.org\/"},{"@type":"ListItem","position":2,"name":"Aktivnosti_si"}]},{"@type":"WebSite","@id":"https:\/\/bioskole.org\/#website","url":"https:\/\/bioskole.org\/","name":"Bio \u0161ole","description":"","potentialAction":[{"@type":"SearchAction","target":{"@type":"EntryPoint","urlTemplate":"https:\/\/bioskole.org\/?s={search_term_string}"},"query-input":{"@type":"PropertyValueSpecification","valueRequired":true,"valueName":"search_term_string"}}],"inLanguage":"en-US"}]}},"_links":{"self":[{"href":"https:\/\/bioskole.org\/index.php\/wp-json\/wp\/v2\/pages\/832","targetHints":{"allow":["GET"]}}],"collection":[{"href":"https:\/\/bioskole.org\/index.php\/wp-json\/wp\/v2\/pages"}],"about":[{"href":"https:\/\/bioskole.org\/index.php\/wp-json\/wp\/v2\/types\/page"}],"author":[{"embeddable":true,"href":"https:\/\/bioskole.org\/index.php\/wp-json\/wp\/v2\/users\/1"}],"replies":[{"embeddable":true,"href":"https:\/\/bioskole.org\/index.php\/wp-json\/wp\/v2\/comments?post=832"}],"version-history":[{"count":23,"href":"https:\/\/bioskole.org\/index.php\/wp-json\/wp\/v2\/pages\/832\/revisions"}],"predecessor-version":[{"id":1129,"href":"https:\/\/bioskole.org\/index.php\/wp-json\/wp\/v2\/pages\/832\/revisions\/1129"}],"wp:attachment":[{"href":"https:\/\/bioskole.org\/index.php\/wp-json\/wp\/v2\/media?parent=832"}],"curies":[{"name":"wp","href":"https:\/\/api.w.org\/{rel}","templated":true}]}}