{"id":536,"date":"2023-07-06T02:07:32","date_gmt":"2023-07-06T01:07:32","guid":{"rendered":"https:\/\/bioskole.org\/?page_id=536"},"modified":"2023-07-12T23:41:59","modified_gmt":"2023-07-12T22:41:59","slug":"kontakti","status":"publish","type":"page","link":"https:\/\/bioskole.org\/index.php\/kontakti\/","title":{"rendered":"Kontakti"},"content":{"rendered":"\t\t<div data-elementor-type=\"wp-page\" data-elementor-id=\"536\" class=\"elementor elementor-536\">\n\t\t\t\t<div class=\"elementor-element elementor-element-c55b167 e-flex e-con-boxed e-con e-parent\" data-id=\"c55b167\" data-element_type=\"container\">\n\t\t\t\t\t<div class=\"e-con-inner\">\n\t\t<div class=\"elementor-element elementor-element-6dcf0b4 e-con-full e-flex e-con e-child\" data-id=\"6dcf0b4\" data-element_type=\"container\">\n\t\t\t\t<div class=\"elementor-element elementor-element-63986c5 elementor-widget elementor-widget-heading\" data-id=\"63986c5\" data-element_type=\"widget\" data-widget_type=\"heading.default\">\n\t\t\t\t<div class=\"elementor-widget-container\">\n\t\t\t\t\t<h2 class=\"elementor-heading-title elementor-size-default\">\u0411\u0438\u043e\u0442\u0435\u0445\u043d\u043e\u043b\u043e\u0448\u043a\u0430 \u0448\u043a\u043e\u043b\u0430 \"\u0428\u0443\u043c\u0430\u0442\u043e\u0432\u0430\u0446\"<\/h2>\t\t\t\t<\/div>\n\t\t\t\t<\/div>\n\t\t\t\t<\/div>\n\t\t<div class=\"elementor-element elementor-element-d2e4a83 e-con-full e-flex e-con e-child\" data-id=\"d2e4a83\" data-element_type=\"container\">\n\t\t\t\t<div class=\"elementor-element elementor-element-a012626 elementor-widget elementor-widget-text-editor\" data-id=\"a012626\" data-element_type=\"widget\" data-widget_type=\"text-editor.default\">\n\t\t\t\t<div class=\"elementor-widget-container\">\n\t\t\t\t\t\t\t\t\t<p>Address:\u00a0<span style=\"color: var( --e-global-color-text ); font-family: var( --e-global-typography-text-font-family ), Sans-serif; font-size: var( --e-global-typography-text-font-size ); font-style: var( --e-global-typography-text-font-style ); font-weight: var( --e-global-typography-text-font-weight ); letter-spacing: var( --e-global-typography-text-letter-spacing ); text-transform: var( --e-global-typography-text-text-transform ); text-align: var(--text-align); background-color: var(--wp--preset--color--background);\">Tihomira \u0110or\u0111evi\u0107a bb, 18210 Aleksinac<\/span><\/p><p>Tel. +381(0)18 800 792<\/p><p>E-mail:\u00a0<strong><span style=\"color: #0000ff;\"><a style=\"color: #0000ff; text-decoration-line: underline; text-underline-offset: 0.25ch;\" href=\"mailto:polskol@medianis.net\">polskol@medianis.n<\/a>et<\/span><\/strong><\/p><p><span style=\"text-decoration: underline;\"><strong><a href=\"https:\/\/sumatovac.edu.rs\"><span style=\"color: #0000ff; text-decoration: underline;\">https:\/\/sumatovac.edu.rs<\/span><\/a><\/strong><\/span><\/p><p>facebook:<\/p><p>\u00a0<span style=\"text-decoration: underline;\"><strong><span style=\"color: #0000ff;\"><a style=\"color: #0000ff; text-decoration: underline;\" href=\"https:\/\/www.facebook.com\/biotehnoloskaskolasumatovac\">https:\/\/www.facebook.com\/biotehnoloskaskolasumatovac<\/a><\/span><\/strong><\/span><\/p><p>Instagram:<\/p><p><strong><span style=\"color: #0000ff;\"><a style=\"color: #0000ff; text-decoration-line: underline; text-underline-offset: 0.25ch;\" href=\"https:\/\/www.instagram.com\/biotehnoloska_skola_sumatovac\">https:\/\/www.instagram.com\/biotehnoloska_skola_sumatovac<\/a><\/span><\/strong><\/p>\t\t\t\t\t\t\t\t<\/div>\n\t\t\t\t<\/div>\n\t\t\t\t<\/div>\n\t\t\t\t\t<\/div>\n\t\t\t\t<\/div>\n\t\t<div class=\"elementor-element elementor-element-2a34c25 e-flex e-con-boxed e-con e-parent\" data-id=\"2a34c25\" data-element_type=\"container\">\n\t\t\t\t\t<div class=\"e-con-inner\">\n\t\t<div class=\"elementor-element elementor-element-12eb99d e-con-full e-flex e-con e-child\" data-id=\"12eb99d\" data-element_type=\"container\">\n\t\t\t\t<div class=\"elementor-element elementor-element-93ae115 elementor-widget elementor-widget-heading\" data-id=\"93ae115\" data-element_type=\"widget\" data-widget_type=\"heading.default\">\n\t\t\t\t<div class=\"elementor-widget-container\">\n\t\t\t\t\t<h2 class=\"elementor-heading-title elementor-size-default\">Biotehni\u0161ka \u0161ola Maribor<\/h2>\t\t\t\t<\/div>\n\t\t\t\t<\/div>\n\t\t\t\t<\/div>\n\t\t<div class=\"elementor-element elementor-element-f784e2e e-con-full e-flex e-con e-child\" data-id=\"f784e2e\" data-element_type=\"container\">\n\t\t\t\t<div class=\"elementor-element elementor-element-d4a1856 elementor-widget elementor-widget-text-editor\" data-id=\"d4a1856\" data-element_type=\"widget\" data-widget_type=\"text-editor.default\">\n\t\t\t\t<div class=\"elementor-widget-container\">\n\t\t\t\t\t\t\t\t\t<p>Address:\u00a0<span style=\"color: var( --e-global-color-text ); font-family: var( --e-global-typography-text-font-family ), Sans-serif; font-size: var( --e-global-typography-text-font-size ); font-style: var( --e-global-typography-text-font-style ); font-weight: var( --e-global-typography-text-font-weight ); letter-spacing: var( --e-global-typography-text-letter-spacing ); text-transform: var( --e-global-typography-text-text-transform ); text-align: var(--text-align); background-color: var(--wp--preset--color--background);\">Vrbanska cesta 30, 2000 Maribor<\/span><\/p><p>Tel. +386(0)2235 37 00<\/p><p>E-mail: <strong><span style=\"color: #0000ff;\"><a style=\"color: #0000ff; text-decoration: underline;\" href=\"mailto:info@bts.si\">info@bts.si<\/a><\/span><\/strong><\/p><p><span style=\"color: #0000ff;\"><a style=\"color: #0000ff; text-decoration-line: underline; text-underline-offset: 0.25ch;\" href=\"https:\/\/www.bts.si\/\" target=\"_blank\" rel=\"noopener\"><strong>https:\/\/www.bts.si<\/strong><\/a><\/span><\/p><p>facebook:\u00a0<span style=\"text-decoration: underline;\"><strong><a style=\"font-family: var( --e-global-typography-text-font-family ), Sans-serif; font-size: var( --e-global-typography-text-font-size ); font-style: var( --e-global-typography-text-font-style ); letter-spacing: var( --e-global-typography-text-letter-spacing ); text-transform: var( --e-global-typography-text-text-transform ); text-align: var(--text-align); background-color: var(--wp--preset--color--background); color: #0000ff; text-underline-offset: 0.25ch; text-decoration: underline;\" href=\"https:\/\/www.facebook.com\/btsmb\">https:\/\/www.facebook.com\/btsmb<\/a><\/strong><\/span><\/p><p>Instagram:\u00a0<span style=\"color: #0000ff;\"><a style=\"font-family: var( --e-global-typography-text-font-family ), Sans-serif; font-size: var( --e-global-typography-text-font-size ); font-style: var( --e-global-typography-text-font-style ); font-weight: var( --e-global-typography-text-font-weight ); letter-spacing: var( --e-global-typography-text-letter-spacing ); text-transform: var( --e-global-typography-text-text-transform ); text-align: var(--text-align); background-color: var(--wp--preset--color--background); color: #0000ff; text-underline-offset: 0.25ch; text-decoration: underline;\" href=\"https:\/\/www.instagram.com\/bts_maribor\"><strong>https:\/\/www.instagram.com\/bts_maribor<\/strong><\/a><\/span><\/p>\t\t\t\t\t\t\t\t<\/div>\n\t\t\t\t<\/div>\n\t\t\t\t<\/div>\n\t\t\t\t\t<\/div>\n\t\t\t\t<\/div>\n\t\t<div class=\"elementor-element elementor-element-dfc2875 e-flex e-con-boxed e-con e-parent\" data-id=\"dfc2875\" data-element_type=\"container\">\n\t\t\t\t\t<div class=\"e-con-inner\">\n\t\t<div class=\"elementor-element elementor-element-4b77999 e-con-full e-flex e-con e-child\" data-id=\"4b77999\" data-element_type=\"container\">\n\t\t\t\t<div class=\"elementor-element elementor-element-4969b1b elementor-widget elementor-widget-heading\" data-id=\"4969b1b\" data-element_type=\"widget\" data-widget_type=\"heading.default\">\n\t\t\t\t<div class=\"elementor-widget-container\">\n\t\t\t\t\t<h2 class=\"elementor-heading-title elementor-size-default\">Gospodarska \u0161kola \u010cakovec<\/h2>\t\t\t\t<\/div>\n\t\t\t\t<\/div>\n\t\t\t\t<\/div>\n\t\t<div class=\"elementor-element elementor-element-36562a6 e-con-full e-flex e-con e-child\" data-id=\"36562a6\" data-element_type=\"container\">\n\t\t\t\t<div class=\"elementor-element elementor-element-e576573 elementor-widget elementor-widget-text-editor\" data-id=\"e576573\" data-element_type=\"widget\" data-widget_type=\"text-editor.default\">\n\t\t\t\t<div class=\"elementor-widget-container\">\n\t\t\t\t\t\t\t\t\t<p>Address:\u00a0<span style=\"color: var( --e-global-color-text ); font-family: var( --e-global-typography-text-font-family ), Sans-serif; font-size: var( --e-global-typography-text-font-size ); font-style: var( --e-global-typography-text-font-style ); font-weight: var( --e-global-typography-text-font-weight ); letter-spacing: var( --e-global-typography-text-letter-spacing ); text-transform: var( --e-global-typography-text-text-transform ); text-align: var(--text-align); background-color: var(--wp--preset--color--background);\">Vladimira Nazora 38, \u010cakovec<\/span><\/p><p>Tel. +385(0)40 395 302<\/p><p>E-mail: <span style=\"text-decoration: underline;\"><strong><span style=\"color: #0000ff;\"><a style=\"color: #0000ff; text-decoration: underline;\" href=\"mailto:gospodarska@gospodarskaskola.hr\">gospodarska@gospodarskaskola.hr<\/a><\/span><\/strong><\/span><\/p><p><span style=\"text-decoration: underline;\"><a href=\"https:\/\/www.gospodarskaskola.hr\"><strong><span style=\"color: #0000ff; text-decoration: underline;\">https:\/\/www.gospodarskaskola.hr<\/span><\/strong><\/a><\/span><\/p><p>facebook:\u00a0<\/p><p>\u00a0<strong><span style=\"color: #0000ff;\"><a style=\"color: #0000ff; text-decoration: underline;\" href=\"https:\/\/www.facebook.com\/gospodarskaskolacakovec\">https:\/\/www.facebook.com\/gospodarskaskolacakovec<\/a><\/span><\/strong><\/p><p>Instagram:\u00a0<span style=\"color: #0000ff;\"><strong><a style=\"color: #0000ff; text-decoration: underline;\" href=\"https:\/\/www.instagram.com\/gs_cakovec\">https:\/\/www.instagram.com\/gs_cakovec<\/a><\/strong><\/span><\/p>\t\t\t\t\t\t\t\t<\/div>\n\t\t\t\t<\/div>\n\t\t\t\t<\/div>\n\t\t\t\t\t<\/div>\n\t\t\t\t<\/div>\n\t\t\t\t<\/div>\n\t\t","protected":false},"excerpt":{"rendered":"<p>\u0411\u0438\u043e\u0442\u0435\u0445\u043d\u043e\u043b\u043e\u0448\u043a\u0430 \u0448\u043a\u043e\u043b\u0430 &#8220;\u0428\u0443\u043c\u0430\u0442\u043e\u0432\u0430\u0446&#8221; Address:\u00a0Tihomira \u0110or\u0111evi\u0107a bb, 18210 Aleksinac Tel. +381(0)18 800 792 E-mail:\u00a0polskol@medianis.net https:\/\/sumatovac.edu.rs facebook: \u00a0https:\/\/www.facebook.com\/biotehnoloskaskolasumatovac Instagram: https:\/\/www.instagram.com\/biotehnoloska_skola_sumatovac Biotehni\u0161ka \u0161ola Maribor Address:\u00a0Vrbanska cesta 30, 2000 Maribor Tel. +386(0)2235 37 00 E-mail: info@bts.si https:\/\/www.bts.si facebook:\u00a0https:\/\/www.facebook.com\/btsmb Instagram:\u00a0https:\/\/www.instagram.com\/bts_maribor Gospodarska \u0161kola \u010cakovec Address:\u00a0Vladimira Nazora 38, \u010cakovec Tel. +385(0)40 395 302 E-mail: gospodarska@gospodarskaskola.hr https:\/\/www.gospodarskaskola.hr facebook:\u00a0 \u00a0https:\/\/www.facebook.com\/gospodarskaskolacakovec Instagram:\u00a0https:\/\/www.instagram.com\/gs_cakovec<\/p>\n","protected":false},"author":1,"featured_media":0,"parent":0,"menu_order":0,"comment_status":"closed","ping_status":"closed","template":"","meta":{"footnotes":""},"class_list":["post-536","page","type-page","status-publish","hentry"],"yoast_head":"<!-- This site is optimized with the Yoast SEO plugin v26.6 - https:\/\/yoast.com\/wordpress\/plugins\/seo\/ -->\n<title>Kontakti - Bio \u0161ole<\/title>\n<meta name=\"robots\" content=\"index, follow, max-snippet:-1, max-image-preview:large, max-video-preview:-1\" \/>\n<link rel=\"canonical\" href=\"https:\/\/bioskole.org\/index.php\/kontakti\/\" \/>\n<meta property=\"og:locale\" content=\"en_US\" \/>\n<meta property=\"og:type\" content=\"article\" \/>\n<meta property=\"og:title\" content=\"Kontakti - Bio \u0161ole\" \/>\n<meta property=\"og:description\" content=\"\u0411\u0438\u043e\u0442\u0435\u0445\u043d\u043e\u043b\u043e\u0448\u043a\u0430 \u0448\u043a\u043e\u043b\u0430 &#8220;\u0428\u0443\u043c\u0430\u0442\u043e\u0432\u0430\u0446&#8221; Address:\u00a0Tihomira \u0110or\u0111evi\u0107a bb, 18210 Aleksinac Tel. +381(0)18 800 792 E-mail:\u00a0polskol@medianis.net https:\/\/sumatovac.edu.rs facebook: \u00a0https:\/\/www.facebook.com\/biotehnoloskaskolasumatovac Instagram: https:\/\/www.instagram.com\/biotehnoloska_skola_sumatovac Biotehni\u0161ka \u0161ola Maribor Address:\u00a0Vrbanska cesta 30, 2000 Maribor Tel. +386(0)2235 37 00 E-mail: info@bts.si https:\/\/www.bts.si facebook:\u00a0https:\/\/www.facebook.com\/btsmb Instagram:\u00a0https:\/\/www.instagram.com\/bts_maribor Gospodarska \u0161kola \u010cakovec Address:\u00a0Vladimira Nazora 38, \u010cakovec Tel. +385(0)40 395 302 E-mail: gospodarska@gospodarskaskola.hr https:\/\/www.gospodarskaskola.hr facebook:\u00a0 \u00a0https:\/\/www.facebook.com\/gospodarskaskolacakovec Instagram:\u00a0https:\/\/www.instagram.com\/gs_cakovec\" \/>\n<meta property=\"og:url\" content=\"https:\/\/bioskole.org\/index.php\/kontakti\/\" \/>\n<meta property=\"og:site_name\" content=\"Bio \u0161ole\" \/>\n<meta property=\"article:modified_time\" content=\"2023-07-12T22:41:59+00:00\" \/>\n<meta name=\"twitter:card\" content=\"summary_large_image\" \/>\n<meta name=\"twitter:label1\" content=\"Est. reading time\" \/>\n\t<meta name=\"twitter:data1\" content=\"1 minute\" \/>\n<script type=\"application\/ld+json\" class=\"yoast-schema-graph\">{\"@context\":\"https:\/\/schema.org\",\"@graph\":[{\"@type\":\"WebPage\",\"@id\":\"https:\/\/bioskole.org\/index.php\/kontakti\/\",\"url\":\"https:\/\/bioskole.org\/index.php\/kontakti\/\",\"name\":\"Kontakti - Bio \u0161ole\",\"isPartOf\":{\"@id\":\"https:\/\/bioskole.org\/#website\"},\"datePublished\":\"2023-07-06T01:07:32+00:00\",\"dateModified\":\"2023-07-12T22:41:59+00:00\",\"breadcrumb\":{\"@id\":\"https:\/\/bioskole.org\/index.php\/kontakti\/#breadcrumb\"},\"inLanguage\":\"en-US\",\"potentialAction\":[{\"@type\":\"ReadAction\",\"target\":[\"https:\/\/bioskole.org\/index.php\/kontakti\/\"]}]},{\"@type\":\"BreadcrumbList\",\"@id\":\"https:\/\/bioskole.org\/index.php\/kontakti\/#breadcrumb\",\"itemListElement\":[{\"@type\":\"ListItem\",\"position\":1,\"name\":\"\u041f\u043e\u0447\u0435\u0442\u043d\u0430\",\"item\":\"https:\/\/bioskole.org\/\"},{\"@type\":\"ListItem\",\"position\":2,\"name\":\"Kontakti\"}]},{\"@type\":\"WebSite\",\"@id\":\"https:\/\/bioskole.org\/#website\",\"url\":\"https:\/\/bioskole.org\/\",\"name\":\"Bio \u0161ole\",\"description\":\"\",\"potentialAction\":[{\"@type\":\"SearchAction\",\"target\":{\"@type\":\"EntryPoint\",\"urlTemplate\":\"https:\/\/bioskole.org\/?s={search_term_string}\"},\"query-input\":{\"@type\":\"PropertyValueSpecification\",\"valueRequired\":true,\"valueName\":\"search_term_string\"}}],\"inLanguage\":\"en-US\"}]}<\/script>\n<!-- \/ Yoast SEO plugin. -->","yoast_head_json":{"title":"Kontakti - Bio \u0161ole","robots":{"index":"index","follow":"follow","max-snippet":"max-snippet:-1","max-image-preview":"max-image-preview:large","max-video-preview":"max-video-preview:-1"},"canonical":"https:\/\/bioskole.org\/index.php\/kontakti\/","og_locale":"en_US","og_type":"article","og_title":"Kontakti - Bio \u0161ole","og_description":"\u0411\u0438\u043e\u0442\u0435\u0445\u043d\u043e\u043b\u043e\u0448\u043a\u0430 \u0448\u043a\u043e\u043b\u0430 &#8220;\u0428\u0443\u043c\u0430\u0442\u043e\u0432\u0430\u0446&#8221; Address:\u00a0Tihomira \u0110or\u0111evi\u0107a bb, 18210 Aleksinac Tel. +381(0)18 800 792 E-mail:\u00a0polskol@medianis.net https:\/\/sumatovac.edu.rs facebook: \u00a0https:\/\/www.facebook.com\/biotehnoloskaskolasumatovac Instagram: https:\/\/www.instagram.com\/biotehnoloska_skola_sumatovac Biotehni\u0161ka \u0161ola Maribor Address:\u00a0Vrbanska cesta 30, 2000 Maribor Tel. +386(0)2235 37 00 E-mail: info@bts.si https:\/\/www.bts.si facebook:\u00a0https:\/\/www.facebook.com\/btsmb Instagram:\u00a0https:\/\/www.instagram.com\/bts_maribor Gospodarska \u0161kola \u010cakovec Address:\u00a0Vladimira Nazora 38, \u010cakovec Tel. +385(0)40 395 302 E-mail: gospodarska@gospodarskaskola.hr https:\/\/www.gospodarskaskola.hr facebook:\u00a0 \u00a0https:\/\/www.facebook.com\/gospodarskaskolacakovec Instagram:\u00a0https:\/\/www.instagram.com\/gs_cakovec","og_url":"https:\/\/bioskole.org\/index.php\/kontakti\/","og_site_name":"Bio \u0161ole","article_modified_time":"2023-07-12T22:41:59+00:00","twitter_card":"summary_large_image","twitter_misc":{"Est. reading time":"1 minute"},"schema":{"@context":"https:\/\/schema.org","@graph":[{"@type":"WebPage","@id":"https:\/\/bioskole.org\/index.php\/kontakti\/","url":"https:\/\/bioskole.org\/index.php\/kontakti\/","name":"Kontakti - Bio \u0161ole","isPartOf":{"@id":"https:\/\/bioskole.org\/#website"},"datePublished":"2023-07-06T01:07:32+00:00","dateModified":"2023-07-12T22:41:59+00:00","breadcrumb":{"@id":"https:\/\/bioskole.org\/index.php\/kontakti\/#breadcrumb"},"inLanguage":"en-US","potentialAction":[{"@type":"ReadAction","target":["https:\/\/bioskole.org\/index.php\/kontakti\/"]}]},{"@type":"BreadcrumbList","@id":"https:\/\/bioskole.org\/index.php\/kontakti\/#breadcrumb","itemListElement":[{"@type":"ListItem","position":1,"name":"\u041f\u043e\u0447\u0435\u0442\u043d\u0430","item":"https:\/\/bioskole.org\/"},{"@type":"ListItem","position":2,"name":"Kontakti"}]},{"@type":"WebSite","@id":"https:\/\/bioskole.org\/#website","url":"https:\/\/bioskole.org\/","name":"Bio \u0161ole","description":"","potentialAction":[{"@type":"SearchAction","target":{"@type":"EntryPoint","urlTemplate":"https:\/\/bioskole.org\/?s={search_term_string}"},"query-input":{"@type":"PropertyValueSpecification","valueRequired":true,"valueName":"search_term_string"}}],"inLanguage":"en-US"}]}},"_links":{"self":[{"href":"https:\/\/bioskole.org\/index.php\/wp-json\/wp\/v2\/pages\/536","targetHints":{"allow":["GET"]}}],"collection":[{"href":"https:\/\/bioskole.org\/index.php\/wp-json\/wp\/v2\/pages"}],"about":[{"href":"https:\/\/bioskole.org\/index.php\/wp-json\/wp\/v2\/types\/page"}],"author":[{"embeddable":true,"href":"https:\/\/bioskole.org\/index.php\/wp-json\/wp\/v2\/users\/1"}],"replies":[{"embeddable":true,"href":"https:\/\/bioskole.org\/index.php\/wp-json\/wp\/v2\/comments?post=536"}],"version-history":[{"count":11,"href":"https:\/\/bioskole.org\/index.php\/wp-json\/wp\/v2\/pages\/536\/revisions"}],"predecessor-version":[{"id":1041,"href":"https:\/\/bioskole.org\/index.php\/wp-json\/wp\/v2\/pages\/536\/revisions\/1041"}],"wp:attachment":[{"href":"https:\/\/bioskole.org\/index.php\/wp-json\/wp\/v2\/media?parent=536"}],"curies":[{"name":"wp","href":"https:\/\/api.w.org\/{rel}","templated":true}]}}