{"id":522,"date":"2023-07-06T01:31:50","date_gmt":"2023-07-06T00:31:50","guid":{"rendered":"https:\/\/bioskole.org\/?page_id=522"},"modified":"2023-07-10T03:33:37","modified_gmt":"2023-07-10T02:33:37","slug":"vino_si","status":"publish","type":"page","link":"https:\/\/bioskole.org\/index.php\/vino_si\/","title":{"rendered":"Vino_si"},"content":{"rendered":"\t\t<div data-elementor-type=\"wp-page\" data-elementor-id=\"522\" class=\"elementor elementor-522\">\n\t\t\t\t<div class=\"elementor-element elementor-element-77b209c e-grid e-con-boxed e-con e-parent\" data-id=\"77b209c\" data-element_type=\"container\">\n\t\t\t\t\t<div class=\"e-con-inner\">\n\t\t\t\t<div class=\"elementor-element elementor-element-83be5fc elementor-align-center elementor-widget elementor-widget-button\" data-id=\"83be5fc\" data-element_type=\"widget\" data-widget_type=\"button.default\">\n\t\t\t\t<div class=\"elementor-widget-container\">\n\t\t\t\t\t\t\t\t\t<div class=\"elementor-button-wrapper\">\n\t\t\t\t\t<a class=\"elementor-button elementor-button-link elementor-size-sm\" href=\"https:\/\/bioskole.org\/index.php\/jagode_si\/\">\n\t\t\t\t\t\t<span class=\"elementor-button-content-wrapper\">\n\t\t\t\t\t\t\t\t\t<span class=\"elementor-button-text\">Jagode<\/span>\n\t\t\t\t\t<\/span>\n\t\t\t\t\t<\/a>\n\t\t\t\t<\/div>\n\t\t\t\t\t\t\t\t<\/div>\n\t\t\t\t<\/div>\n\t\t\t\t<div class=\"elementor-element elementor-element-160504c elementor-align-center elementor-widget elementor-widget-button\" data-id=\"160504c\" data-element_type=\"widget\" data-widget_type=\"button.default\">\n\t\t\t\t<div class=\"elementor-widget-container\">\n\t\t\t\t\t\t\t\t\t<div class=\"elementor-button-wrapper\">\n\t\t\t\t\t<a class=\"elementor-button elementor-button-link elementor-size-sm\" href=\"https:\/\/bioskole.org\/index.php\/vino_si\/\">\n\t\t\t\t\t\t<span class=\"elementor-button-content-wrapper\">\n\t\t\t\t\t\t\t\t\t<span class=\"elementor-button-text\">Vino<\/span>\n\t\t\t\t\t<\/span>\n\t\t\t\t\t<\/a>\n\t\t\t\t<\/div>\n\t\t\t\t\t\t\t\t<\/div>\n\t\t\t\t<\/div>\n\t\t\t\t<div class=\"elementor-element elementor-element-10e3349 elementor-align-center elementor-widget elementor-widget-button\" data-id=\"10e3349\" data-element_type=\"widget\" data-widget_type=\"button.default\">\n\t\t\t\t<div class=\"elementor-widget-container\">\n\t\t\t\t\t\t\t\t\t<div class=\"elementor-button-wrapper\">\n\t\t\t\t\t<a class=\"elementor-button elementor-button-link elementor-size-sm\" href=\"https:\/\/bioskole.org\/index.php\/Jabolka_si\/\">\n\t\t\t\t\t\t<span class=\"elementor-button-content-wrapper\">\n\t\t\t\t\t\t\t\t\t<span class=\"elementor-button-text\">Jabolka<\/span>\n\t\t\t\t\t<\/span>\n\t\t\t\t\t<\/a>\n\t\t\t\t<\/div>\n\t\t\t\t\t\t\t\t<\/div>\n\t\t\t\t<\/div>\n\t\t\t\t<div class=\"elementor-element elementor-element-b3a0a36 elementor-align-center elementor-widget elementor-widget-button\" data-id=\"b3a0a36\" data-element_type=\"widget\" data-widget_type=\"button.default\">\n\t\t\t\t<div class=\"elementor-widget-container\">\n\t\t\t\t\t\t\t\t\t<div class=\"elementor-button-wrapper\">\n\t\t\t\t\t<a class=\"elementor-button elementor-button-link elementor-size-sm\" href=\"https:\/\/bioskole.org\/index.php\/Galerija\/\">\n\t\t\t\t\t\t<span class=\"elementor-button-content-wrapper\">\n\t\t\t\t\t\t\t\t\t<span class=\"elementor-button-text\">Galerija<\/span>\n\t\t\t\t\t<\/span>\n\t\t\t\t\t<\/a>\n\t\t\t\t<\/div>\n\t\t\t\t\t\t\t\t<\/div>\n\t\t\t\t<\/div>\n\t\t\t\t<div class=\"elementor-element elementor-element-53b50fe elementor-align-center elementor-widget elementor-widget-button\" data-id=\"53b50fe\" data-element_type=\"widget\" data-widget_type=\"button.default\">\n\t\t\t\t<div class=\"elementor-widget-container\">\n\t\t\t\t\t\t\t\t\t<div class=\"elementor-button-wrapper\">\n\t\t\t\t\t<a class=\"elementor-button elementor-button-link elementor-size-sm\" href=\"https:\/\/bioskole.org\/index.php\/Kontakt\/\">\n\t\t\t\t\t\t<span class=\"elementor-button-content-wrapper\">\n\t\t\t\t\t\t\t\t\t<span class=\"elementor-button-text\">Kontakt<\/span>\n\t\t\t\t\t<\/span>\n\t\t\t\t\t<\/a>\n\t\t\t\t<\/div>\n\t\t\t\t\t\t\t\t<\/div>\n\t\t\t\t<\/div>\n\t\t\t\t<div class=\"elementor-element elementor-element-15f6c1e elementor-align-center elementor-widget elementor-widget-button\" data-id=\"15f6c1e\" data-element_type=\"widget\" data-widget_type=\"button.default\">\n\t\t\t\t<div class=\"elementor-widget-container\">\n\t\t\t\t\t\t\t\t\t<div class=\"elementor-button-wrapper\">\n\t\t\t\t\t<a class=\"elementor-button elementor-button-link elementor-size-sm\" href=\"https:\/\/bioskole.org\/index.php\/start-si\/\">\n\t\t\t\t\t\t<span class=\"elementor-button-content-wrapper\">\n\t\t\t\t\t\t\t\t\t<span class=\"elementor-button-text\">Doma\u010da<\/span>\n\t\t\t\t\t<\/span>\n\t\t\t\t\t<\/a>\n\t\t\t\t<\/div>\n\t\t\t\t\t\t\t\t<\/div>\n\t\t\t\t<\/div>\n\t\t\t\t<div class=\"elementor-element elementor-element-a3fea17 elementor-align-center elementor-widget elementor-widget-button\" data-id=\"a3fea17\" data-element_type=\"widget\" data-widget_type=\"button.default\">\n\t\t\t\t<div class=\"elementor-widget-container\">\n\t\t\t\t\t\t\t\t\t<div class=\"elementor-button-wrapper\">\n\t\t\t\t\t<a class=\"elementor-button elementor-button-link elementor-size-sm\" href=\"https:\/\/bioskole.org\/index.php\/Publikacije\/\">\n\t\t\t\t\t\t<span class=\"elementor-button-content-wrapper\">\n\t\t\t\t\t\t\t\t\t<span class=\"elementor-button-text\">Publikacije<\/span>\n\t\t\t\t\t<\/span>\n\t\t\t\t\t<\/a>\n\t\t\t\t<\/div>\n\t\t\t\t\t\t\t\t<\/div>\n\t\t\t\t<\/div>\n\t\t\t\t\t<\/div>\n\t\t\t\t<\/div>\n\t\t<div class=\"elementor-element elementor-element-d428329 e-flex e-con-boxed e-con e-parent\" data-id=\"d428329\" data-element_type=\"container\">\n\t\t\t\t\t<div class=\"e-con-inner\">\n\t\t\t\t<div class=\"elementor-element elementor-element-cf2855a elementor-widget__width-initial elementor-widget elementor-widget-heading\" data-id=\"cf2855a\" data-element_type=\"widget\" data-widget_type=\"heading.default\">\n\t\t\t\t<div class=\"elementor-widget-container\">\n\t\t\t\t\t<h1 class=\"elementor-heading-title elementor-size-default\">Vinogradni\u0161tvo in pridelava vina<\/h1>\t\t\t\t<\/div>\n\t\t\t\t<\/div>\n\t\t\t\t\t<\/div>\n\t\t\t\t<\/div>\n\t\t<div class=\"elementor-element elementor-element-4a68e37 e-flex e-con-boxed e-con e-parent\" data-id=\"4a68e37\" data-element_type=\"container\">\n\t\t\t\t\t<div class=\"e-con-inner\">\n\t\t<div class=\"elementor-element elementor-element-2878882 e-con-full e-flex e-con e-child\" data-id=\"2878882\" data-element_type=\"container\">\n\t\t\t\t<div class=\"elementor-element elementor-element-fc2f2b3 elementor-widget elementor-widget-text-editor\" data-id=\"fc2f2b3\" data-element_type=\"widget\" data-widget_type=\"text-editor.default\">\n\t\t\t\t<div class=\"elementor-widget-container\">\n\t\t\t\t\t\t\t\t\t<p style=\"text-align: center;\">Spremljanje dozorevanja grozdja<\/p>\t\t\t\t\t\t\t\t<\/div>\n\t\t\t\t<\/div>\n\t\t\t\t<\/div>\n\t\t<div class=\"elementor-element elementor-element-da36ee1 e-con-full e-flex e-con e-child\" data-id=\"da36ee1\" data-element_type=\"container\">\n\t\t\t\t<div class=\"elementor-element elementor-element-ac12db1 elementor-widget elementor-widget-video\" data-id=\"ac12db1\" data-element_type=\"widget\" data-settings=\"{&quot;video_type&quot;:&quot;hosted&quot;,&quot;controls&quot;:&quot;yes&quot;}\" data-widget_type=\"video.default\">\n\t\t\t\t<div class=\"elementor-widget-container\">\n\t\t\t\t\t\t\t<div class=\"e-hosted-video elementor-wrapper elementor-open-inline\">\n\t\t\t\t\t<video class=\"elementor-video\" src=\"https:\/\/bioskole.org\/wp-content\/uploads\/2023\/07\/2.ESpremljanje-dozorevanja-grozdja.mp4\" controls=\"\" preload=\"metadata\" controlsList=\"nodownload\"><\/video>\n\t\t\t\t<\/div>\n\t\t\t\t\t\t<\/div>\n\t\t\t\t<\/div>\n\t\t\t\t<\/div>\n\t\t\t\t\t<\/div>\n\t\t\t\t<\/div>\n\t\t<div class=\"elementor-element elementor-element-ca751f7 e-flex e-con-boxed e-con e-parent\" data-id=\"ca751f7\" data-element_type=\"container\">\n\t\t\t\t\t<div class=\"e-con-inner\">\n\t\t<div class=\"elementor-element elementor-element-fafaa32 e-con-full e-flex e-con e-child\" data-id=\"fafaa32\" data-element_type=\"container\">\n\t\t\t\t<div class=\"elementor-element elementor-element-7729668 elementor-widget elementor-widget-text-editor\" data-id=\"7729668\" data-element_type=\"widget\" data-widget_type=\"text-editor.default\">\n\t\t\t\t<div class=\"elementor-widget-container\">\n\t\t\t\t\t\t\t\t\t<p>Tehnologija pridelave belega in rde\u010dega vina<\/p>\t\t\t\t\t\t\t\t<\/div>\n\t\t\t\t<\/div>\n\t\t\t\t<\/div>\n\t\t<div class=\"elementor-element elementor-element-098c910 e-con-full e-flex e-con e-child\" data-id=\"098c910\" data-element_type=\"container\">\n\t\t\t\t<div class=\"elementor-element elementor-element-95df3fd elementor-widget elementor-widget-video\" data-id=\"95df3fd\" data-element_type=\"widget\" data-settings=\"{&quot;video_type&quot;:&quot;hosted&quot;,&quot;controls&quot;:&quot;yes&quot;}\" data-widget_type=\"video.default\">\n\t\t\t\t<div class=\"elementor-widget-container\">\n\t\t\t\t\t\t\t<div class=\"e-hosted-video elementor-wrapper elementor-open-inline\">\n\t\t\t\t\t<video class=\"elementor-video\" src=\"https:\/\/bioskole.org\/wp-content\/uploads\/2023\/07\/2.ETehnologija-belo-in-rdece.mp4\" controls=\"\" preload=\"metadata\" controlsList=\"nodownload\"><\/video>\n\t\t\t\t<\/div>\n\t\t\t\t\t\t<\/div>\n\t\t\t\t<\/div>\n\t\t\t\t<\/div>\n\t\t\t\t\t<\/div>\n\t\t\t\t<\/div>\n\t\t<div class=\"elementor-element elementor-element-66c2e06 e-flex e-con-boxed e-con e-parent\" data-id=\"66c2e06\" data-element_type=\"container\">\n\t\t\t\t\t<div class=\"e-con-inner\">\n\t\t\t\t<div class=\"elementor-element elementor-element-f4b0894 elementor-widget elementor-widget-heading\" data-id=\"f4b0894\" data-element_type=\"widget\" data-widget_type=\"heading.default\">\n\t\t\t\t<div class=\"elementor-widget-container\">\n\t\t\t\t\t<h2 class=\"elementor-heading-title elementor-size-default\">Zrelost grozdja<\/h2>\t\t\t\t<\/div>\n\t\t\t\t<\/div>\n\t\t\t\t\t<\/div>\n\t\t\t\t<\/div>\n\t\t<div class=\"elementor-element elementor-element-f4155f4 e-flex e-con-boxed e-con e-parent\" data-id=\"f4155f4\" data-element_type=\"container\">\n\t\t\t\t\t<div class=\"e-con-inner\">\n\t\t\t\t<div class=\"elementor-element elementor-element-fce5554 elementor-widget elementor-widget-image\" data-id=\"fce5554\" data-element_type=\"widget\" data-widget_type=\"image.default\">\n\t\t\t\t<div class=\"elementor-widget-container\">\n\t\t\t\t\t\t\t\t\t\t\t\t\t\t\t<img fetchpriority=\"high\" decoding=\"async\" width=\"600\" height=\"269\" src=\"https:\/\/bioskole.org\/wp-content\/uploads\/2023\/07\/Zrelost_grozdjaWeb.jpg\" class=\"attachment-large size-large wp-image-752\" alt=\"\" srcset=\"https:\/\/bioskole.org\/wp-content\/uploads\/2023\/07\/Zrelost_grozdjaWeb.jpg 600w, https:\/\/bioskole.org\/wp-content\/uploads\/2023\/07\/Zrelost_grozdjaWeb-300x135.jpg 300w\" sizes=\"(max-width: 600px) 100vw, 600px\" \/>\t\t\t\t\t\t\t\t\t\t\t\t\t\t\t<\/div>\n\t\t\t\t<\/div>\n\t\t\t\t\t<\/div>\n\t\t\t\t<\/div>\n\t\t<div class=\"elementor-element elementor-element-bd37ab8 e-flex e-con-boxed e-con e-parent\" data-id=\"bd37ab8\" data-element_type=\"container\">\n\t\t\t\t\t<div class=\"e-con-inner\">\n\t\t\t\t<div class=\"elementor-element elementor-element-9c5c314 elementor-widget elementor-widget-heading\" data-id=\"9c5c314\" data-element_type=\"widget\" data-widget_type=\"heading.default\">\n\t\t\t\t<div class=\"elementor-widget-container\">\n\t\t\t\t\t<h2 class=\"elementor-heading-title elementor-size-default\">Shranjevanje vina<\/h2>\t\t\t\t<\/div>\n\t\t\t\t<\/div>\n\t\t\t\t\t<\/div>\n\t\t\t\t<\/div>\n\t\t<div class=\"elementor-element elementor-element-1d46270 e-flex e-con-boxed e-con e-parent\" data-id=\"1d46270\" data-element_type=\"container\">\n\t\t\t\t\t<div class=\"e-con-inner\">\n\t\t\t\t<div class=\"elementor-element elementor-element-6f23cb9 elementor-widget elementor-widget-image\" data-id=\"6f23cb9\" data-element_type=\"widget\" data-widget_type=\"image.default\">\n\t\t\t\t<div class=\"elementor-widget-container\">\n\t\t\t\t\t\t\t\t\t\t\t\t\t\t\t<img decoding=\"async\" width=\"600\" height=\"253\" src=\"https:\/\/bioskole.org\/wp-content\/uploads\/2023\/07\/PodrumWeb.jpg\" class=\"attachment-large size-large wp-image-753\" alt=\"\" srcset=\"https:\/\/bioskole.org\/wp-content\/uploads\/2023\/07\/PodrumWeb.jpg 600w, https:\/\/bioskole.org\/wp-content\/uploads\/2023\/07\/PodrumWeb-300x127.jpg 300w\" sizes=\"(max-width: 600px) 100vw, 600px\" \/>\t\t\t\t\t\t\t\t\t\t\t\t\t\t\t<\/div>\n\t\t\t\t<\/div>\n\t\t\t\t\t<\/div>\n\t\t\t\t<\/div>\n\t\t<div class=\"elementor-element elementor-element-3b1db7d e-flex e-con-boxed e-con e-parent\" data-id=\"3b1db7d\" data-element_type=\"container\">\n\t\t\t\t\t<div class=\"e-con-inner\">\n\t\t\t\t<div class=\"elementor-element elementor-element-2c49b01 elementor-widget elementor-widget-heading\" data-id=\"2c49b01\" data-element_type=\"widget\" data-widget_type=\"heading.default\">\n\t\t\t\t<div class=\"elementor-widget-container\">\n\t\t\t\t\t<h2 class=\"elementor-heading-title elementor-size-default\">Enolo\u0161ki laboratorij<\/h2>\t\t\t\t<\/div>\n\t\t\t\t<\/div>\n\t\t\t\t\t<\/div>\n\t\t\t\t<\/div>\n\t\t<div class=\"elementor-element elementor-element-04de091 e-flex e-con-boxed e-con e-parent\" data-id=\"04de091\" data-element_type=\"container\">\n\t\t\t\t\t<div class=\"e-con-inner\">\n\t\t\t\t<div class=\"elementor-element elementor-element-126bf81 elementor-widget elementor-widget-image\" data-id=\"126bf81\" data-element_type=\"widget\" data-widget_type=\"image.default\">\n\t\t\t\t<div class=\"elementor-widget-container\">\n\t\t\t\t\t\t\t\t\t\t\t\t\t\t\t<img decoding=\"async\" width=\"600\" height=\"214\" src=\"https:\/\/bioskole.org\/wp-content\/uploads\/2023\/07\/Enoloska_laboratorijaWeb.jpg\" class=\"attachment-large size-large wp-image-754\" alt=\"\" srcset=\"https:\/\/bioskole.org\/wp-content\/uploads\/2023\/07\/Enoloska_laboratorijaWeb.jpg 600w, https:\/\/bioskole.org\/wp-content\/uploads\/2023\/07\/Enoloska_laboratorijaWeb-300x107.jpg 300w\" sizes=\"(max-width: 600px) 100vw, 600px\" \/>\t\t\t\t\t\t\t\t\t\t\t\t\t\t\t<\/div>\n\t\t\t\t<\/div>\n\t\t\t\t\t<\/div>\n\t\t\t\t<\/div>\n\t\t<div class=\"elementor-element elementor-element-ef7faa3 e-flex e-con-boxed e-con e-parent\" data-id=\"ef7faa3\" data-element_type=\"container\">\n\t\t\t\t\t<div class=\"e-con-inner\">\n\t\t\t\t<div class=\"elementor-element elementor-element-f708d8a elementor-widget elementor-widget-heading\" data-id=\"f708d8a\" data-element_type=\"widget\" data-widget_type=\"heading.default\">\n\t\t\t\t<div class=\"elementor-widget-container\">\n\t\t\t\t\t<h2 class=\"elementor-heading-title elementor-size-default\">Ogled Maribora<\/h2>\t\t\t\t<\/div>\n\t\t\t\t<\/div>\n\t\t\t\t\t<\/div>\n\t\t\t\t<\/div>\n\t\t<div class=\"elementor-element elementor-element-23561d9 e-flex e-con-boxed e-con e-parent\" data-id=\"23561d9\" data-element_type=\"container\">\n\t\t\t\t\t<div class=\"e-con-inner\">\n\t\t\t\t<div class=\"elementor-element elementor-element-089b796 elementor-widget elementor-widget-image\" data-id=\"089b796\" data-element_type=\"widget\" data-widget_type=\"image.default\">\n\t\t\t\t<div class=\"elementor-widget-container\">\n\t\t\t\t\t\t\t\t\t\t\t\t\t\t\t<img loading=\"lazy\" decoding=\"async\" width=\"600\" height=\"158\" src=\"https:\/\/bioskole.org\/wp-content\/uploads\/2023\/07\/Stara_trtaWeb.jpg\" class=\"attachment-large size-large wp-image-755\" alt=\"\" srcset=\"https:\/\/bioskole.org\/wp-content\/uploads\/2023\/07\/Stara_trtaWeb.jpg 600w, https:\/\/bioskole.org\/wp-content\/uploads\/2023\/07\/Stara_trtaWeb-300x79.jpg 300w\" sizes=\"(max-width: 600px) 100vw, 600px\" \/>\t\t\t\t\t\t\t\t\t\t\t\t\t\t\t<\/div>\n\t\t\t\t<\/div>\n\t\t\t\t\t<\/div>\n\t\t\t\t<\/div>\n\t\t\t\t<\/div>\n\t\t","protected":false},"excerpt":{"rendered":"<p>Jagode Vino Jabolka Galerija Kontakt Doma\u010da Publikacije Vinogradni\u0161tvo in pridelava vina Spremljanje dozorevanja grozdja https:\/\/bioskole.org\/wp-content\/uploads\/2023\/07\/2.ESpremljanje-dozorevanja-grozdja.mp4 Tehnologija pridelave belega in rde\u010dega vina https:\/\/bioskole.org\/wp-content\/uploads\/2023\/07\/2.ETehnologija-belo-in-rdece.mp4 Zrelost grozdja Shranjevanje vina Enolo\u0161ki laboratorij Ogled Maribora<\/p>\n","protected":false},"author":1,"featured_media":0,"parent":0,"menu_order":0,"comment_status":"closed","ping_status":"closed","template":"","meta":{"footnotes":""},"class_list":["post-522","page","type-page","status-publish","hentry"],"yoast_head":"<!-- This site is optimized with the Yoast SEO plugin v26.6 - https:\/\/yoast.com\/wordpress\/plugins\/seo\/ -->\n<title>Vino_si - Bio \u0161ole<\/title>\n<meta name=\"robots\" content=\"index, follow, max-snippet:-1, max-image-preview:large, max-video-preview:-1\" \/>\n<link rel=\"canonical\" href=\"https:\/\/bioskole.org\/index.php\/vino_si\/\" \/>\n<meta property=\"og:locale\" content=\"en_US\" \/>\n<meta property=\"og:type\" content=\"article\" \/>\n<meta property=\"og:title\" content=\"Vino_si - Bio \u0161ole\" \/>\n<meta property=\"og:description\" content=\"Jagode Vino Jabolka Galerija Kontakt Doma\u010da Publikacije Vinogradni\u0161tvo in pridelava vina Spremljanje dozorevanja grozdja https:\/\/bioskole.org\/wp-content\/uploads\/2023\/07\/2.ESpremljanje-dozorevanja-grozdja.mp4 Tehnologija pridelave belega in rde\u010dega vina https:\/\/bioskole.org\/wp-content\/uploads\/2023\/07\/2.ETehnologija-belo-in-rdece.mp4 Zrelost grozdja Shranjevanje vina Enolo\u0161ki laboratorij Ogled Maribora\" \/>\n<meta property=\"og:url\" content=\"https:\/\/bioskole.org\/index.php\/vino_si\/\" \/>\n<meta property=\"og:site_name\" content=\"Bio \u0161ole\" \/>\n<meta property=\"article:modified_time\" content=\"2023-07-10T02:33:37+00:00\" \/>\n<meta property=\"og:image\" content=\"https:\/\/bioskole.org\/wp-content\/uploads\/2023\/07\/Zrelost_grozdjaWeb.jpg\" \/>\n<meta name=\"twitter:card\" content=\"summary_large_image\" \/>\n<meta name=\"twitter:label1\" content=\"Est. reading time\" \/>\n\t<meta name=\"twitter:data1\" content=\"1 minute\" \/>\n<script type=\"application\/ld+json\" class=\"yoast-schema-graph\">{\"@context\":\"https:\/\/schema.org\",\"@graph\":[{\"@type\":\"WebPage\",\"@id\":\"https:\/\/bioskole.org\/index.php\/vino_si\/\",\"url\":\"https:\/\/bioskole.org\/index.php\/vino_si\/\",\"name\":\"Vino_si - Bio \u0161ole\",\"isPartOf\":{\"@id\":\"https:\/\/bioskole.org\/#website\"},\"primaryImageOfPage\":{\"@id\":\"https:\/\/bioskole.org\/index.php\/vino_si\/#primaryimage\"},\"image\":{\"@id\":\"https:\/\/bioskole.org\/index.php\/vino_si\/#primaryimage\"},\"thumbnailUrl\":\"https:\/\/bioskole.org\/wp-content\/uploads\/2023\/07\/Zrelost_grozdjaWeb.jpg\",\"datePublished\":\"2023-07-06T00:31:50+00:00\",\"dateModified\":\"2023-07-10T02:33:37+00:00\",\"breadcrumb\":{\"@id\":\"https:\/\/bioskole.org\/index.php\/vino_si\/#breadcrumb\"},\"inLanguage\":\"en-US\",\"potentialAction\":[{\"@type\":\"ReadAction\",\"target\":[\"https:\/\/bioskole.org\/index.php\/vino_si\/\"]}]},{\"@type\":\"ImageObject\",\"inLanguage\":\"en-US\",\"@id\":\"https:\/\/bioskole.org\/index.php\/vino_si\/#primaryimage\",\"url\":\"https:\/\/bioskole.org\/wp-content\/uploads\/2023\/07\/Zrelost_grozdjaWeb.jpg\",\"contentUrl\":\"https:\/\/bioskole.org\/wp-content\/uploads\/2023\/07\/Zrelost_grozdjaWeb.jpg\",\"width\":600,\"height\":269},{\"@type\":\"BreadcrumbList\",\"@id\":\"https:\/\/bioskole.org\/index.php\/vino_si\/#breadcrumb\",\"itemListElement\":[{\"@type\":\"ListItem\",\"position\":1,\"name\":\"\u041f\u043e\u0447\u0435\u0442\u043d\u0430\",\"item\":\"https:\/\/bioskole.org\/\"},{\"@type\":\"ListItem\",\"position\":2,\"name\":\"Vino_si\"}]},{\"@type\":\"WebSite\",\"@id\":\"https:\/\/bioskole.org\/#website\",\"url\":\"https:\/\/bioskole.org\/\",\"name\":\"Bio \u0161ole\",\"description\":\"\",\"potentialAction\":[{\"@type\":\"SearchAction\",\"target\":{\"@type\":\"EntryPoint\",\"urlTemplate\":\"https:\/\/bioskole.org\/?s={search_term_string}\"},\"query-input\":{\"@type\":\"PropertyValueSpecification\",\"valueRequired\":true,\"valueName\":\"search_term_string\"}}],\"inLanguage\":\"en-US\"}]}<\/script>\n<!-- \/ Yoast SEO plugin. -->","yoast_head_json":{"title":"Vino_si - Bio \u0161ole","robots":{"index":"index","follow":"follow","max-snippet":"max-snippet:-1","max-image-preview":"max-image-preview:large","max-video-preview":"max-video-preview:-1"},"canonical":"https:\/\/bioskole.org\/index.php\/vino_si\/","og_locale":"en_US","og_type":"article","og_title":"Vino_si - Bio \u0161ole","og_description":"Jagode Vino Jabolka Galerija Kontakt Doma\u010da Publikacije Vinogradni\u0161tvo in pridelava vina Spremljanje dozorevanja grozdja https:\/\/bioskole.org\/wp-content\/uploads\/2023\/07\/2.ESpremljanje-dozorevanja-grozdja.mp4 Tehnologija pridelave belega in rde\u010dega vina https:\/\/bioskole.org\/wp-content\/uploads\/2023\/07\/2.ETehnologija-belo-in-rdece.mp4 Zrelost grozdja Shranjevanje vina Enolo\u0161ki laboratorij Ogled Maribora","og_url":"https:\/\/bioskole.org\/index.php\/vino_si\/","og_site_name":"Bio \u0161ole","article_modified_time":"2023-07-10T02:33:37+00:00","og_image":[{"url":"https:\/\/bioskole.org\/wp-content\/uploads\/2023\/07\/Zrelost_grozdjaWeb.jpg","type":"","width":"","height":""}],"twitter_card":"summary_large_image","twitter_misc":{"Est. reading time":"1 minute"},"schema":{"@context":"https:\/\/schema.org","@graph":[{"@type":"WebPage","@id":"https:\/\/bioskole.org\/index.php\/vino_si\/","url":"https:\/\/bioskole.org\/index.php\/vino_si\/","name":"Vino_si - Bio \u0161ole","isPartOf":{"@id":"https:\/\/bioskole.org\/#website"},"primaryImageOfPage":{"@id":"https:\/\/bioskole.org\/index.php\/vino_si\/#primaryimage"},"image":{"@id":"https:\/\/bioskole.org\/index.php\/vino_si\/#primaryimage"},"thumbnailUrl":"https:\/\/bioskole.org\/wp-content\/uploads\/2023\/07\/Zrelost_grozdjaWeb.jpg","datePublished":"2023-07-06T00:31:50+00:00","dateModified":"2023-07-10T02:33:37+00:00","breadcrumb":{"@id":"https:\/\/bioskole.org\/index.php\/vino_si\/#breadcrumb"},"inLanguage":"en-US","potentialAction":[{"@type":"ReadAction","target":["https:\/\/bioskole.org\/index.php\/vino_si\/"]}]},{"@type":"ImageObject","inLanguage":"en-US","@id":"https:\/\/bioskole.org\/index.php\/vino_si\/#primaryimage","url":"https:\/\/bioskole.org\/wp-content\/uploads\/2023\/07\/Zrelost_grozdjaWeb.jpg","contentUrl":"https:\/\/bioskole.org\/wp-content\/uploads\/2023\/07\/Zrelost_grozdjaWeb.jpg","width":600,"height":269},{"@type":"BreadcrumbList","@id":"https:\/\/bioskole.org\/index.php\/vino_si\/#breadcrumb","itemListElement":[{"@type":"ListItem","position":1,"name":"\u041f\u043e\u0447\u0435\u0442\u043d\u0430","item":"https:\/\/bioskole.org\/"},{"@type":"ListItem","position":2,"name":"Vino_si"}]},{"@type":"WebSite","@id":"https:\/\/bioskole.org\/#website","url":"https:\/\/bioskole.org\/","name":"Bio \u0161ole","description":"","potentialAction":[{"@type":"SearchAction","target":{"@type":"EntryPoint","urlTemplate":"https:\/\/bioskole.org\/?s={search_term_string}"},"query-input":{"@type":"PropertyValueSpecification","valueRequired":true,"valueName":"search_term_string"}}],"inLanguage":"en-US"}]}},"_links":{"self":[{"href":"https:\/\/bioskole.org\/index.php\/wp-json\/wp\/v2\/pages\/522","targetHints":{"allow":["GET"]}}],"collection":[{"href":"https:\/\/bioskole.org\/index.php\/wp-json\/wp\/v2\/pages"}],"about":[{"href":"https:\/\/bioskole.org\/index.php\/wp-json\/wp\/v2\/types\/page"}],"author":[{"embeddable":true,"href":"https:\/\/bioskole.org\/index.php\/wp-json\/wp\/v2\/users\/1"}],"replies":[{"embeddable":true,"href":"https:\/\/bioskole.org\/index.php\/wp-json\/wp\/v2\/comments?post=522"}],"version-history":[{"count":13,"href":"https:\/\/bioskole.org\/index.php\/wp-json\/wp\/v2\/pages\/522\/revisions"}],"predecessor-version":[{"id":815,"href":"https:\/\/bioskole.org\/index.php\/wp-json\/wp\/v2\/pages\/522\/revisions\/815"}],"wp:attachment":[{"href":"https:\/\/bioskole.org\/index.php\/wp-json\/wp\/v2\/media?parent=522"}],"curies":[{"name":"wp","href":"https:\/\/api.w.org\/{rel}","templated":true}]}}