{"id":499,"date":"2023-07-06T01:17:48","date_gmt":"2023-07-06T00:17:48","guid":{"rendered":"https:\/\/bioskole.org\/?page_id=499"},"modified":"2023-07-10T03:28:24","modified_gmt":"2023-07-10T02:28:24","slug":"jabolka_si","status":"publish","type":"page","link":"https:\/\/bioskole.org\/index.php\/jabolka_si\/","title":{"rendered":"Jabolka_si"},"content":{"rendered":"\t\t<div data-elementor-type=\"wp-page\" data-elementor-id=\"499\" class=\"elementor elementor-499\">\n\t\t\t\t<div class=\"elementor-element elementor-element-4391f67 e-grid e-con-boxed e-con e-parent\" data-id=\"4391f67\" data-element_type=\"container\">\n\t\t\t\t\t<div class=\"e-con-inner\">\n\t\t\t\t<div class=\"elementor-element elementor-element-ff29031 elementor-align-center elementor-widget elementor-widget-button\" data-id=\"ff29031\" data-element_type=\"widget\" data-widget_type=\"button.default\">\n\t\t\t\t<div class=\"elementor-widget-container\">\n\t\t\t\t\t\t\t\t\t<div class=\"elementor-button-wrapper\">\n\t\t\t\t\t<a class=\"elementor-button elementor-button-link elementor-size-sm\" href=\"https:\/\/bioskole.org\/index.php\/jagode_si\/\">\n\t\t\t\t\t\t<span class=\"elementor-button-content-wrapper\">\n\t\t\t\t\t\t\t\t\t<span class=\"elementor-button-text\">Jagode<\/span>\n\t\t\t\t\t<\/span>\n\t\t\t\t\t<\/a>\n\t\t\t\t<\/div>\n\t\t\t\t\t\t\t\t<\/div>\n\t\t\t\t<\/div>\n\t\t\t\t<div class=\"elementor-element elementor-element-c8a8d5d elementor-align-center elementor-widget elementor-widget-button\" data-id=\"c8a8d5d\" data-element_type=\"widget\" data-widget_type=\"button.default\">\n\t\t\t\t<div class=\"elementor-widget-container\">\n\t\t\t\t\t\t\t\t\t<div class=\"elementor-button-wrapper\">\n\t\t\t\t\t<a class=\"elementor-button elementor-button-link elementor-size-sm\" href=\"https:\/\/bioskole.org\/index.php\/vino_si\/\">\n\t\t\t\t\t\t<span class=\"elementor-button-content-wrapper\">\n\t\t\t\t\t\t\t\t\t<span class=\"elementor-button-text\">Vino<\/span>\n\t\t\t\t\t<\/span>\n\t\t\t\t\t<\/a>\n\t\t\t\t<\/div>\n\t\t\t\t\t\t\t\t<\/div>\n\t\t\t\t<\/div>\n\t\t\t\t<div class=\"elementor-element elementor-element-8519648 elementor-align-center elementor-widget elementor-widget-button\" data-id=\"8519648\" data-element_type=\"widget\" data-widget_type=\"button.default\">\n\t\t\t\t<div class=\"elementor-widget-container\">\n\t\t\t\t\t\t\t\t\t<div class=\"elementor-button-wrapper\">\n\t\t\t\t\t<a class=\"elementor-button elementor-button-link elementor-size-sm\" href=\"https:\/\/bioskole.org\/index.php\/jabolka_si\/\">\n\t\t\t\t\t\t<span class=\"elementor-button-content-wrapper\">\n\t\t\t\t\t\t\t\t\t<span class=\"elementor-button-text\">Jabolka<\/span>\n\t\t\t\t\t<\/span>\n\t\t\t\t\t<\/a>\n\t\t\t\t<\/div>\n\t\t\t\t\t\t\t\t<\/div>\n\t\t\t\t<\/div>\n\t\t\t\t<div class=\"elementor-element elementor-element-c44fe11 elementor-align-center elementor-widget elementor-widget-button\" data-id=\"c44fe11\" data-element_type=\"widget\" data-widget_type=\"button.default\">\n\t\t\t\t<div class=\"elementor-widget-container\">\n\t\t\t\t\t\t\t\t\t<div class=\"elementor-button-wrapper\">\n\t\t\t\t\t<a class=\"elementor-button elementor-button-link elementor-size-sm\" href=\"https:\/\/bioskole.org\/index.php\/Galerija\/\">\n\t\t\t\t\t\t<span class=\"elementor-button-content-wrapper\">\n\t\t\t\t\t\t\t\t\t<span class=\"elementor-button-text\">Galerija<\/span>\n\t\t\t\t\t<\/span>\n\t\t\t\t\t<\/a>\n\t\t\t\t<\/div>\n\t\t\t\t\t\t\t\t<\/div>\n\t\t\t\t<\/div>\n\t\t\t\t<div class=\"elementor-element elementor-element-9399efa elementor-align-center elementor-widget elementor-widget-button\" data-id=\"9399efa\" data-element_type=\"widget\" data-widget_type=\"button.default\">\n\t\t\t\t<div class=\"elementor-widget-container\">\n\t\t\t\t\t\t\t\t\t<div class=\"elementor-button-wrapper\">\n\t\t\t\t\t<a class=\"elementor-button elementor-button-link elementor-size-sm\" href=\"https:\/\/bioskole.org\/index.php\/Kontakt\/\">\n\t\t\t\t\t\t<span class=\"elementor-button-content-wrapper\">\n\t\t\t\t\t\t\t\t\t<span class=\"elementor-button-text\">Kontakt<\/span>\n\t\t\t\t\t<\/span>\n\t\t\t\t\t<\/a>\n\t\t\t\t<\/div>\n\t\t\t\t\t\t\t\t<\/div>\n\t\t\t\t<\/div>\n\t\t\t\t<div class=\"elementor-element elementor-element-2a5ffaf elementor-align-center elementor-widget elementor-widget-button\" data-id=\"2a5ffaf\" data-element_type=\"widget\" data-widget_type=\"button.default\">\n\t\t\t\t<div class=\"elementor-widget-container\">\n\t\t\t\t\t\t\t\t\t<div class=\"elementor-button-wrapper\">\n\t\t\t\t\t<a class=\"elementor-button elementor-button-link elementor-size-sm\" href=\"https:\/\/bioskole.org\/index.php\/start-si\/\">\n\t\t\t\t\t\t<span class=\"elementor-button-content-wrapper\">\n\t\t\t\t\t\t\t\t\t<span class=\"elementor-button-text\">Doma\u010da<\/span>\n\t\t\t\t\t<\/span>\n\t\t\t\t\t<\/a>\n\t\t\t\t<\/div>\n\t\t\t\t\t\t\t\t<\/div>\n\t\t\t\t<\/div>\n\t\t\t\t<div class=\"elementor-element elementor-element-0e5ad91 elementor-align-center elementor-widget elementor-widget-button\" data-id=\"0e5ad91\" data-element_type=\"widget\" data-widget_type=\"button.default\">\n\t\t\t\t<div class=\"elementor-widget-container\">\n\t\t\t\t\t\t\t\t\t<div class=\"elementor-button-wrapper\">\n\t\t\t\t\t<a class=\"elementor-button elementor-button-link elementor-size-sm\" href=\"https:\/\/bioskole.org\/index.php\/Publikacije\/\">\n\t\t\t\t\t\t<span class=\"elementor-button-content-wrapper\">\n\t\t\t\t\t\t\t\t\t<span class=\"elementor-button-text\">Publikacije<\/span>\n\t\t\t\t\t<\/span>\n\t\t\t\t\t<\/a>\n\t\t\t\t<\/div>\n\t\t\t\t\t\t\t\t<\/div>\n\t\t\t\t<\/div>\n\t\t\t\t\t<\/div>\n\t\t\t\t<\/div>\n\t\t<div class=\"elementor-element elementor-element-920f58c e-flex e-con-boxed e-con e-parent\" data-id=\"920f58c\" data-element_type=\"container\">\n\t\t\t\t\t<div class=\"e-con-inner\">\n\t\t\t\t<div class=\"elementor-element elementor-element-9a65e01 elementor-widget__width-initial elementor-widget elementor-widget-heading\" data-id=\"9a65e01\" data-element_type=\"widget\" data-widget_type=\"heading.default\">\n\t\t\t\t<div class=\"elementor-widget-container\">\n\t\t\t\t\t<h1 class=\"elementor-heading-title elementor-size-default\">Proizvodnja jabol\u010dnega soka in \u010dipsa<\/h1>\t\t\t\t<\/div>\n\t\t\t\t<\/div>\n\t\t\t\t\t<\/div>\n\t\t\t\t<\/div>\n\t\t<div class=\"elementor-element elementor-element-038d3e8 e-flex e-con-boxed e-con e-parent\" data-id=\"038d3e8\" data-element_type=\"container\">\n\t\t\t\t\t<div class=\"e-con-inner\">\n\t\t\t\t<div class=\"elementor-element elementor-element-4806661 elementor-widget__width-initial elementor-widget elementor-widget-heading\" data-id=\"4806661\" data-element_type=\"widget\" data-widget_type=\"heading.default\">\n\t\t\t\t<div class=\"elementor-widget-container\">\n\t\t\t\t\t<h1 class=\"elementor-heading-title elementor-size-default\">Proizvodnja jabol\u010dnega soka<\/h1>\t\t\t\t<\/div>\n\t\t\t\t<\/div>\n\t\t\t\t\t<\/div>\n\t\t\t\t<\/div>\n\t\t<div class=\"elementor-element elementor-element-cfb0eef e-flex e-con-boxed e-con e-parent\" data-id=\"cfb0eef\" data-element_type=\"container\">\n\t\t\t\t\t<div class=\"e-con-inner\">\n\t\t\t\t<div class=\"elementor-element elementor-element-d45e4ee elementor-widget elementor-widget-image\" data-id=\"d45e4ee\" data-element_type=\"widget\" data-widget_type=\"image.default\">\n\t\t\t\t<div class=\"elementor-widget-container\">\n\t\t\t\t\t\t\t\t\t\t\t\t\t\t\t<img fetchpriority=\"high\" decoding=\"async\" width=\"600\" height=\"163\" src=\"https:\/\/bioskole.org\/wp-content\/uploads\/2023\/07\/Proizvodnja_sokaWeb.jpg\" class=\"attachment-large size-large wp-image-760\" alt=\"\" srcset=\"https:\/\/bioskole.org\/wp-content\/uploads\/2023\/07\/Proizvodnja_sokaWeb.jpg 600w, https:\/\/bioskole.org\/wp-content\/uploads\/2023\/07\/Proizvodnja_sokaWeb-300x82.jpg 300w\" sizes=\"(max-width: 600px) 100vw, 600px\" \/>\t\t\t\t\t\t\t\t\t\t\t\t\t\t\t<\/div>\n\t\t\t\t<\/div>\n\t\t\t\t\t<\/div>\n\t\t\t\t<\/div>\n\t\t<div class=\"elementor-element elementor-element-535c1ee e-flex e-con-boxed e-con e-parent\" data-id=\"535c1ee\" data-element_type=\"container\">\n\t\t\t\t\t<div class=\"e-con-inner\">\n\t\t\t\t<div class=\"elementor-element elementor-element-0a5002e elementor-widget__width-initial elementor-widget elementor-widget-heading\" data-id=\"0a5002e\" data-element_type=\"widget\" data-widget_type=\"heading.default\">\n\t\t\t\t<div class=\"elementor-widget-container\">\n\t\t\t\t\t<h1 class=\"elementor-heading-title elementor-size-default\">Proizvodnja jabol\u010dnega \u010dipsa<\/h1>\t\t\t\t<\/div>\n\t\t\t\t<\/div>\n\t\t\t\t\t<\/div>\n\t\t\t\t<\/div>\n\t\t<div class=\"elementor-element elementor-element-2d69901 e-con-full e-flex e-con e-parent\" data-id=\"2d69901\" data-element_type=\"container\">\n\t\t\t\t<div class=\"elementor-element elementor-element-bf2949b elementor-widget elementor-widget-image\" data-id=\"bf2949b\" data-element_type=\"widget\" data-widget_type=\"image.default\">\n\t\t\t\t<div class=\"elementor-widget-container\">\n\t\t\t\t\t\t\t\t\t\t\t\t\t\t\t<img decoding=\"async\" width=\"600\" height=\"248\" src=\"https:\/\/bioskole.org\/wp-content\/uploads\/2023\/07\/Proizvodnja_cipsaWeb.jpg\" class=\"attachment-large size-large wp-image-761\" alt=\"\" srcset=\"https:\/\/bioskole.org\/wp-content\/uploads\/2023\/07\/Proizvodnja_cipsaWeb.jpg 600w, https:\/\/bioskole.org\/wp-content\/uploads\/2023\/07\/Proizvodnja_cipsaWeb-300x124.jpg 300w\" sizes=\"(max-width: 600px) 100vw, 600px\" \/>\t\t\t\t\t\t\t\t\t\t\t\t\t\t\t<\/div>\n\t\t\t\t<\/div>\n\t\t\t\t<\/div>\n\t\t<div class=\"elementor-element elementor-element-421f563 e-flex e-con-boxed e-con e-parent\" data-id=\"421f563\" data-element_type=\"container\">\n\t\t\t\t\t<div class=\"e-con-inner\">\n\t\t\t\t<div class=\"elementor-element elementor-element-0531305 elementor-widget__width-initial elementor-widget elementor-widget-heading\" data-id=\"0531305\" data-element_type=\"widget\" data-widget_type=\"heading.default\">\n\t\t\t\t<div class=\"elementor-widget-container\">\n\t\t\t\t\t<h1 class=\"elementor-heading-title elementor-size-default\">Pakirni \u010dipi <\/h1>\t\t\t\t<\/div>\n\t\t\t\t<\/div>\n\t\t\t\t\t<\/div>\n\t\t\t\t<\/div>\n\t\t<div class=\"elementor-element elementor-element-b0ddd29 e-con-full e-flex e-con e-parent\" data-id=\"b0ddd29\" data-element_type=\"container\">\n\t\t\t\t<div class=\"elementor-element elementor-element-94d2f07 elementor-widget elementor-widget-image\" data-id=\"94d2f07\" data-element_type=\"widget\" data-widget_type=\"image.default\">\n\t\t\t\t<div class=\"elementor-widget-container\">\n\t\t\t\t\t\t\t\t\t\t\t\t\t\t\t<img decoding=\"async\" width=\"600\" height=\"157\" src=\"https:\/\/bioskole.org\/wp-content\/uploads\/2023\/07\/Pakovanje_cipsaWeb.jpg\" class=\"attachment-large size-large wp-image-762\" alt=\"\" srcset=\"https:\/\/bioskole.org\/wp-content\/uploads\/2023\/07\/Pakovanje_cipsaWeb.jpg 600w, https:\/\/bioskole.org\/wp-content\/uploads\/2023\/07\/Pakovanje_cipsaWeb-300x79.jpg 300w\" sizes=\"(max-width: 600px) 100vw, 600px\" \/>\t\t\t\t\t\t\t\t\t\t\t\t\t\t\t<\/div>\n\t\t\t\t<\/div>\n\t\t\t\t<\/div>\n\t\t\t\t<\/div>\n\t\t","protected":false},"excerpt":{"rendered":"<p>Jagode Vino Jabolka Galerija Kontakt Doma\u010da Publikacije Proizvodnja jabol\u010dnega soka in \u010dipsa Proizvodnja jabol\u010dnega soka Proizvodnja jabol\u010dnega \u010dipsa Pakirni \u010dipi<\/p>\n","protected":false},"author":1,"featured_media":0,"parent":0,"menu_order":0,"comment_status":"closed","ping_status":"closed","template":"","meta":{"footnotes":""},"class_list":["post-499","page","type-page","status-publish","hentry"],"yoast_head":"<!-- This site is optimized with the Yoast SEO plugin v26.6 - https:\/\/yoast.com\/wordpress\/plugins\/seo\/ -->\n<title>Jabolka_si - Bio \u0161ole<\/title>\n<meta name=\"robots\" content=\"index, follow, max-snippet:-1, max-image-preview:large, max-video-preview:-1\" \/>\n<link rel=\"canonical\" href=\"https:\/\/bioskole.org\/index.php\/jabolka_si\/\" \/>\n<meta property=\"og:locale\" content=\"en_US\" \/>\n<meta property=\"og:type\" content=\"article\" \/>\n<meta property=\"og:title\" content=\"Jabolka_si - Bio \u0161ole\" \/>\n<meta property=\"og:description\" content=\"Jagode Vino Jabolka Galerija Kontakt Doma\u010da Publikacije Proizvodnja jabol\u010dnega soka in \u010dipsa Proizvodnja jabol\u010dnega soka Proizvodnja jabol\u010dnega \u010dipsa Pakirni \u010dipi\" \/>\n<meta property=\"og:url\" content=\"https:\/\/bioskole.org\/index.php\/jabolka_si\/\" \/>\n<meta property=\"og:site_name\" content=\"Bio \u0161ole\" \/>\n<meta property=\"article:modified_time\" content=\"2023-07-10T02:28:24+00:00\" \/>\n<meta property=\"og:image\" content=\"https:\/\/bioskole.org\/wp-content\/uploads\/2023\/07\/Proizvodnja_sokaWeb.jpg\" \/>\n<meta name=\"twitter:card\" content=\"summary_large_image\" \/>\n<meta name=\"twitter:label1\" content=\"Est. reading time\" \/>\n\t<meta name=\"twitter:data1\" content=\"1 minute\" \/>\n<script type=\"application\/ld+json\" class=\"yoast-schema-graph\">{\"@context\":\"https:\/\/schema.org\",\"@graph\":[{\"@type\":\"WebPage\",\"@id\":\"https:\/\/bioskole.org\/index.php\/jabolka_si\/\",\"url\":\"https:\/\/bioskole.org\/index.php\/jabolka_si\/\",\"name\":\"Jabolka_si - Bio \u0161ole\",\"isPartOf\":{\"@id\":\"https:\/\/bioskole.org\/#website\"},\"primaryImageOfPage\":{\"@id\":\"https:\/\/bioskole.org\/index.php\/jabolka_si\/#primaryimage\"},\"image\":{\"@id\":\"https:\/\/bioskole.org\/index.php\/jabolka_si\/#primaryimage\"},\"thumbnailUrl\":\"https:\/\/bioskole.org\/wp-content\/uploads\/2023\/07\/Proizvodnja_sokaWeb.jpg\",\"datePublished\":\"2023-07-06T00:17:48+00:00\",\"dateModified\":\"2023-07-10T02:28:24+00:00\",\"breadcrumb\":{\"@id\":\"https:\/\/bioskole.org\/index.php\/jabolka_si\/#breadcrumb\"},\"inLanguage\":\"en-US\",\"potentialAction\":[{\"@type\":\"ReadAction\",\"target\":[\"https:\/\/bioskole.org\/index.php\/jabolka_si\/\"]}]},{\"@type\":\"ImageObject\",\"inLanguage\":\"en-US\",\"@id\":\"https:\/\/bioskole.org\/index.php\/jabolka_si\/#primaryimage\",\"url\":\"https:\/\/bioskole.org\/wp-content\/uploads\/2023\/07\/Proizvodnja_sokaWeb.jpg\",\"contentUrl\":\"https:\/\/bioskole.org\/wp-content\/uploads\/2023\/07\/Proizvodnja_sokaWeb.jpg\",\"width\":600,\"height\":163},{\"@type\":\"BreadcrumbList\",\"@id\":\"https:\/\/bioskole.org\/index.php\/jabolka_si\/#breadcrumb\",\"itemListElement\":[{\"@type\":\"ListItem\",\"position\":1,\"name\":\"\u041f\u043e\u0447\u0435\u0442\u043d\u0430\",\"item\":\"https:\/\/bioskole.org\/\"},{\"@type\":\"ListItem\",\"position\":2,\"name\":\"Jabolka_si\"}]},{\"@type\":\"WebSite\",\"@id\":\"https:\/\/bioskole.org\/#website\",\"url\":\"https:\/\/bioskole.org\/\",\"name\":\"Bio \u0161ole\",\"description\":\"\",\"potentialAction\":[{\"@type\":\"SearchAction\",\"target\":{\"@type\":\"EntryPoint\",\"urlTemplate\":\"https:\/\/bioskole.org\/?s={search_term_string}\"},\"query-input\":{\"@type\":\"PropertyValueSpecification\",\"valueRequired\":true,\"valueName\":\"search_term_string\"}}],\"inLanguage\":\"en-US\"}]}<\/script>\n<!-- \/ Yoast SEO plugin. -->","yoast_head_json":{"title":"Jabolka_si - Bio \u0161ole","robots":{"index":"index","follow":"follow","max-snippet":"max-snippet:-1","max-image-preview":"max-image-preview:large","max-video-preview":"max-video-preview:-1"},"canonical":"https:\/\/bioskole.org\/index.php\/jabolka_si\/","og_locale":"en_US","og_type":"article","og_title":"Jabolka_si - Bio \u0161ole","og_description":"Jagode Vino Jabolka Galerija Kontakt Doma\u010da Publikacije Proizvodnja jabol\u010dnega soka in \u010dipsa Proizvodnja jabol\u010dnega soka Proizvodnja jabol\u010dnega \u010dipsa Pakirni \u010dipi","og_url":"https:\/\/bioskole.org\/index.php\/jabolka_si\/","og_site_name":"Bio \u0161ole","article_modified_time":"2023-07-10T02:28:24+00:00","og_image":[{"url":"https:\/\/bioskole.org\/wp-content\/uploads\/2023\/07\/Proizvodnja_sokaWeb.jpg","type":"","width":"","height":""}],"twitter_card":"summary_large_image","twitter_misc":{"Est. reading time":"1 minute"},"schema":{"@context":"https:\/\/schema.org","@graph":[{"@type":"WebPage","@id":"https:\/\/bioskole.org\/index.php\/jabolka_si\/","url":"https:\/\/bioskole.org\/index.php\/jabolka_si\/","name":"Jabolka_si - Bio \u0161ole","isPartOf":{"@id":"https:\/\/bioskole.org\/#website"},"primaryImageOfPage":{"@id":"https:\/\/bioskole.org\/index.php\/jabolka_si\/#primaryimage"},"image":{"@id":"https:\/\/bioskole.org\/index.php\/jabolka_si\/#primaryimage"},"thumbnailUrl":"https:\/\/bioskole.org\/wp-content\/uploads\/2023\/07\/Proizvodnja_sokaWeb.jpg","datePublished":"2023-07-06T00:17:48+00:00","dateModified":"2023-07-10T02:28:24+00:00","breadcrumb":{"@id":"https:\/\/bioskole.org\/index.php\/jabolka_si\/#breadcrumb"},"inLanguage":"en-US","potentialAction":[{"@type":"ReadAction","target":["https:\/\/bioskole.org\/index.php\/jabolka_si\/"]}]},{"@type":"ImageObject","inLanguage":"en-US","@id":"https:\/\/bioskole.org\/index.php\/jabolka_si\/#primaryimage","url":"https:\/\/bioskole.org\/wp-content\/uploads\/2023\/07\/Proizvodnja_sokaWeb.jpg","contentUrl":"https:\/\/bioskole.org\/wp-content\/uploads\/2023\/07\/Proizvodnja_sokaWeb.jpg","width":600,"height":163},{"@type":"BreadcrumbList","@id":"https:\/\/bioskole.org\/index.php\/jabolka_si\/#breadcrumb","itemListElement":[{"@type":"ListItem","position":1,"name":"\u041f\u043e\u0447\u0435\u0442\u043d\u0430","item":"https:\/\/bioskole.org\/"},{"@type":"ListItem","position":2,"name":"Jabolka_si"}]},{"@type":"WebSite","@id":"https:\/\/bioskole.org\/#website","url":"https:\/\/bioskole.org\/","name":"Bio \u0161ole","description":"","potentialAction":[{"@type":"SearchAction","target":{"@type":"EntryPoint","urlTemplate":"https:\/\/bioskole.org\/?s={search_term_string}"},"query-input":{"@type":"PropertyValueSpecification","valueRequired":true,"valueName":"search_term_string"}}],"inLanguage":"en-US"}]}},"_links":{"self":[{"href":"https:\/\/bioskole.org\/index.php\/wp-json\/wp\/v2\/pages\/499","targetHints":{"allow":["GET"]}}],"collection":[{"href":"https:\/\/bioskole.org\/index.php\/wp-json\/wp\/v2\/pages"}],"about":[{"href":"https:\/\/bioskole.org\/index.php\/wp-json\/wp\/v2\/types\/page"}],"author":[{"embeddable":true,"href":"https:\/\/bioskole.org\/index.php\/wp-json\/wp\/v2\/users\/1"}],"replies":[{"embeddable":true,"href":"https:\/\/bioskole.org\/index.php\/wp-json\/wp\/v2\/comments?post=499"}],"version-history":[{"count":13,"href":"https:\/\/bioskole.org\/index.php\/wp-json\/wp\/v2\/pages\/499\/revisions"}],"predecessor-version":[{"id":806,"href":"https:\/\/bioskole.org\/index.php\/wp-json\/wp\/v2\/pages\/499\/revisions\/806"}],"wp:attachment":[{"href":"https:\/\/bioskole.org\/index.php\/wp-json\/wp\/v2\/media?parent=499"}],"curies":[{"name":"wp","href":"https:\/\/api.w.org\/{rel}","templated":true}]}}