{"id":495,"date":"2023-07-06T01:13:26","date_gmt":"2023-07-06T00:13:26","guid":{"rendered":"https:\/\/bioskole.org\/?page_id=495"},"modified":"2023-07-10T09:41:25","modified_gmt":"2023-07-10T08:41:25","slug":"jabuke_hr","status":"publish","type":"page","link":"https:\/\/bioskole.org\/index.php\/jabuke_hr\/","title":{"rendered":"Jabuke_hr"},"content":{"rendered":"\t\t<div data-elementor-type=\"wp-page\" data-elementor-id=\"495\" class=\"elementor elementor-495\">\n\t\t\t\t<div class=\"elementor-element elementor-element-f3c933d e-grid e-con-boxed e-con e-parent\" data-id=\"f3c933d\" data-element_type=\"container\">\n\t\t\t\t\t<div class=\"e-con-inner\">\n\t\t\t\t<div class=\"elementor-element elementor-element-c54e92b elementor-align-center elementor-widget elementor-widget-button\" data-id=\"c54e92b\" data-element_type=\"widget\" data-widget_type=\"button.default\">\n\t\t\t\t<div class=\"elementor-widget-container\">\n\t\t\t\t\t\t\t\t\t<div class=\"elementor-button-wrapper\">\n\t\t\t\t\t<a class=\"elementor-button elementor-button-link elementor-size-sm\" href=\"https:\/\/bioskole.org\/index.php\/jagode_hr\/\">\n\t\t\t\t\t\t<span class=\"elementor-button-content-wrapper\">\n\t\t\t\t\t\t\t\t\t<span class=\"elementor-button-text\">Jagode<\/span>\n\t\t\t\t\t<\/span>\n\t\t\t\t\t<\/a>\n\t\t\t\t<\/div>\n\t\t\t\t\t\t\t\t<\/div>\n\t\t\t\t<\/div>\n\t\t\t\t<div class=\"elementor-element elementor-element-2a84813 elementor-align-center elementor-widget elementor-widget-button\" data-id=\"2a84813\" data-element_type=\"widget\" data-widget_type=\"button.default\">\n\t\t\t\t<div class=\"elementor-widget-container\">\n\t\t\t\t\t\t\t\t\t<div class=\"elementor-button-wrapper\">\n\t\t\t\t\t<a class=\"elementor-button elementor-button-link elementor-size-sm\" href=\"https:\/\/bioskole.org\/index.php\/vino_hr\/\">\n\t\t\t\t\t\t<span class=\"elementor-button-content-wrapper\">\n\t\t\t\t\t\t\t\t\t<span class=\"elementor-button-text\">Vino<\/span>\n\t\t\t\t\t<\/span>\n\t\t\t\t\t<\/a>\n\t\t\t\t<\/div>\n\t\t\t\t\t\t\t\t<\/div>\n\t\t\t\t<\/div>\n\t\t\t\t<div class=\"elementor-element elementor-element-3a6c93f elementor-align-center elementor-widget elementor-widget-button\" data-id=\"3a6c93f\" data-element_type=\"widget\" data-widget_type=\"button.default\">\n\t\t\t\t<div class=\"elementor-widget-container\">\n\t\t\t\t\t\t\t\t\t<div class=\"elementor-button-wrapper\">\n\t\t\t\t\t<a class=\"elementor-button elementor-button-link elementor-size-sm\" href=\"https:\/\/bioskole.org\/index.php\/jabuke_hr\/\">\n\t\t\t\t\t\t<span class=\"elementor-button-content-wrapper\">\n\t\t\t\t\t\t\t\t\t<span class=\"elementor-button-text\">Jabuka<\/span>\n\t\t\t\t\t<\/span>\n\t\t\t\t\t<\/a>\n\t\t\t\t<\/div>\n\t\t\t\t\t\t\t\t<\/div>\n\t\t\t\t<\/div>\n\t\t\t\t<div class=\"elementor-element elementor-element-04b1f62 elementor-align-center elementor-widget elementor-widget-button\" data-id=\"04b1f62\" data-element_type=\"widget\" data-widget_type=\"button.default\">\n\t\t\t\t<div class=\"elementor-widget-container\">\n\t\t\t\t\t\t\t\t\t<div class=\"elementor-button-wrapper\">\n\t\t\t\t\t<a class=\"elementor-button elementor-button-link elementor-size-sm\" href=\"https:\/\/bioskole.org\/index.php\/Galerija\/\">\n\t\t\t\t\t\t<span class=\"elementor-button-content-wrapper\">\n\t\t\t\t\t\t\t\t\t<span class=\"elementor-button-text\">Galerija<\/span>\n\t\t\t\t\t<\/span>\n\t\t\t\t\t<\/a>\n\t\t\t\t<\/div>\n\t\t\t\t\t\t\t\t<\/div>\n\t\t\t\t<\/div>\n\t\t\t\t<div class=\"elementor-element elementor-element-f308c79 elementor-align-center elementor-widget elementor-widget-button\" data-id=\"f308c79\" data-element_type=\"widget\" data-widget_type=\"button.default\">\n\t\t\t\t<div class=\"elementor-widget-container\">\n\t\t\t\t\t\t\t\t\t<div class=\"elementor-button-wrapper\">\n\t\t\t\t\t<a class=\"elementor-button elementor-button-link elementor-size-sm\" href=\"https:\/\/bioskole.org\/index.php\/Kontakt\/\">\n\t\t\t\t\t\t<span class=\"elementor-button-content-wrapper\">\n\t\t\t\t\t\t\t\t\t<span class=\"elementor-button-text\">Kontakt<\/span>\n\t\t\t\t\t<\/span>\n\t\t\t\t\t<\/a>\n\t\t\t\t<\/div>\n\t\t\t\t\t\t\t\t<\/div>\n\t\t\t\t<\/div>\n\t\t\t\t<div class=\"elementor-element elementor-element-10f4d7c elementor-align-center elementor-widget elementor-widget-button\" data-id=\"10f4d7c\" data-element_type=\"widget\" data-widget_type=\"button.default\">\n\t\t\t\t<div class=\"elementor-widget-container\">\n\t\t\t\t\t\t\t\t\t<div class=\"elementor-button-wrapper\">\n\t\t\t\t\t<a class=\"elementor-button elementor-button-link elementor-size-sm\" href=\"https:\/\/bioskole.org\/index.php\/start-hr\/\">\n\t\t\t\t\t\t<span class=\"elementor-button-content-wrapper\">\n\t\t\t\t\t\t\t\t\t<span class=\"elementor-button-text\">Po\u010detna<\/span>\n\t\t\t\t\t<\/span>\n\t\t\t\t\t<\/a>\n\t\t\t\t<\/div>\n\t\t\t\t\t\t\t\t<\/div>\n\t\t\t\t<\/div>\n\t\t\t\t<div class=\"elementor-element elementor-element-cf753ba elementor-align-center elementor-widget elementor-widget-button\" data-id=\"cf753ba\" data-element_type=\"widget\" data-widget_type=\"button.default\">\n\t\t\t\t<div class=\"elementor-widget-container\">\n\t\t\t\t\t\t\t\t\t<div class=\"elementor-button-wrapper\">\n\t\t\t\t\t<a class=\"elementor-button elementor-button-link elementor-size-sm\" href=\"https:\/\/bioskole.org\/index.php\/Publikacije\/\">\n\t\t\t\t\t\t<span class=\"elementor-button-content-wrapper\">\n\t\t\t\t\t\t\t\t\t<span class=\"elementor-button-text\">Publikacije<\/span>\n\t\t\t\t\t<\/span>\n\t\t\t\t\t<\/a>\n\t\t\t\t<\/div>\n\t\t\t\t\t\t\t\t<\/div>\n\t\t\t\t<\/div>\n\t\t\t\t\t<\/div>\n\t\t\t\t<\/div>\n\t\t<div class=\"elementor-element elementor-element-de127e6 e-flex e-con-boxed e-con e-parent\" data-id=\"de127e6\" data-element_type=\"container\">\n\t\t\t\t\t<div class=\"e-con-inner\">\n\t\t\t\t<div class=\"elementor-element elementor-element-8ff5be0 elementor-widget__width-initial elementor-widget elementor-widget-heading\" data-id=\"8ff5be0\" data-element_type=\"widget\" data-widget_type=\"heading.default\">\n\t\t\t\t<div class=\"elementor-widget-container\">\n\t\t\t\t\t<h1 class=\"elementor-heading-title elementor-size-default\">Proizvodnja soka i \u010dipsa od jabuka<\/h1>\t\t\t\t<\/div>\n\t\t\t\t<\/div>\n\t\t\t\t\t<\/div>\n\t\t\t\t<\/div>\n\t\t<div class=\"elementor-element elementor-element-ee26b09 e-flex e-con-boxed e-con e-parent\" data-id=\"ee26b09\" data-element_type=\"container\">\n\t\t\t\t\t<div class=\"e-con-inner\">\n\t\t\t\t<div class=\"elementor-element elementor-element-a8d99f1 elementor-widget__width-initial elementor-widget elementor-widget-heading\" data-id=\"a8d99f1\" data-element_type=\"widget\" data-widget_type=\"heading.default\">\n\t\t\t\t<div class=\"elementor-widget-container\">\n\t\t\t\t\t<h1 class=\"elementor-heading-title elementor-size-default\">Proizvodnja soka od jabuka<\/h1>\t\t\t\t<\/div>\n\t\t\t\t<\/div>\n\t\t\t\t\t<\/div>\n\t\t\t\t<\/div>\n\t\t<div class=\"elementor-element elementor-element-97df864 e-flex e-con-boxed e-con e-parent\" data-id=\"97df864\" data-element_type=\"container\">\n\t\t\t\t\t<div class=\"e-con-inner\">\n\t\t\t\t<div class=\"elementor-element elementor-element-827e2ed elementor-widget elementor-widget-image\" data-id=\"827e2ed\" data-element_type=\"widget\" data-widget_type=\"image.default\">\n\t\t\t\t<div class=\"elementor-widget-container\">\n\t\t\t\t\t\t\t\t\t\t\t\t\t\t\t<img fetchpriority=\"high\" decoding=\"async\" width=\"600\" height=\"163\" src=\"https:\/\/bioskole.org\/wp-content\/uploads\/2023\/07\/Proizvodnja_sokaWeb.jpg\" class=\"attachment-large size-large wp-image-760\" alt=\"\" srcset=\"https:\/\/bioskole.org\/wp-content\/uploads\/2023\/07\/Proizvodnja_sokaWeb.jpg 600w, https:\/\/bioskole.org\/wp-content\/uploads\/2023\/07\/Proizvodnja_sokaWeb-300x82.jpg 300w\" sizes=\"(max-width: 600px) 100vw, 600px\" \/>\t\t\t\t\t\t\t\t\t\t\t\t\t\t\t<\/div>\n\t\t\t\t<\/div>\n\t\t\t\t\t<\/div>\n\t\t\t\t<\/div>\n\t\t<div class=\"elementor-element elementor-element-193ec35 e-flex e-con-boxed e-con e-parent\" data-id=\"193ec35\" data-element_type=\"container\">\n\t\t\t\t\t<div class=\"e-con-inner\">\n\t\t\t\t<div class=\"elementor-element elementor-element-de715d4 elementor-widget__width-initial elementor-widget elementor-widget-heading\" data-id=\"de715d4\" data-element_type=\"widget\" data-widget_type=\"heading.default\">\n\t\t\t\t<div class=\"elementor-widget-container\">\n\t\t\t\t\t<h1 class=\"elementor-heading-title elementor-size-default\">Proizvodnja \u010dipsa od jabuka<\/h1>\t\t\t\t<\/div>\n\t\t\t\t<\/div>\n\t\t\t\t\t<\/div>\n\t\t\t\t<\/div>\n\t\t<div class=\"elementor-element elementor-element-c1c6d83 e-con-full e-flex e-con e-parent\" data-id=\"c1c6d83\" data-element_type=\"container\">\n\t\t\t\t<div class=\"elementor-element elementor-element-b7672a0 elementor-widget elementor-widget-image\" data-id=\"b7672a0\" data-element_type=\"widget\" data-widget_type=\"image.default\">\n\t\t\t\t<div class=\"elementor-widget-container\">\n\t\t\t\t\t\t\t\t\t\t\t\t\t\t\t<img decoding=\"async\" width=\"600\" height=\"248\" src=\"https:\/\/bioskole.org\/wp-content\/uploads\/2023\/07\/Proizvodnja_cipsaWeb.jpg\" class=\"attachment-large size-large wp-image-761\" alt=\"\" srcset=\"https:\/\/bioskole.org\/wp-content\/uploads\/2023\/07\/Proizvodnja_cipsaWeb.jpg 600w, https:\/\/bioskole.org\/wp-content\/uploads\/2023\/07\/Proizvodnja_cipsaWeb-300x124.jpg 300w\" sizes=\"(max-width: 600px) 100vw, 600px\" \/>\t\t\t\t\t\t\t\t\t\t\t\t\t\t\t<\/div>\n\t\t\t\t<\/div>\n\t\t\t\t<\/div>\n\t\t<div class=\"elementor-element elementor-element-372294c e-flex e-con-boxed e-con e-parent\" data-id=\"372294c\" data-element_type=\"container\">\n\t\t\t\t\t<div class=\"e-con-inner\">\n\t\t\t\t<div class=\"elementor-element elementor-element-9d8b778 elementor-widget__width-initial elementor-widget elementor-widget-heading\" data-id=\"9d8b778\" data-element_type=\"widget\" data-widget_type=\"heading.default\">\n\t\t\t\t<div class=\"elementor-widget-container\">\n\t\t\t\t\t<h1 class=\"elementor-heading-title elementor-size-default\">Pakovanje \u010dipsa<\/h1>\t\t\t\t<\/div>\n\t\t\t\t<\/div>\n\t\t\t\t\t<\/div>\n\t\t\t\t<\/div>\n\t\t<div class=\"elementor-element elementor-element-444a802 e-con-full e-flex e-con e-parent\" data-id=\"444a802\" data-element_type=\"container\">\n\t\t\t\t<div class=\"elementor-element elementor-element-76275ac elementor-widget elementor-widget-image\" data-id=\"76275ac\" data-element_type=\"widget\" data-widget_type=\"image.default\">\n\t\t\t\t<div class=\"elementor-widget-container\">\n\t\t\t\t\t\t\t\t\t\t\t\t\t\t\t<img decoding=\"async\" width=\"600\" height=\"157\" src=\"https:\/\/bioskole.org\/wp-content\/uploads\/2023\/07\/Pakovanje_cipsaWeb.jpg\" class=\"attachment-large size-large wp-image-762\" alt=\"\" srcset=\"https:\/\/bioskole.org\/wp-content\/uploads\/2023\/07\/Pakovanje_cipsaWeb.jpg 600w, https:\/\/bioskole.org\/wp-content\/uploads\/2023\/07\/Pakovanje_cipsaWeb-300x79.jpg 300w\" sizes=\"(max-width: 600px) 100vw, 600px\" \/>\t\t\t\t\t\t\t\t\t\t\t\t\t\t\t<\/div>\n\t\t\t\t<\/div>\n\t\t\t\t<\/div>\n\t\t\t\t<\/div>\n\t\t","protected":false},"excerpt":{"rendered":"<p>Jagode Vino Jabuka Galerija Kontakt Po\u010detna Publikacije Proizvodnja soka i \u010dipsa od jabuka Proizvodnja soka od jabuka Proizvodnja \u010dipsa od jabuka Pakovanje \u010dipsa<\/p>\n","protected":false},"author":1,"featured_media":0,"parent":0,"menu_order":0,"comment_status":"closed","ping_status":"closed","template":"","meta":{"footnotes":""},"class_list":["post-495","page","type-page","status-publish","hentry"],"yoast_head":"<!-- This site is optimized with the Yoast SEO plugin v26.6 - https:\/\/yoast.com\/wordpress\/plugins\/seo\/ -->\n<title>Jabuke_hr - Bio \u0161ole<\/title>\n<meta name=\"robots\" content=\"index, follow, max-snippet:-1, max-image-preview:large, max-video-preview:-1\" \/>\n<link rel=\"canonical\" href=\"https:\/\/bioskole.org\/index.php\/jabuke_hr\/\" \/>\n<meta property=\"og:locale\" content=\"en_US\" \/>\n<meta property=\"og:type\" content=\"article\" \/>\n<meta property=\"og:title\" content=\"Jabuke_hr - Bio \u0161ole\" \/>\n<meta property=\"og:description\" content=\"Jagode Vino Jabuka Galerija Kontakt Po\u010detna Publikacije Proizvodnja soka i \u010dipsa od jabuka Proizvodnja soka od jabuka Proizvodnja \u010dipsa od jabuka Pakovanje \u010dipsa\" \/>\n<meta property=\"og:url\" content=\"https:\/\/bioskole.org\/index.php\/jabuke_hr\/\" \/>\n<meta property=\"og:site_name\" content=\"Bio \u0161ole\" \/>\n<meta property=\"article:modified_time\" content=\"2023-07-10T08:41:25+00:00\" \/>\n<meta property=\"og:image\" content=\"https:\/\/bioskole.org\/wp-content\/uploads\/2023\/07\/Proizvodnja_sokaWeb.jpg\" \/>\n<meta name=\"twitter:card\" content=\"summary_large_image\" \/>\n<meta name=\"twitter:label1\" content=\"Est. reading time\" \/>\n\t<meta name=\"twitter:data1\" content=\"1 minute\" \/>\n<script type=\"application\/ld+json\" class=\"yoast-schema-graph\">{\"@context\":\"https:\/\/schema.org\",\"@graph\":[{\"@type\":\"WebPage\",\"@id\":\"https:\/\/bioskole.org\/index.php\/jabuke_hr\/\",\"url\":\"https:\/\/bioskole.org\/index.php\/jabuke_hr\/\",\"name\":\"Jabuke_hr - Bio \u0161ole\",\"isPartOf\":{\"@id\":\"https:\/\/bioskole.org\/#website\"},\"primaryImageOfPage\":{\"@id\":\"https:\/\/bioskole.org\/index.php\/jabuke_hr\/#primaryimage\"},\"image\":{\"@id\":\"https:\/\/bioskole.org\/index.php\/jabuke_hr\/#primaryimage\"},\"thumbnailUrl\":\"https:\/\/bioskole.org\/wp-content\/uploads\/2023\/07\/Proizvodnja_sokaWeb.jpg\",\"datePublished\":\"2023-07-06T00:13:26+00:00\",\"dateModified\":\"2023-07-10T08:41:25+00:00\",\"breadcrumb\":{\"@id\":\"https:\/\/bioskole.org\/index.php\/jabuke_hr\/#breadcrumb\"},\"inLanguage\":\"en-US\",\"potentialAction\":[{\"@type\":\"ReadAction\",\"target\":[\"https:\/\/bioskole.org\/index.php\/jabuke_hr\/\"]}]},{\"@type\":\"ImageObject\",\"inLanguage\":\"en-US\",\"@id\":\"https:\/\/bioskole.org\/index.php\/jabuke_hr\/#primaryimage\",\"url\":\"https:\/\/bioskole.org\/wp-content\/uploads\/2023\/07\/Proizvodnja_sokaWeb.jpg\",\"contentUrl\":\"https:\/\/bioskole.org\/wp-content\/uploads\/2023\/07\/Proizvodnja_sokaWeb.jpg\",\"width\":600,\"height\":163},{\"@type\":\"BreadcrumbList\",\"@id\":\"https:\/\/bioskole.org\/index.php\/jabuke_hr\/#breadcrumb\",\"itemListElement\":[{\"@type\":\"ListItem\",\"position\":1,\"name\":\"\u041f\u043e\u0447\u0435\u0442\u043d\u0430\",\"item\":\"https:\/\/bioskole.org\/\"},{\"@type\":\"ListItem\",\"position\":2,\"name\":\"Jabuke_hr\"}]},{\"@type\":\"WebSite\",\"@id\":\"https:\/\/bioskole.org\/#website\",\"url\":\"https:\/\/bioskole.org\/\",\"name\":\"Bio \u0161ole\",\"description\":\"\",\"potentialAction\":[{\"@type\":\"SearchAction\",\"target\":{\"@type\":\"EntryPoint\",\"urlTemplate\":\"https:\/\/bioskole.org\/?s={search_term_string}\"},\"query-input\":{\"@type\":\"PropertyValueSpecification\",\"valueRequired\":true,\"valueName\":\"search_term_string\"}}],\"inLanguage\":\"en-US\"}]}<\/script>\n<!-- \/ Yoast SEO plugin. -->","yoast_head_json":{"title":"Jabuke_hr - Bio \u0161ole","robots":{"index":"index","follow":"follow","max-snippet":"max-snippet:-1","max-image-preview":"max-image-preview:large","max-video-preview":"max-video-preview:-1"},"canonical":"https:\/\/bioskole.org\/index.php\/jabuke_hr\/","og_locale":"en_US","og_type":"article","og_title":"Jabuke_hr - Bio \u0161ole","og_description":"Jagode Vino Jabuka Galerija Kontakt Po\u010detna Publikacije Proizvodnja soka i \u010dipsa od jabuka Proizvodnja soka od jabuka Proizvodnja \u010dipsa od jabuka Pakovanje \u010dipsa","og_url":"https:\/\/bioskole.org\/index.php\/jabuke_hr\/","og_site_name":"Bio \u0161ole","article_modified_time":"2023-07-10T08:41:25+00:00","og_image":[{"url":"https:\/\/bioskole.org\/wp-content\/uploads\/2023\/07\/Proizvodnja_sokaWeb.jpg","type":"","width":"","height":""}],"twitter_card":"summary_large_image","twitter_misc":{"Est. reading time":"1 minute"},"schema":{"@context":"https:\/\/schema.org","@graph":[{"@type":"WebPage","@id":"https:\/\/bioskole.org\/index.php\/jabuke_hr\/","url":"https:\/\/bioskole.org\/index.php\/jabuke_hr\/","name":"Jabuke_hr - Bio \u0161ole","isPartOf":{"@id":"https:\/\/bioskole.org\/#website"},"primaryImageOfPage":{"@id":"https:\/\/bioskole.org\/index.php\/jabuke_hr\/#primaryimage"},"image":{"@id":"https:\/\/bioskole.org\/index.php\/jabuke_hr\/#primaryimage"},"thumbnailUrl":"https:\/\/bioskole.org\/wp-content\/uploads\/2023\/07\/Proizvodnja_sokaWeb.jpg","datePublished":"2023-07-06T00:13:26+00:00","dateModified":"2023-07-10T08:41:25+00:00","breadcrumb":{"@id":"https:\/\/bioskole.org\/index.php\/jabuke_hr\/#breadcrumb"},"inLanguage":"en-US","potentialAction":[{"@type":"ReadAction","target":["https:\/\/bioskole.org\/index.php\/jabuke_hr\/"]}]},{"@type":"ImageObject","inLanguage":"en-US","@id":"https:\/\/bioskole.org\/index.php\/jabuke_hr\/#primaryimage","url":"https:\/\/bioskole.org\/wp-content\/uploads\/2023\/07\/Proizvodnja_sokaWeb.jpg","contentUrl":"https:\/\/bioskole.org\/wp-content\/uploads\/2023\/07\/Proizvodnja_sokaWeb.jpg","width":600,"height":163},{"@type":"BreadcrumbList","@id":"https:\/\/bioskole.org\/index.php\/jabuke_hr\/#breadcrumb","itemListElement":[{"@type":"ListItem","position":1,"name":"\u041f\u043e\u0447\u0435\u0442\u043d\u0430","item":"https:\/\/bioskole.org\/"},{"@type":"ListItem","position":2,"name":"Jabuke_hr"}]},{"@type":"WebSite","@id":"https:\/\/bioskole.org\/#website","url":"https:\/\/bioskole.org\/","name":"Bio \u0161ole","description":"","potentialAction":[{"@type":"SearchAction","target":{"@type":"EntryPoint","urlTemplate":"https:\/\/bioskole.org\/?s={search_term_string}"},"query-input":{"@type":"PropertyValueSpecification","valueRequired":true,"valueName":"search_term_string"}}],"inLanguage":"en-US"}]}},"_links":{"self":[{"href":"https:\/\/bioskole.org\/index.php\/wp-json\/wp\/v2\/pages\/495","targetHints":{"allow":["GET"]}}],"collection":[{"href":"https:\/\/bioskole.org\/index.php\/wp-json\/wp\/v2\/pages"}],"about":[{"href":"https:\/\/bioskole.org\/index.php\/wp-json\/wp\/v2\/types\/page"}],"author":[{"embeddable":true,"href":"https:\/\/bioskole.org\/index.php\/wp-json\/wp\/v2\/users\/1"}],"replies":[{"embeddable":true,"href":"https:\/\/bioskole.org\/index.php\/wp-json\/wp\/v2\/comments?post=495"}],"version-history":[{"count":9,"href":"https:\/\/bioskole.org\/index.php\/wp-json\/wp\/v2\/pages\/495\/revisions"}],"predecessor-version":[{"id":855,"href":"https:\/\/bioskole.org\/index.php\/wp-json\/wp\/v2\/pages\/495\/revisions\/855"}],"wp:attachment":[{"href":"https:\/\/bioskole.org\/index.php\/wp-json\/wp\/v2\/media?parent=495"}],"curies":[{"name":"wp","href":"https:\/\/api.w.org\/{rel}","templated":true}]}}