{"id":472,"date":"2023-07-06T00:57:36","date_gmt":"2023-07-05T23:57:36","guid":{"rendered":"https:\/\/bioskole.org\/?page_id=472"},"modified":"2023-07-13T00:23:23","modified_gmt":"2023-07-12T23:23:23","slug":"jagode_hr","status":"publish","type":"page","link":"https:\/\/bioskole.org\/index.php\/jagode_hr\/","title":{"rendered":"Jagode_hr"},"content":{"rendered":"\t\t<div data-elementor-type=\"wp-page\" data-elementor-id=\"472\" class=\"elementor elementor-472\">\n\t\t\t\t<div class=\"elementor-element elementor-element-6414f7e e-grid e-con-boxed e-con e-parent\" data-id=\"6414f7e\" data-element_type=\"container\">\n\t\t\t\t\t<div class=\"e-con-inner\">\n\t\t\t\t<div class=\"elementor-element elementor-element-2f3c87d elementor-align-center elementor-widget elementor-widget-button\" data-id=\"2f3c87d\" data-element_type=\"widget\" data-widget_type=\"button.default\">\n\t\t\t\t<div class=\"elementor-widget-container\">\n\t\t\t\t\t\t\t\t\t<div class=\"elementor-button-wrapper\">\n\t\t\t\t\t<a class=\"elementor-button elementor-button-link elementor-size-sm\" href=\"https:\/\/bioskole.org\/index.php\/jagode_hr\/\">\n\t\t\t\t\t\t<span class=\"elementor-button-content-wrapper\">\n\t\t\t\t\t\t\t\t\t<span class=\"elementor-button-text\">Jagode<\/span>\n\t\t\t\t\t<\/span>\n\t\t\t\t\t<\/a>\n\t\t\t\t<\/div>\n\t\t\t\t\t\t\t\t<\/div>\n\t\t\t\t<\/div>\n\t\t\t\t<div class=\"elementor-element elementor-element-02de949 elementor-align-center elementor-widget elementor-widget-button\" data-id=\"02de949\" data-element_type=\"widget\" data-widget_type=\"button.default\">\n\t\t\t\t<div class=\"elementor-widget-container\">\n\t\t\t\t\t\t\t\t\t<div class=\"elementor-button-wrapper\">\n\t\t\t\t\t<a class=\"elementor-button elementor-button-link elementor-size-sm\" href=\"https:\/\/bioskole.org\/index.php\/vino_hr\/\">\n\t\t\t\t\t\t<span class=\"elementor-button-content-wrapper\">\n\t\t\t\t\t\t\t\t\t<span class=\"elementor-button-text\">Vino<\/span>\n\t\t\t\t\t<\/span>\n\t\t\t\t\t<\/a>\n\t\t\t\t<\/div>\n\t\t\t\t\t\t\t\t<\/div>\n\t\t\t\t<\/div>\n\t\t\t\t<div class=\"elementor-element elementor-element-be4eeb2 elementor-align-center elementor-widget elementor-widget-button\" data-id=\"be4eeb2\" data-element_type=\"widget\" data-widget_type=\"button.default\">\n\t\t\t\t<div class=\"elementor-widget-container\">\n\t\t\t\t\t\t\t\t\t<div class=\"elementor-button-wrapper\">\n\t\t\t\t\t<a class=\"elementor-button elementor-button-link elementor-size-sm\" href=\"https:\/\/bioskole.org\/index.php\/jabuke_hr\/\">\n\t\t\t\t\t\t<span class=\"elementor-button-content-wrapper\">\n\t\t\t\t\t\t\t\t\t<span class=\"elementor-button-text\">Jabuke<\/span>\n\t\t\t\t\t<\/span>\n\t\t\t\t\t<\/a>\n\t\t\t\t<\/div>\n\t\t\t\t\t\t\t\t<\/div>\n\t\t\t\t<\/div>\n\t\t\t\t<div class=\"elementor-element elementor-element-5271e7d elementor-widget elementor-widget-button\" data-id=\"5271e7d\" data-element_type=\"widget\" data-widget_type=\"button.default\">\n\t\t\t\t<div class=\"elementor-widget-container\">\n\t\t\t\t\t\t\t\t\t<div class=\"elementor-button-wrapper\">\n\t\t\t\t\t<a class=\"elementor-button elementor-button-link elementor-size-sm\" href=\"https:\/\/bioskole.org\/index.php\/Galerija\/\">\n\t\t\t\t\t\t<span class=\"elementor-button-content-wrapper\">\n\t\t\t\t\t\t\t\t\t<span class=\"elementor-button-text\">Galerija<\/span>\n\t\t\t\t\t<\/span>\n\t\t\t\t\t<\/a>\n\t\t\t\t<\/div>\n\t\t\t\t\t\t\t\t<\/div>\n\t\t\t\t<\/div>\n\t\t\t\t<div class=\"elementor-element elementor-element-947692f elementor-align-center elementor-widget elementor-widget-button\" data-id=\"947692f\" data-element_type=\"widget\" data-widget_type=\"button.default\">\n\t\t\t\t<div class=\"elementor-widget-container\">\n\t\t\t\t\t\t\t\t\t<div class=\"elementor-button-wrapper\">\n\t\t\t\t\t<a class=\"elementor-button elementor-button-link elementor-size-sm\" href=\"https:\/\/bioskole.org\/index.php\/Kontakti\/\">\n\t\t\t\t\t\t<span class=\"elementor-button-content-wrapper\">\n\t\t\t\t\t\t\t\t\t<span class=\"elementor-button-text\">Kontakt<\/span>\n\t\t\t\t\t<\/span>\n\t\t\t\t\t<\/a>\n\t\t\t\t<\/div>\n\t\t\t\t\t\t\t\t<\/div>\n\t\t\t\t<\/div>\n\t\t\t\t<div class=\"elementor-element elementor-element-93dce8a elementor-align-center elementor-widget elementor-widget-button\" data-id=\"93dce8a\" data-element_type=\"widget\" data-widget_type=\"button.default\">\n\t\t\t\t<div class=\"elementor-widget-container\">\n\t\t\t\t\t\t\t\t\t<div class=\"elementor-button-wrapper\">\n\t\t\t\t\t<a class=\"elementor-button elementor-button-link elementor-size-sm\" href=\"https:\/\/bioskole.org\/index.php\/start-hr\/\">\n\t\t\t\t\t\t<span class=\"elementor-button-content-wrapper\">\n\t\t\t\t\t\t\t\t\t<span class=\"elementor-button-text\">Po\u010detna<\/span>\n\t\t\t\t\t<\/span>\n\t\t\t\t\t<\/a>\n\t\t\t\t<\/div>\n\t\t\t\t\t\t\t\t<\/div>\n\t\t\t\t<\/div>\n\t\t\t\t<div class=\"elementor-element elementor-element-b9681cf elementor-align-center elementor-widget elementor-widget-button\" data-id=\"b9681cf\" data-element_type=\"widget\" data-widget_type=\"button.default\">\n\t\t\t\t<div class=\"elementor-widget-container\">\n\t\t\t\t\t\t\t\t\t<div class=\"elementor-button-wrapper\">\n\t\t\t\t\t<a class=\"elementor-button elementor-button-link elementor-size-sm\" href=\"https:\/\/bioskole.org\/index.php\/Publikacije\/\">\n\t\t\t\t\t\t<span class=\"elementor-button-content-wrapper\">\n\t\t\t\t\t\t\t\t\t<span class=\"elementor-button-text\">\u041f\u0443\u0431\u043b\u0438\u043a\u0430\u0446\u0438\u0458\u0435<\/span>\n\t\t\t\t\t<\/span>\n\t\t\t\t\t<\/a>\n\t\t\t\t<\/div>\n\t\t\t\t\t\t\t\t<\/div>\n\t\t\t\t<\/div>\n\t\t\t\t\t<\/div>\n\t\t\t\t<\/div>\n\t\t<div class=\"elementor-element elementor-element-24adeae e-flex e-con-boxed e-con e-parent\" data-id=\"24adeae\" data-element_type=\"container\">\n\t\t\t\t\t<div class=\"e-con-inner\">\n\t\t\t\t<div class=\"elementor-element elementor-element-e7c1e3c elementor-widget elementor-widget-heading\" data-id=\"e7c1e3c\" data-element_type=\"widget\" data-widget_type=\"heading.default\">\n\t\t\t\t<div class=\"elementor-widget-container\">\n\t\t\t\t\t<h1 class=\"elementor-heading-title elementor-size-default\">Proizvodnja hidroponih jagoda u kontroliranim uvjetima<\/h1>\t\t\t\t<\/div>\n\t\t\t\t<\/div>\n\t\t\t\t\t<\/div>\n\t\t\t\t<\/div>\n\t\t<div class=\"elementor-element elementor-element-89ca446 e-flex e-con-boxed e-con e-parent\" data-id=\"89ca446\" data-element_type=\"container\">\n\t\t\t\t\t<div class=\"e-con-inner\">\n\t\t<div class=\"elementor-element elementor-element-1a585da e-con-full e-flex e-con e-child\" data-id=\"1a585da\" data-element_type=\"container\">\n\t\t\t\t<div class=\"elementor-element elementor-element-d4cb6e8 elementor-widget elementor-widget-text-editor\" data-id=\"d4cb6e8\" data-element_type=\"widget\" data-widget_type=\"text-editor.default\">\n\t\t\t\t<div class=\"elementor-widget-container\">\n\t\t\t\t\t\t\t\t\t<p style=\"text-align: center;\">Pra\u0107enje mjerljivih parametara<\/p>\t\t\t\t\t\t\t\t<\/div>\n\t\t\t\t<\/div>\n\t\t\t\t<\/div>\n\t\t<div class=\"elementor-element elementor-element-d908402 e-con-full e-flex e-con e-child\" data-id=\"d908402\" data-element_type=\"container\">\n\t\t\t\t<div class=\"elementor-element elementor-element-8138171 elementor-widget elementor-widget-video\" data-id=\"8138171\" data-element_type=\"widget\" data-settings=\"{&quot;video_type&quot;:&quot;hosted&quot;,&quot;controls&quot;:&quot;yes&quot;}\" data-widget_type=\"video.default\">\n\t\t\t\t<div class=\"elementor-widget-container\">\n\t\t\t\t\t\t\t<div class=\"e-hosted-video elementor-wrapper elementor-open-inline\">\n\t\t\t\t\t<video class=\"elementor-video\" src=\"https:\/\/bioskole.org\/wp-content\/uploads\/2023\/07\/Pracenje-merljivih-parametra.mp4\" controls=\"\" preload=\"metadata\" controlsList=\"nodownload\"><\/video>\n\t\t\t\t<\/div>\n\t\t\t\t\t\t<\/div>\n\t\t\t\t<\/div>\n\t\t\t\t<\/div>\n\t\t\t\t\t<\/div>\n\t\t\t\t<\/div>\n\t\t<div class=\"elementor-element elementor-element-ddb1b00 e-flex e-con-boxed e-con e-parent\" data-id=\"ddb1b00\" data-element_type=\"container\">\n\t\t\t\t\t<div class=\"e-con-inner\">\n\t\t<div class=\"elementor-element elementor-element-7afa9d2 e-con-full e-flex e-con e-child\" data-id=\"7afa9d2\" data-element_type=\"container\">\n\t\t\t\t<div class=\"elementor-element elementor-element-22aeb50 elementor-widget elementor-widget-text-editor\" data-id=\"22aeb50\" data-element_type=\"widget\" data-widget_type=\"text-editor.default\">\n\t\t\t\t<div class=\"elementor-widget-container\">\n\t\t\t\t\t\t\t\t\t<p style=\"text-align: center;\">Hidroponika<\/p>\t\t\t\t\t\t\t\t<\/div>\n\t\t\t\t<\/div>\n\t\t\t\t<\/div>\n\t\t<div class=\"elementor-element elementor-element-10c34e9 e-con-full e-flex e-con e-child\" data-id=\"10c34e9\" data-element_type=\"container\">\n\t\t\t\t<div class=\"elementor-element elementor-element-0825207 elementor-widget elementor-widget-video\" data-id=\"0825207\" data-element_type=\"widget\" data-settings=\"{&quot;video_type&quot;:&quot;hosted&quot;,&quot;controls&quot;:&quot;yes&quot;}\" data-widget_type=\"video.default\">\n\t\t\t\t<div class=\"elementor-widget-container\">\n\t\t\t\t\t\t\t<div class=\"e-hosted-video elementor-wrapper elementor-open-inline\">\n\t\t\t\t\t<video class=\"elementor-video\" src=\"https:\/\/bioskole.org\/wp-content\/uploads\/2023\/07\/Hidroponika.mp4\" controls=\"\" preload=\"metadata\" controlsList=\"nodownload\"><\/video>\n\t\t\t\t<\/div>\n\t\t\t\t\t\t<\/div>\n\t\t\t\t<\/div>\n\t\t\t\t<\/div>\n\t\t\t\t\t<\/div>\n\t\t\t\t<\/div>\n\t\t<div class=\"elementor-element elementor-element-19f6bbf e-flex e-con-boxed e-con e-parent\" data-id=\"19f6bbf\" data-element_type=\"container\">\n\t\t\t\t\t<div class=\"e-con-inner\">\n\t\t<div class=\"elementor-element elementor-element-1d7e67c e-con-full e-flex e-con e-child\" data-id=\"1d7e67c\" data-element_type=\"container\">\n\t\t\t\t<div class=\"elementor-element elementor-element-682ba8d elementor-widget elementor-widget-heading\" data-id=\"682ba8d\" data-element_type=\"widget\" data-widget_type=\"heading.default\">\n\t\t\t\t<div class=\"elementor-widget-container\">\n\t\t\t\t\t<h2 class=\"elementor-heading-title elementor-size-default\">Studentski \u0161tandovi<\/h2>\t\t\t\t<\/div>\n\t\t\t\t<\/div>\n\t\t\t\t<\/div>\n\t\t<div class=\"elementor-element elementor-element-6dc86c3 e-con-full e-flex e-con e-child\" data-id=\"6dc86c3\" data-element_type=\"container\">\n\t\t\t\t<div class=\"elementor-element elementor-element-030c640 elementor-widget elementor-widget-image\" data-id=\"030c640\" data-element_type=\"widget\" data-widget_type=\"image.default\">\n\t\t\t\t<div class=\"elementor-widget-container\">\n\t\t\t\t\t\t\t\t\t\t\t\t\t\t\t<img decoding=\"async\" width=\"300\" height=\"166\" src=\"https:\/\/bioskole.org\/wp-content\/uploads\/2023\/07\/Ucenicko_preduzetnistvoWeb.jpg\" class=\"attachment-large size-large wp-image-659\" alt=\"\" \/>\t\t\t\t\t\t\t\t\t\t\t\t\t\t\t<\/div>\n\t\t\t\t<\/div>\n\t\t\t\t<\/div>\n\t\t\t\t\t<\/div>\n\t\t\t\t<\/div>\n\t\t<div class=\"elementor-element elementor-element-1583d6a e-flex e-con-boxed e-con e-parent\" data-id=\"1583d6a\" data-element_type=\"container\">\n\t\t\t\t\t<div class=\"e-con-inner\">\n\t\t\t\t<div class=\"elementor-element elementor-element-49444de elementor-widget elementor-widget-heading\" data-id=\"49444de\" data-element_type=\"widget\" data-widget_type=\"heading.default\">\n\t\t\t\t<div class=\"elementor-widget-container\">\n\t\t\t\t\t<h2 class=\"elementor-heading-title elementor-size-default\">Biotehnolo\u0161ka \u0161kola \"\u0160umatovac\"<\/h2>\t\t\t\t<\/div>\n\t\t\t\t<\/div>\n\t\t\t\t\t<\/div>\n\t\t\t\t<\/div>\n\t\t<div class=\"elementor-element elementor-element-94c38fe e-flex e-con-boxed e-con e-parent\" data-id=\"94c38fe\" data-element_type=\"container\">\n\t\t\t\t\t<div class=\"e-con-inner\">\n\t\t\t\t<div class=\"elementor-element elementor-element-7515156 elementor-widget elementor-widget-image\" data-id=\"7515156\" data-element_type=\"widget\" data-widget_type=\"image.default\">\n\t\t\t\t<div class=\"elementor-widget-container\">\n\t\t\t\t\t\t\t\t\t\t\t\t\t\t\t<img fetchpriority=\"high\" decoding=\"async\" width=\"600\" height=\"367\" src=\"https:\/\/bioskole.org\/wp-content\/uploads\/2023\/07\/7_cropWeb.jpg\" class=\"attachment-large size-large wp-image-1043\" alt=\"\" srcset=\"https:\/\/bioskole.org\/wp-content\/uploads\/2023\/07\/7_cropWeb.jpg 600w, https:\/\/bioskole.org\/wp-content\/uploads\/2023\/07\/7_cropWeb-300x184.jpg 300w\" sizes=\"(max-width: 600px) 100vw, 600px\" \/>\t\t\t\t\t\t\t\t\t\t\t\t\t\t\t<\/div>\n\t\t\t\t<\/div>\n\t\t\t\t\t<\/div>\n\t\t\t\t<\/div>\n\t\t<div class=\"elementor-element elementor-element-19db8c8 e-flex e-con-boxed e-con e-parent\" data-id=\"19db8c8\" data-element_type=\"container\">\n\t\t\t\t\t<div class=\"e-con-inner\">\n\t\t\t\t<div class=\"elementor-element elementor-element-4b1f818 elementor-widget elementor-widget-heading\" data-id=\"4b1f818\" data-element_type=\"widget\" data-widget_type=\"heading.default\">\n\t\t\t\t<div class=\"elementor-widget-container\">\n\t\t\t\t\t<h2 class=\"elementor-heading-title elementor-size-default\">Biotehni\u0161ka \u0161ola Maribor<\/h2>\t\t\t\t<\/div>\n\t\t\t\t<\/div>\n\t\t\t\t\t<\/div>\n\t\t\t\t<\/div>\n\t\t<div class=\"elementor-element elementor-element-134409b e-flex e-con-boxed e-con e-parent\" data-id=\"134409b\" data-element_type=\"container\">\n\t\t\t\t\t<div class=\"e-con-inner\">\n\t\t\t\t<div class=\"elementor-element elementor-element-73f60bc elementor-widget elementor-widget-image\" data-id=\"73f60bc\" data-element_type=\"widget\" data-widget_type=\"image.default\">\n\t\t\t\t<div class=\"elementor-widget-container\">\n\t\t\t\t\t\t\t\t\t\t\t\t\t\t\t<img decoding=\"async\" width=\"600\" height=\"360\" src=\"https:\/\/bioskole.org\/wp-content\/uploads\/2023\/07\/Stand-siWeb.jpg\" class=\"attachment-large size-large wp-image-665\" alt=\"\" srcset=\"https:\/\/bioskole.org\/wp-content\/uploads\/2023\/07\/Stand-siWeb.jpg 600w, https:\/\/bioskole.org\/wp-content\/uploads\/2023\/07\/Stand-siWeb-300x180.jpg 300w\" sizes=\"(max-width: 600px) 100vw, 600px\" \/>\t\t\t\t\t\t\t\t\t\t\t\t\t\t\t<\/div>\n\t\t\t\t<\/div>\n\t\t\t\t\t<\/div>\n\t\t\t\t<\/div>\n\t\t<div class=\"elementor-element elementor-element-8c26dc0 e-flex e-con-boxed e-con e-parent\" data-id=\"8c26dc0\" data-element_type=\"container\">\n\t\t\t\t\t<div class=\"e-con-inner\">\n\t\t\t\t<div class=\"elementor-element elementor-element-1c20249 elementor-widget elementor-widget-heading\" data-id=\"1c20249\" data-element_type=\"widget\" data-widget_type=\"heading.default\">\n\t\t\t\t<div class=\"elementor-widget-container\">\n\t\t\t\t\t<h2 class=\"elementor-heading-title elementor-size-default\">Gospodarska \u0161kola \u010cakovec<\/h2>\t\t\t\t<\/div>\n\t\t\t\t<\/div>\n\t\t\t\t\t<\/div>\n\t\t\t\t<\/div>\n\t\t<div class=\"elementor-element elementor-element-2a69fe1 e-flex e-con-boxed e-con e-parent\" data-id=\"2a69fe1\" data-element_type=\"container\">\n\t\t\t\t\t<div class=\"e-con-inner\">\n\t\t\t\t<div class=\"elementor-element elementor-element-adeeb03 elementor-widget elementor-widget-image\" data-id=\"adeeb03\" data-element_type=\"widget\" data-widget_type=\"image.default\">\n\t\t\t\t<div class=\"elementor-widget-container\">\n\t\t\t\t\t\t\t\t\t\t\t\t\t\t\t<img loading=\"lazy\" decoding=\"async\" width=\"600\" height=\"430\" src=\"https:\/\/bioskole.org\/wp-content\/uploads\/2023\/07\/Stand-hrWeb.jpg\" class=\"attachment-large size-large wp-image-666\" alt=\"\" srcset=\"https:\/\/bioskole.org\/wp-content\/uploads\/2023\/07\/Stand-hrWeb.jpg 600w, https:\/\/bioskole.org\/wp-content\/uploads\/2023\/07\/Stand-hrWeb-300x215.jpg 300w\" sizes=\"(max-width: 600px) 100vw, 600px\" \/>\t\t\t\t\t\t\t\t\t\t\t\t\t\t\t<\/div>\n\t\t\t\t<\/div>\n\t\t\t\t\t<\/div>\n\t\t\t\t<\/div>\n\t\t\t\t<\/div>\n\t\t","protected":false},"excerpt":{"rendered":"<p>Jagode Vino Jabuke Galerija Kontakt Po\u010detna \u041f\u0443\u0431\u043b\u0438\u043a\u0430\u0446\u0438\u0458\u0435 Proizvodnja hidroponih jagoda u kontroliranim uvjetima Pra\u0107enje mjerljivih parametara https:\/\/bioskole.org\/wp-content\/uploads\/2023\/07\/Pracenje-merljivih-parametra.mp4 Hidroponika https:\/\/bioskole.org\/wp-content\/uploads\/2023\/07\/Hidroponika.mp4 Studentski \u0161tandovi Biotehnolo\u0161ka \u0161kola &#8220;\u0160umatovac&#8221; Biotehni\u0161ka \u0161ola Maribor Gospodarska \u0161kola \u010cakovec<\/p>\n","protected":false},"author":1,"featured_media":0,"parent":0,"menu_order":0,"comment_status":"closed","ping_status":"closed","template":"","meta":{"footnotes":""},"class_list":["post-472","page","type-page","status-publish","hentry"],"yoast_head":"<!-- This site is optimized with the Yoast SEO plugin v26.6 - https:\/\/yoast.com\/wordpress\/plugins\/seo\/ -->\n<title>Jagode_hr - Bio \u0161ole<\/title>\n<meta name=\"robots\" content=\"index, follow, max-snippet:-1, max-image-preview:large, max-video-preview:-1\" \/>\n<link rel=\"canonical\" href=\"https:\/\/bioskole.org\/index.php\/jagode_hr\/\" \/>\n<meta property=\"og:locale\" content=\"en_US\" \/>\n<meta property=\"og:type\" content=\"article\" \/>\n<meta property=\"og:title\" content=\"Jagode_hr - Bio \u0161ole\" \/>\n<meta property=\"og:description\" content=\"Jagode Vino Jabuke Galerija Kontakt Po\u010detna \u041f\u0443\u0431\u043b\u0438\u043a\u0430\u0446\u0438\u0458\u0435 Proizvodnja hidroponih jagoda u kontroliranim uvjetima Pra\u0107enje mjerljivih parametara https:\/\/bioskole.org\/wp-content\/uploads\/2023\/07\/Pracenje-merljivih-parametra.mp4 Hidroponika https:\/\/bioskole.org\/wp-content\/uploads\/2023\/07\/Hidroponika.mp4 Studentski \u0161tandovi Biotehnolo\u0161ka \u0161kola &#8220;\u0160umatovac&#8221; Biotehni\u0161ka \u0161ola Maribor Gospodarska \u0161kola \u010cakovec\" \/>\n<meta property=\"og:url\" content=\"https:\/\/bioskole.org\/index.php\/jagode_hr\/\" \/>\n<meta property=\"og:site_name\" content=\"Bio \u0161ole\" \/>\n<meta property=\"article:modified_time\" content=\"2023-07-12T23:23:23+00:00\" \/>\n<meta property=\"og:image\" content=\"https:\/\/bioskole.org\/wp-content\/uploads\/2023\/07\/Ucenicko_preduzetnistvoWeb.jpg\" \/>\n<meta name=\"twitter:card\" content=\"summary_large_image\" \/>\n<meta name=\"twitter:label1\" content=\"Est. reading time\" \/>\n\t<meta name=\"twitter:data1\" content=\"1 minute\" \/>\n<script type=\"application\/ld+json\" class=\"yoast-schema-graph\">{\"@context\":\"https:\/\/schema.org\",\"@graph\":[{\"@type\":\"WebPage\",\"@id\":\"https:\/\/bioskole.org\/index.php\/jagode_hr\/\",\"url\":\"https:\/\/bioskole.org\/index.php\/jagode_hr\/\",\"name\":\"Jagode_hr - Bio \u0161ole\",\"isPartOf\":{\"@id\":\"https:\/\/bioskole.org\/#website\"},\"primaryImageOfPage\":{\"@id\":\"https:\/\/bioskole.org\/index.php\/jagode_hr\/#primaryimage\"},\"image\":{\"@id\":\"https:\/\/bioskole.org\/index.php\/jagode_hr\/#primaryimage\"},\"thumbnailUrl\":\"https:\/\/bioskole.org\/wp-content\/uploads\/2023\/07\/Ucenicko_preduzetnistvoWeb.jpg\",\"datePublished\":\"2023-07-05T23:57:36+00:00\",\"dateModified\":\"2023-07-12T23:23:23+00:00\",\"breadcrumb\":{\"@id\":\"https:\/\/bioskole.org\/index.php\/jagode_hr\/#breadcrumb\"},\"inLanguage\":\"en-US\",\"potentialAction\":[{\"@type\":\"ReadAction\",\"target\":[\"https:\/\/bioskole.org\/index.php\/jagode_hr\/\"]}]},{\"@type\":\"ImageObject\",\"inLanguage\":\"en-US\",\"@id\":\"https:\/\/bioskole.org\/index.php\/jagode_hr\/#primaryimage\",\"url\":\"https:\/\/bioskole.org\/wp-content\/uploads\/2023\/07\/Ucenicko_preduzetnistvoWeb.jpg\",\"contentUrl\":\"https:\/\/bioskole.org\/wp-content\/uploads\/2023\/07\/Ucenicko_preduzetnistvoWeb.jpg\",\"width\":300,\"height\":166},{\"@type\":\"BreadcrumbList\",\"@id\":\"https:\/\/bioskole.org\/index.php\/jagode_hr\/#breadcrumb\",\"itemListElement\":[{\"@type\":\"ListItem\",\"position\":1,\"name\":\"\u041f\u043e\u0447\u0435\u0442\u043d\u0430\",\"item\":\"https:\/\/bioskole.org\/\"},{\"@type\":\"ListItem\",\"position\":2,\"name\":\"Jagode_hr\"}]},{\"@type\":\"WebSite\",\"@id\":\"https:\/\/bioskole.org\/#website\",\"url\":\"https:\/\/bioskole.org\/\",\"name\":\"Bio \u0161ole\",\"description\":\"\",\"potentialAction\":[{\"@type\":\"SearchAction\",\"target\":{\"@type\":\"EntryPoint\",\"urlTemplate\":\"https:\/\/bioskole.org\/?s={search_term_string}\"},\"query-input\":{\"@type\":\"PropertyValueSpecification\",\"valueRequired\":true,\"valueName\":\"search_term_string\"}}],\"inLanguage\":\"en-US\"}]}<\/script>\n<!-- \/ Yoast SEO plugin. -->","yoast_head_json":{"title":"Jagode_hr - Bio \u0161ole","robots":{"index":"index","follow":"follow","max-snippet":"max-snippet:-1","max-image-preview":"max-image-preview:large","max-video-preview":"max-video-preview:-1"},"canonical":"https:\/\/bioskole.org\/index.php\/jagode_hr\/","og_locale":"en_US","og_type":"article","og_title":"Jagode_hr - Bio \u0161ole","og_description":"Jagode Vino Jabuke Galerija Kontakt Po\u010detna \u041f\u0443\u0431\u043b\u0438\u043a\u0430\u0446\u0438\u0458\u0435 Proizvodnja hidroponih jagoda u kontroliranim uvjetima Pra\u0107enje mjerljivih parametara https:\/\/bioskole.org\/wp-content\/uploads\/2023\/07\/Pracenje-merljivih-parametra.mp4 Hidroponika https:\/\/bioskole.org\/wp-content\/uploads\/2023\/07\/Hidroponika.mp4 Studentski \u0161tandovi Biotehnolo\u0161ka \u0161kola &#8220;\u0160umatovac&#8221; Biotehni\u0161ka \u0161ola Maribor Gospodarska \u0161kola \u010cakovec","og_url":"https:\/\/bioskole.org\/index.php\/jagode_hr\/","og_site_name":"Bio \u0161ole","article_modified_time":"2023-07-12T23:23:23+00:00","og_image":[{"url":"https:\/\/bioskole.org\/wp-content\/uploads\/2023\/07\/Ucenicko_preduzetnistvoWeb.jpg","type":"","width":"","height":""}],"twitter_card":"summary_large_image","twitter_misc":{"Est. reading time":"1 minute"},"schema":{"@context":"https:\/\/schema.org","@graph":[{"@type":"WebPage","@id":"https:\/\/bioskole.org\/index.php\/jagode_hr\/","url":"https:\/\/bioskole.org\/index.php\/jagode_hr\/","name":"Jagode_hr - Bio \u0161ole","isPartOf":{"@id":"https:\/\/bioskole.org\/#website"},"primaryImageOfPage":{"@id":"https:\/\/bioskole.org\/index.php\/jagode_hr\/#primaryimage"},"image":{"@id":"https:\/\/bioskole.org\/index.php\/jagode_hr\/#primaryimage"},"thumbnailUrl":"https:\/\/bioskole.org\/wp-content\/uploads\/2023\/07\/Ucenicko_preduzetnistvoWeb.jpg","datePublished":"2023-07-05T23:57:36+00:00","dateModified":"2023-07-12T23:23:23+00:00","breadcrumb":{"@id":"https:\/\/bioskole.org\/index.php\/jagode_hr\/#breadcrumb"},"inLanguage":"en-US","potentialAction":[{"@type":"ReadAction","target":["https:\/\/bioskole.org\/index.php\/jagode_hr\/"]}]},{"@type":"ImageObject","inLanguage":"en-US","@id":"https:\/\/bioskole.org\/index.php\/jagode_hr\/#primaryimage","url":"https:\/\/bioskole.org\/wp-content\/uploads\/2023\/07\/Ucenicko_preduzetnistvoWeb.jpg","contentUrl":"https:\/\/bioskole.org\/wp-content\/uploads\/2023\/07\/Ucenicko_preduzetnistvoWeb.jpg","width":300,"height":166},{"@type":"BreadcrumbList","@id":"https:\/\/bioskole.org\/index.php\/jagode_hr\/#breadcrumb","itemListElement":[{"@type":"ListItem","position":1,"name":"\u041f\u043e\u0447\u0435\u0442\u043d\u0430","item":"https:\/\/bioskole.org\/"},{"@type":"ListItem","position":2,"name":"Jagode_hr"}]},{"@type":"WebSite","@id":"https:\/\/bioskole.org\/#website","url":"https:\/\/bioskole.org\/","name":"Bio \u0161ole","description":"","potentialAction":[{"@type":"SearchAction","target":{"@type":"EntryPoint","urlTemplate":"https:\/\/bioskole.org\/?s={search_term_string}"},"query-input":{"@type":"PropertyValueSpecification","valueRequired":true,"valueName":"search_term_string"}}],"inLanguage":"en-US"}]}},"_links":{"self":[{"href":"https:\/\/bioskole.org\/index.php\/wp-json\/wp\/v2\/pages\/472","targetHints":{"allow":["GET"]}}],"collection":[{"href":"https:\/\/bioskole.org\/index.php\/wp-json\/wp\/v2\/pages"}],"about":[{"href":"https:\/\/bioskole.org\/index.php\/wp-json\/wp\/v2\/types\/page"}],"author":[{"embeddable":true,"href":"https:\/\/bioskole.org\/index.php\/wp-json\/wp\/v2\/users\/1"}],"replies":[{"embeddable":true,"href":"https:\/\/bioskole.org\/index.php\/wp-json\/wp\/v2\/comments?post=472"}],"version-history":[{"count":13,"href":"https:\/\/bioskole.org\/index.php\/wp-json\/wp\/v2\/pages\/472\/revisions"}],"predecessor-version":[{"id":1046,"href":"https:\/\/bioskole.org\/index.php\/wp-json\/wp\/v2\/pages\/472\/revisions\/1046"}],"wp:attachment":[{"href":"https:\/\/bioskole.org\/index.php\/wp-json\/wp\/v2\/media?parent=472"}],"curies":[{"name":"wp","href":"https:\/\/api.w.org\/{rel}","templated":true}]}}