{"id":457,"date":"2023-07-06T00:45:17","date_gmt":"2023-07-05T23:45:17","guid":{"rendered":"https:\/\/bioskole.org\/?page_id=457"},"modified":"2023-07-25T00:08:06","modified_gmt":"2023-07-24T23:08:06","slug":"aktivnosti_hr","status":"publish","type":"page","link":"https:\/\/bioskole.org\/index.php\/aktivnosti_hr\/","title":{"rendered":"Aktivnosti_hr"},"content":{"rendered":"\t\t<div data-elementor-type=\"wp-page\" data-elementor-id=\"457\" class=\"elementor elementor-457\">\n\t\t\t\t<div class=\"elementor-element elementor-element-33f47f5 e-grid e-con-boxed e-con e-parent\" data-id=\"33f47f5\" data-element_type=\"container\">\n\t\t\t\t\t<div class=\"e-con-inner\">\n\t\t\t\t<div class=\"elementor-element elementor-element-7217548 elementor-align-center elementor-widget elementor-widget-button\" data-id=\"7217548\" data-element_type=\"widget\" data-widget_type=\"button.default\">\n\t\t\t\t<div class=\"elementor-widget-container\">\n\t\t\t\t\t\t\t\t\t<div class=\"elementor-button-wrapper\">\n\t\t\t\t\t<a class=\"elementor-button elementor-button-link elementor-size-sm\" href=\"https:\/\/bioskole.org\/index.php\/jagode_hr\/\">\n\t\t\t\t\t\t<span class=\"elementor-button-content-wrapper\">\n\t\t\t\t\t\t\t\t\t<span class=\"elementor-button-text\">Jagode<\/span>\n\t\t\t\t\t<\/span>\n\t\t\t\t\t<\/a>\n\t\t\t\t<\/div>\n\t\t\t\t\t\t\t\t<\/div>\n\t\t\t\t<\/div>\n\t\t\t\t<div class=\"elementor-element elementor-element-ef55a76 elementor-align-center elementor-widget elementor-widget-button\" data-id=\"ef55a76\" data-element_type=\"widget\" data-widget_type=\"button.default\">\n\t\t\t\t<div class=\"elementor-widget-container\">\n\t\t\t\t\t\t\t\t\t<div class=\"elementor-button-wrapper\">\n\t\t\t\t\t<a class=\"elementor-button elementor-button-link elementor-size-sm\" href=\"https:\/\/bioskole.org\/index.php\/vino_hr\/\">\n\t\t\t\t\t\t<span class=\"elementor-button-content-wrapper\">\n\t\t\t\t\t\t\t\t\t<span class=\"elementor-button-text\">Vino<\/span>\n\t\t\t\t\t<\/span>\n\t\t\t\t\t<\/a>\n\t\t\t\t<\/div>\n\t\t\t\t\t\t\t\t<\/div>\n\t\t\t\t<\/div>\n\t\t\t\t<div class=\"elementor-element elementor-element-27293d1 elementor-align-center elementor-widget elementor-widget-button\" data-id=\"27293d1\" data-element_type=\"widget\" data-widget_type=\"button.default\">\n\t\t\t\t<div class=\"elementor-widget-container\">\n\t\t\t\t\t\t\t\t\t<div class=\"elementor-button-wrapper\">\n\t\t\t\t\t<a class=\"elementor-button elementor-button-link elementor-size-sm\" href=\"https:\/\/bioskole.org\/index.php\/Jabuke_hr\/\">\n\t\t\t\t\t\t<span class=\"elementor-button-content-wrapper\">\n\t\t\t\t\t\t\t\t\t<span class=\"elementor-button-text\">Jabuka<\/span>\n\t\t\t\t\t<\/span>\n\t\t\t\t\t<\/a>\n\t\t\t\t<\/div>\n\t\t\t\t\t\t\t\t<\/div>\n\t\t\t\t<\/div>\n\t\t\t\t<div class=\"elementor-element elementor-element-0fa1958 elementor-align-center elementor-widget elementor-widget-button\" data-id=\"0fa1958\" data-element_type=\"widget\" data-widget_type=\"button.default\">\n\t\t\t\t<div class=\"elementor-widget-container\">\n\t\t\t\t\t\t\t\t\t<div class=\"elementor-button-wrapper\">\n\t\t\t\t\t<a class=\"elementor-button elementor-button-link elementor-size-sm\" href=\"https:\/\/bioskole.org\/index.php\/Galerija\/\">\n\t\t\t\t\t\t<span class=\"elementor-button-content-wrapper\">\n\t\t\t\t\t\t\t\t\t<span class=\"elementor-button-text\">Galerija<\/span>\n\t\t\t\t\t<\/span>\n\t\t\t\t\t<\/a>\n\t\t\t\t<\/div>\n\t\t\t\t\t\t\t\t<\/div>\n\t\t\t\t<\/div>\n\t\t\t\t<div class=\"elementor-element elementor-element-b696bf3 elementor-align-center elementor-widget elementor-widget-button\" data-id=\"b696bf3\" data-element_type=\"widget\" data-widget_type=\"button.default\">\n\t\t\t\t<div class=\"elementor-widget-container\">\n\t\t\t\t\t\t\t\t\t<div class=\"elementor-button-wrapper\">\n\t\t\t\t\t<a class=\"elementor-button elementor-button-link elementor-size-sm\" href=\"https:\/\/bioskole.org\/index.php\/Kontakti\/\">\n\t\t\t\t\t\t<span class=\"elementor-button-content-wrapper\">\n\t\t\t\t\t\t\t\t\t<span class=\"elementor-button-text\">Kontakt<\/span>\n\t\t\t\t\t<\/span>\n\t\t\t\t\t<\/a>\n\t\t\t\t<\/div>\n\t\t\t\t\t\t\t\t<\/div>\n\t\t\t\t<\/div>\n\t\t\t\t<div class=\"elementor-element elementor-element-ed6b88a elementor-align-center elementor-widget elementor-widget-button\" data-id=\"ed6b88a\" data-element_type=\"widget\" data-widget_type=\"button.default\">\n\t\t\t\t<div class=\"elementor-widget-container\">\n\t\t\t\t\t\t\t\t\t<div class=\"elementor-button-wrapper\">\n\t\t\t\t\t<a class=\"elementor-button elementor-button-link elementor-size-sm\" href=\"https:\/\/bioskole.org\/index.php\/start-hr\/\">\n\t\t\t\t\t\t<span class=\"elementor-button-content-wrapper\">\n\t\t\t\t\t\t\t\t\t<span class=\"elementor-button-text\">Po\u010detna<\/span>\n\t\t\t\t\t<\/span>\n\t\t\t\t\t<\/a>\n\t\t\t\t<\/div>\n\t\t\t\t\t\t\t\t<\/div>\n\t\t\t\t<\/div>\n\t\t\t\t<div class=\"elementor-element elementor-element-f39e944 elementor-widget elementor-widget-button\" data-id=\"f39e944\" data-element_type=\"widget\" data-widget_type=\"button.default\">\n\t\t\t\t<div class=\"elementor-widget-container\">\n\t\t\t\t\t\t\t\t\t<div class=\"elementor-button-wrapper\">\n\t\t\t\t\t<a class=\"elementor-button elementor-button-link elementor-size-sm\" href=\"https:\/\/bioskole.org\/index.php\/Publikacije\/\">\n\t\t\t\t\t\t<span class=\"elementor-button-content-wrapper\">\n\t\t\t\t\t\t\t\t\t<span class=\"elementor-button-text\">Publikacije<\/span>\n\t\t\t\t\t<\/span>\n\t\t\t\t\t<\/a>\n\t\t\t\t<\/div>\n\t\t\t\t\t\t\t\t<\/div>\n\t\t\t\t<\/div>\n\t\t\t\t\t<\/div>\n\t\t\t\t<\/div>\n\t\t<div class=\"elementor-element elementor-element-8d8db88 e-flex e-con-boxed e-con e-parent\" data-id=\"8d8db88\" data-element_type=\"container\">\n\t\t\t\t\t<div class=\"e-con-inner\">\n\t\t<div class=\"elementor-element elementor-element-b92b8fb e-con-full e-flex e-con e-child\" data-id=\"b92b8fb\" data-element_type=\"container\">\n\t\t\t\t<div class=\"elementor-element elementor-element-deda33d elementor-widget elementor-widget-image\" data-id=\"deda33d\" data-element_type=\"widget\" data-widget_type=\"image.default\">\n\t\t\t\t<div class=\"elementor-widget-container\">\n\t\t\t\t\t\t\t\t\t\t\t\t\t\t\t\t<a href=\"https:\/\/bioskole.org\/index.php\/jagode_hr\/\">\n\t\t\t\t\t\t\t<img fetchpriority=\"high\" decoding=\"async\" width=\"250\" height=\"316\" src=\"https:\/\/bioskole.org\/wp-content\/uploads\/2023\/07\/Jagode-na-stolu_cutWeb.jpg\" class=\"attachment-large size-large wp-image-637\" alt=\"\" srcset=\"https:\/\/bioskole.org\/wp-content\/uploads\/2023\/07\/Jagode-na-stolu_cutWeb.jpg 250w, https:\/\/bioskole.org\/wp-content\/uploads\/2023\/07\/Jagode-na-stolu_cutWeb-237x300.jpg 237w\" sizes=\"(max-width: 250px) 100vw, 250px\" \/>\t\t\t\t\t\t\t\t<\/a>\n\t\t\t\t\t\t\t\t\t\t\t\t\t\t\t<\/div>\n\t\t\t\t<\/div>\n\t\t\t\t<\/div>\n\t\t<div class=\"elementor-element elementor-element-94f675e e-con-full e-flex e-con e-child\" data-id=\"94f675e\" data-element_type=\"container\">\n\t\t\t\t<div class=\"elementor-element elementor-element-c797891 elementor-widget elementor-widget-text-editor\" data-id=\"c797891\" data-element_type=\"widget\" data-widget_type=\"text-editor.default\">\n\t\t\t\t<div class=\"elementor-widget-container\">\n\t\t\t\t\t\t\t\t\t<p><strong>Prakti\u010dna nastava &#8211; modul hidroponije proizvodnja jagoda u kontroliranim uvjetima s ra\u010dunalnim upravljanjem<\/strong><\/p>\t\t\t\t\t\t\t\t<\/div>\n\t\t\t\t<\/div>\n\t\t\t\t<\/div>\n\t\t\t\t\t<\/div>\n\t\t\t\t<\/div>\n\t\t<div class=\"elementor-element elementor-element-b7aedc0 e-flex e-con-boxed e-con e-parent\" data-id=\"b7aedc0\" data-element_type=\"container\">\n\t\t\t\t\t<div class=\"e-con-inner\">\n\t\t<div class=\"elementor-element elementor-element-136bd4c e-con-full e-flex e-con e-child\" data-id=\"136bd4c\" data-element_type=\"container\">\n\t\t\t\t<div class=\"elementor-element elementor-element-45c5fbc elementor-widget elementor-widget-image\" data-id=\"45c5fbc\" data-element_type=\"widget\" data-widget_type=\"image.default\">\n\t\t\t\t<div class=\"elementor-widget-container\">\n\t\t\t\t\t\t\t\t\t\t\t\t\t\t\t\t<a href=\"https:\/\/bioskole.org\/index.php\/vino_hr\/\">\n\t\t\t\t\t\t\t<img decoding=\"async\" width=\"250\" height=\"216\" src=\"https:\/\/bioskole.org\/wp-content\/uploads\/2023\/07\/grozdje_u_ruciWeb.jpg\" class=\"attachment-large size-large wp-image-636\" alt=\"\" \/>\t\t\t\t\t\t\t\t<\/a>\n\t\t\t\t\t\t\t\t\t\t\t\t\t\t\t<\/div>\n\t\t\t\t<\/div>\n\t\t\t\t<\/div>\n\t\t<div class=\"elementor-element elementor-element-6f36e27 e-con-full e-flex e-con e-child\" data-id=\"6f36e27\" data-element_type=\"container\">\n\t\t\t\t<div class=\"elementor-element elementor-element-a4bfa31 elementor-widget elementor-widget-text-editor\" data-id=\"a4bfa31\" data-element_type=\"widget\" data-widget_type=\"text-editor.default\">\n\t\t\t\t<div class=\"elementor-widget-container\">\n\t\t\t\t\t\t\t\t\t<p><a href=\"https:\/\/bioskole.org\/index.php\/vino_hr\/\"><span style=\"color: #000000;\"><b>Prakti\u010dna nastava \u2013 modul vinogradarstva i proizvodnje vina<\/b><\/span><\/a><\/p>\t\t\t\t\t\t\t\t<\/div>\n\t\t\t\t<\/div>\n\t\t\t\t<\/div>\n\t\t\t\t\t<\/div>\n\t\t\t\t<\/div>\n\t\t<div class=\"elementor-element elementor-element-66c269b e-flex e-con-boxed e-con e-parent\" data-id=\"66c269b\" data-element_type=\"container\">\n\t\t\t\t\t<div class=\"e-con-inner\">\n\t\t<div class=\"elementor-element elementor-element-e927fc6 e-con-full e-flex e-con e-child\" data-id=\"e927fc6\" data-element_type=\"container\">\n\t\t\t\t<div class=\"elementor-element elementor-element-702c99f elementor-widget elementor-widget-image\" data-id=\"702c99f\" data-element_type=\"widget\" data-widget_type=\"image.default\">\n\t\t\t\t<div class=\"elementor-widget-container\">\n\t\t\t\t\t\t\t\t\t\t\t\t\t\t\t\t<a href=\"https:\/\/bioskole.org\/index.php\/Jabuke_hr\/\">\n\t\t\t\t\t\t\t<img decoding=\"async\" width=\"250\" height=\"187\" src=\"https:\/\/bioskole.org\/wp-content\/uploads\/2023\/07\/Jabuke_aktivnostWeb.jpg\" class=\"attachment-large size-large wp-image-635\" alt=\"\" \/>\t\t\t\t\t\t\t\t<\/a>\n\t\t\t\t\t\t\t\t\t\t\t\t\t\t\t<\/div>\n\t\t\t\t<\/div>\n\t\t\t\t<\/div>\n\t\t<div class=\"elementor-element elementor-element-f9e1d8c e-con-full e-flex e-con e-child\" data-id=\"f9e1d8c\" data-element_type=\"container\">\n\t\t\t\t<div class=\"elementor-element elementor-element-352b7d7 elementor-widget elementor-widget-text-editor\" data-id=\"352b7d7\" data-element_type=\"widget\" data-widget_type=\"text-editor.default\">\n\t\t\t\t<div class=\"elementor-widget-container\">\n\t\t\t\t\t\t\t\t\t<p><a href=\"https:\/\/bioskole.org\/index.php\/Jabuke_hr\/\"><span style=\"text-align: var(--text-align); background-color: var(--wp--preset--color--background);\"><span style=\"color: #000000;\"><b>Prakti\u010dna nastava &#8211; proces proizvodnje soka i \u010dipsa od jabuke<\/b><\/span><\/span><\/a><\/p>\t\t\t\t\t\t\t\t<\/div>\n\t\t\t\t<\/div>\n\t\t\t\t<\/div>\n\t\t\t\t\t<\/div>\n\t\t\t\t<\/div>\n\t\t\t\t<\/div>\n\t\t","protected":false},"excerpt":{"rendered":"<p>Jagode Vino Jabuka Galerija Kontakt Po\u010detna Publikacije Prakti\u010dna nastava &#8211; modul hidroponije proizvodnja jagoda u kontroliranim uvjetima s ra\u010dunalnim upravljanjem Prakti\u010dna nastava \u2013 modul vinogradarstva i proizvodnje vina Prakti\u010dna nastava &#8211; proces proizvodnje soka i \u010dipsa od jabuke<\/p>\n","protected":false},"author":1,"featured_media":0,"parent":0,"menu_order":0,"comment_status":"closed","ping_status":"closed","template":"","meta":{"footnotes":""},"class_list":["post-457","page","type-page","status-publish","hentry"],"yoast_head":"<!-- This site is optimized with the Yoast SEO plugin v26.6 - https:\/\/yoast.com\/wordpress\/plugins\/seo\/ -->\n<title>Aktivnosti_hr - Bio \u0161ole<\/title>\n<meta name=\"robots\" content=\"index, follow, max-snippet:-1, max-image-preview:large, max-video-preview:-1\" \/>\n<link rel=\"canonical\" href=\"https:\/\/bioskole.org\/index.php\/aktivnosti_hr\/\" \/>\n<meta property=\"og:locale\" content=\"en_US\" \/>\n<meta property=\"og:type\" content=\"article\" \/>\n<meta property=\"og:title\" content=\"Aktivnosti_hr - Bio \u0161ole\" \/>\n<meta property=\"og:description\" content=\"Jagode Vino Jabuka Galerija Kontakt Po\u010detna Publikacije Prakti\u010dna nastava &#8211; modul hidroponije proizvodnja jagoda u kontroliranim uvjetima s ra\u010dunalnim upravljanjem Prakti\u010dna nastava \u2013 modul vinogradarstva i proizvodnje vina Prakti\u010dna nastava &#8211; proces proizvodnje soka i \u010dipsa od jabuke\" \/>\n<meta property=\"og:url\" content=\"https:\/\/bioskole.org\/index.php\/aktivnosti_hr\/\" \/>\n<meta property=\"og:site_name\" content=\"Bio \u0161ole\" \/>\n<meta property=\"article:modified_time\" content=\"2023-07-24T23:08:06+00:00\" \/>\n<meta property=\"og:image\" content=\"https:\/\/bioskole.org\/wp-content\/uploads\/2023\/07\/Jagode-na-stolu_cutWeb.jpg\" \/>\n<meta name=\"twitter:card\" content=\"summary_large_image\" \/>\n<meta name=\"twitter:label1\" content=\"Est. reading time\" \/>\n\t<meta name=\"twitter:data1\" content=\"1 minute\" \/>\n<script type=\"application\/ld+json\" class=\"yoast-schema-graph\">{\"@context\":\"https:\/\/schema.org\",\"@graph\":[{\"@type\":\"WebPage\",\"@id\":\"https:\/\/bioskole.org\/index.php\/aktivnosti_hr\/\",\"url\":\"https:\/\/bioskole.org\/index.php\/aktivnosti_hr\/\",\"name\":\"Aktivnosti_hr - Bio \u0161ole\",\"isPartOf\":{\"@id\":\"https:\/\/bioskole.org\/#website\"},\"primaryImageOfPage\":{\"@id\":\"https:\/\/bioskole.org\/index.php\/aktivnosti_hr\/#primaryimage\"},\"image\":{\"@id\":\"https:\/\/bioskole.org\/index.php\/aktivnosti_hr\/#primaryimage\"},\"thumbnailUrl\":\"https:\/\/bioskole.org\/wp-content\/uploads\/2023\/07\/Jagode-na-stolu_cutWeb.jpg\",\"datePublished\":\"2023-07-05T23:45:17+00:00\",\"dateModified\":\"2023-07-24T23:08:06+00:00\",\"breadcrumb\":{\"@id\":\"https:\/\/bioskole.org\/index.php\/aktivnosti_hr\/#breadcrumb\"},\"inLanguage\":\"en-US\",\"potentialAction\":[{\"@type\":\"ReadAction\",\"target\":[\"https:\/\/bioskole.org\/index.php\/aktivnosti_hr\/\"]}]},{\"@type\":\"ImageObject\",\"inLanguage\":\"en-US\",\"@id\":\"https:\/\/bioskole.org\/index.php\/aktivnosti_hr\/#primaryimage\",\"url\":\"https:\/\/bioskole.org\/wp-content\/uploads\/2023\/07\/Jagode-na-stolu_cutWeb.jpg\",\"contentUrl\":\"https:\/\/bioskole.org\/wp-content\/uploads\/2023\/07\/Jagode-na-stolu_cutWeb.jpg\",\"width\":250,\"height\":316},{\"@type\":\"BreadcrumbList\",\"@id\":\"https:\/\/bioskole.org\/index.php\/aktivnosti_hr\/#breadcrumb\",\"itemListElement\":[{\"@type\":\"ListItem\",\"position\":1,\"name\":\"\u041f\u043e\u0447\u0435\u0442\u043d\u0430\",\"item\":\"https:\/\/bioskole.org\/\"},{\"@type\":\"ListItem\",\"position\":2,\"name\":\"Aktivnosti_hr\"}]},{\"@type\":\"WebSite\",\"@id\":\"https:\/\/bioskole.org\/#website\",\"url\":\"https:\/\/bioskole.org\/\",\"name\":\"Bio \u0161ole\",\"description\":\"\",\"potentialAction\":[{\"@type\":\"SearchAction\",\"target\":{\"@type\":\"EntryPoint\",\"urlTemplate\":\"https:\/\/bioskole.org\/?s={search_term_string}\"},\"query-input\":{\"@type\":\"PropertyValueSpecification\",\"valueRequired\":true,\"valueName\":\"search_term_string\"}}],\"inLanguage\":\"en-US\"}]}<\/script>\n<!-- \/ Yoast SEO plugin. -->","yoast_head_json":{"title":"Aktivnosti_hr - Bio \u0161ole","robots":{"index":"index","follow":"follow","max-snippet":"max-snippet:-1","max-image-preview":"max-image-preview:large","max-video-preview":"max-video-preview:-1"},"canonical":"https:\/\/bioskole.org\/index.php\/aktivnosti_hr\/","og_locale":"en_US","og_type":"article","og_title":"Aktivnosti_hr - Bio \u0161ole","og_description":"Jagode Vino Jabuka Galerija Kontakt Po\u010detna Publikacije Prakti\u010dna nastava &#8211; modul hidroponije proizvodnja jagoda u kontroliranim uvjetima s ra\u010dunalnim upravljanjem Prakti\u010dna nastava \u2013 modul vinogradarstva i proizvodnje vina Prakti\u010dna nastava &#8211; proces proizvodnje soka i \u010dipsa od jabuke","og_url":"https:\/\/bioskole.org\/index.php\/aktivnosti_hr\/","og_site_name":"Bio \u0161ole","article_modified_time":"2023-07-24T23:08:06+00:00","og_image":[{"url":"https:\/\/bioskole.org\/wp-content\/uploads\/2023\/07\/Jagode-na-stolu_cutWeb.jpg","type":"","width":"","height":""}],"twitter_card":"summary_large_image","twitter_misc":{"Est. reading time":"1 minute"},"schema":{"@context":"https:\/\/schema.org","@graph":[{"@type":"WebPage","@id":"https:\/\/bioskole.org\/index.php\/aktivnosti_hr\/","url":"https:\/\/bioskole.org\/index.php\/aktivnosti_hr\/","name":"Aktivnosti_hr - Bio \u0161ole","isPartOf":{"@id":"https:\/\/bioskole.org\/#website"},"primaryImageOfPage":{"@id":"https:\/\/bioskole.org\/index.php\/aktivnosti_hr\/#primaryimage"},"image":{"@id":"https:\/\/bioskole.org\/index.php\/aktivnosti_hr\/#primaryimage"},"thumbnailUrl":"https:\/\/bioskole.org\/wp-content\/uploads\/2023\/07\/Jagode-na-stolu_cutWeb.jpg","datePublished":"2023-07-05T23:45:17+00:00","dateModified":"2023-07-24T23:08:06+00:00","breadcrumb":{"@id":"https:\/\/bioskole.org\/index.php\/aktivnosti_hr\/#breadcrumb"},"inLanguage":"en-US","potentialAction":[{"@type":"ReadAction","target":["https:\/\/bioskole.org\/index.php\/aktivnosti_hr\/"]}]},{"@type":"ImageObject","inLanguage":"en-US","@id":"https:\/\/bioskole.org\/index.php\/aktivnosti_hr\/#primaryimage","url":"https:\/\/bioskole.org\/wp-content\/uploads\/2023\/07\/Jagode-na-stolu_cutWeb.jpg","contentUrl":"https:\/\/bioskole.org\/wp-content\/uploads\/2023\/07\/Jagode-na-stolu_cutWeb.jpg","width":250,"height":316},{"@type":"BreadcrumbList","@id":"https:\/\/bioskole.org\/index.php\/aktivnosti_hr\/#breadcrumb","itemListElement":[{"@type":"ListItem","position":1,"name":"\u041f\u043e\u0447\u0435\u0442\u043d\u0430","item":"https:\/\/bioskole.org\/"},{"@type":"ListItem","position":2,"name":"Aktivnosti_hr"}]},{"@type":"WebSite","@id":"https:\/\/bioskole.org\/#website","url":"https:\/\/bioskole.org\/","name":"Bio \u0161ole","description":"","potentialAction":[{"@type":"SearchAction","target":{"@type":"EntryPoint","urlTemplate":"https:\/\/bioskole.org\/?s={search_term_string}"},"query-input":{"@type":"PropertyValueSpecification","valueRequired":true,"valueName":"search_term_string"}}],"inLanguage":"en-US"}]}},"_links":{"self":[{"href":"https:\/\/bioskole.org\/index.php\/wp-json\/wp\/v2\/pages\/457","targetHints":{"allow":["GET"]}}],"collection":[{"href":"https:\/\/bioskole.org\/index.php\/wp-json\/wp\/v2\/pages"}],"about":[{"href":"https:\/\/bioskole.org\/index.php\/wp-json\/wp\/v2\/types\/page"}],"author":[{"embeddable":true,"href":"https:\/\/bioskole.org\/index.php\/wp-json\/wp\/v2\/users\/1"}],"replies":[{"embeddable":true,"href":"https:\/\/bioskole.org\/index.php\/wp-json\/wp\/v2\/comments?post=457"}],"version-history":[{"count":19,"href":"https:\/\/bioskole.org\/index.php\/wp-json\/wp\/v2\/pages\/457\/revisions"}],"predecessor-version":[{"id":1132,"href":"https:\/\/bioskole.org\/index.php\/wp-json\/wp\/v2\/pages\/457\/revisions\/1132"}],"wp:attachment":[{"href":"https:\/\/bioskole.org\/index.php\/wp-json\/wp\/v2\/media?parent=457"}],"curies":[{"name":"wp","href":"https:\/\/api.w.org\/{rel}","templated":true}]}}