{"id":440,"date":"2023-07-06T00:23:58","date_gmt":"2023-07-05T23:23:58","guid":{"rendered":"https:\/\/bioskole.org\/?page_id=440"},"modified":"2023-07-12T17:16:57","modified_gmt":"2023-07-12T16:16:57","slug":"o_nas-si","status":"publish","type":"page","link":"https:\/\/bioskole.org\/index.php\/o_nas-si\/","title":{"rendered":"O_nas-si"},"content":{"rendered":"\t\t<div data-elementor-type=\"wp-page\" data-elementor-id=\"440\" class=\"elementor elementor-440\">\n\t\t\t\t<div class=\"elementor-element elementor-element-831246e e-grid e-con-boxed e-con e-parent\" data-id=\"831246e\" data-element_type=\"container\">\n\t\t\t\t\t<div class=\"e-con-inner\">\n\t\t\t\t<div class=\"elementor-element elementor-element-2e40e29 elementor-align-center elementor-widget elementor-widget-button\" data-id=\"2e40e29\" data-element_type=\"widget\" data-widget_type=\"button.default\">\n\t\t\t\t<div class=\"elementor-widget-container\">\n\t\t\t\t\t\t\t\t\t<div class=\"elementor-button-wrapper\">\n\t\t\t\t\t<a class=\"elementor-button elementor-button-link elementor-size-sm\" href=\"https:\/\/bioskole.org\/index.php\/O_nas-si\/\">\n\t\t\t\t\t\t<span class=\"elementor-button-content-wrapper\">\n\t\t\t\t\t\t\t\t\t<span class=\"elementor-button-text\">\u041e nas<\/span>\n\t\t\t\t\t<\/span>\n\t\t\t\t\t<\/a>\n\t\t\t\t<\/div>\n\t\t\t\t\t\t\t\t<\/div>\n\t\t\t\t<\/div>\n\t\t\t\t<div class=\"elementor-element elementor-element-584c121 elementor-align-center elementor-widget elementor-widget-button\" data-id=\"584c121\" data-element_type=\"widget\" data-widget_type=\"button.default\">\n\t\t\t\t<div class=\"elementor-widget-container\">\n\t\t\t\t\t\t\t\t\t<div class=\"elementor-button-wrapper\">\n\t\t\t\t\t<a class=\"elementor-button elementor-button-link elementor-size-sm\" href=\"https:\/\/bioskole.org\/index.php\/Aktivnosti_si\/\">\n\t\t\t\t\t\t<span class=\"elementor-button-content-wrapper\">\n\t\t\t\t\t\t\t\t\t<span class=\"elementor-button-text\">Aktivnosti<\/span>\n\t\t\t\t\t<\/span>\n\t\t\t\t\t<\/a>\n\t\t\t\t<\/div>\n\t\t\t\t\t\t\t\t<\/div>\n\t\t\t\t<\/div>\n\t\t\t\t<div class=\"elementor-element elementor-element-4e3dc7a elementor-align-center elementor-widget elementor-widget-button\" data-id=\"4e3dc7a\" data-element_type=\"widget\" data-widget_type=\"button.default\">\n\t\t\t\t<div class=\"elementor-widget-container\">\n\t\t\t\t\t\t\t\t\t<div class=\"elementor-button-wrapper\">\n\t\t\t\t\t<a class=\"elementor-button elementor-button-link elementor-size-sm\" href=\"https:\/\/bioskole.org\/index.php\/Publikacije\/\">\n\t\t\t\t\t\t<span class=\"elementor-button-content-wrapper\">\n\t\t\t\t\t\t\t\t\t<span class=\"elementor-button-text\">Publikacije<\/span>\n\t\t\t\t\t<\/span>\n\t\t\t\t\t<\/a>\n\t\t\t\t<\/div>\n\t\t\t\t\t\t\t\t<\/div>\n\t\t\t\t<\/div>\n\t\t\t\t<div class=\"elementor-element elementor-element-5bb6b69 elementor-align-center elementor-widget elementor-widget-button\" data-id=\"5bb6b69\" data-element_type=\"widget\" data-widget_type=\"button.default\">\n\t\t\t\t<div class=\"elementor-widget-container\">\n\t\t\t\t\t\t\t\t\t<div class=\"elementor-button-wrapper\">\n\t\t\t\t\t<a class=\"elementor-button elementor-button-link elementor-size-sm\" href=\"https:\/\/bioskole.org\/index.php\/Galerija\/\">\n\t\t\t\t\t\t<span class=\"elementor-button-content-wrapper\">\n\t\t\t\t\t\t\t\t\t<span class=\"elementor-button-text\">Galerija<\/span>\n\t\t\t\t\t<\/span>\n\t\t\t\t\t<\/a>\n\t\t\t\t<\/div>\n\t\t\t\t\t\t\t\t<\/div>\n\t\t\t\t<\/div>\n\t\t\t\t<div class=\"elementor-element elementor-element-2c45147 elementor-align-center elementor-widget elementor-widget-button\" data-id=\"2c45147\" data-element_type=\"widget\" data-widget_type=\"button.default\">\n\t\t\t\t<div class=\"elementor-widget-container\">\n\t\t\t\t\t\t\t\t\t<div class=\"elementor-button-wrapper\">\n\t\t\t\t\t<a class=\"elementor-button elementor-button-link elementor-size-sm\" href=\"https:\/\/bioskole.org\/index.php\/Kontakti\/\">\n\t\t\t\t\t\t<span class=\"elementor-button-content-wrapper\">\n\t\t\t\t\t\t\t\t\t<span class=\"elementor-button-text\">Kontakt<\/span>\n\t\t\t\t\t<\/span>\n\t\t\t\t\t<\/a>\n\t\t\t\t<\/div>\n\t\t\t\t\t\t\t\t<\/div>\n\t\t\t\t<\/div>\n\t\t\t\t<div class=\"elementor-element elementor-element-284ebab elementor-align-center elementor-widget elementor-widget-button\" data-id=\"284ebab\" data-element_type=\"widget\" data-widget_type=\"button.default\">\n\t\t\t\t<div class=\"elementor-widget-container\">\n\t\t\t\t\t\t\t\t\t<div class=\"elementor-button-wrapper\">\n\t\t\t\t\t<a class=\"elementor-button elementor-button-link elementor-size-sm\" href=\"https:\/\/bioskole.org\/index.php\/start-si\/\">\n\t\t\t\t\t\t<span class=\"elementor-button-content-wrapper\">\n\t\t\t\t\t\t\t\t\t<span class=\"elementor-button-text\">Doma\u010da<\/span>\n\t\t\t\t\t<\/span>\n\t\t\t\t\t<\/a>\n\t\t\t\t<\/div>\n\t\t\t\t\t\t\t\t<\/div>\n\t\t\t\t<\/div>\n\t\t\t\t\t<\/div>\n\t\t\t\t<\/div>\n\t\t<div class=\"elementor-element elementor-element-95de955 e-flex e-con-boxed e-con e-parent\" data-id=\"95de955\" data-element_type=\"container\">\n\t\t\t\t\t<div class=\"e-con-inner\">\n\t\t\t\t<div class=\"elementor-element elementor-element-c88a601 elementor-widget__width-initial elementor-widget elementor-widget-heading\" data-id=\"c88a601\" data-element_type=\"widget\" data-widget_type=\"heading.default\">\n\t\t\t\t<div class=\"elementor-widget-container\">\n\t\t\t\t\t<h2 class=\"elementor-heading-title elementor-size-default\">Partnerji v projektu<\/h2>\t\t\t\t<\/div>\n\t\t\t\t<\/div>\n\t\t\t\t\t<\/div>\n\t\t\t\t<\/div>\n\t\t<div class=\"elementor-element elementor-element-ee8069a e-flex e-con-boxed e-con e-parent\" data-id=\"ee8069a\" data-element_type=\"container\">\n\t\t\t\t\t<div class=\"e-con-inner\">\n\t\t\t\t<div class=\"elementor-element elementor-element-7d41b96 elementor-widget__width-initial elementor-widget elementor-widget-heading\" data-id=\"7d41b96\" data-element_type=\"widget\" data-widget_type=\"heading.default\">\n\t\t\t\t<div class=\"elementor-widget-container\">\n\t\t\t\t\t<h2 class=\"elementor-heading-title elementor-size-default\">Biotehnolo\u0161ka \u0161kola \"\u0160umatovac\"<\/h2>\t\t\t\t<\/div>\n\t\t\t\t<\/div>\n\t\t\t\t\t<\/div>\n\t\t\t\t<\/div>\n\t\t<div class=\"elementor-element elementor-element-93c9c51 e-con-full e-flex e-con e-parent\" data-id=\"93c9c51\" data-element_type=\"container\">\n\t\t\t\t<div class=\"elementor-element elementor-element-9079cd6 elementor-widget elementor-widget-image\" data-id=\"9079cd6\" data-element_type=\"widget\" data-widget_type=\"image.default\">\n\t\t\t\t<div class=\"elementor-widget-container\">\n\t\t\t\t\t\t\t\t\t\t\t\t\t\t\t<img fetchpriority=\"high\" decoding=\"async\" width=\"877\" height=\"280\" src=\"https:\/\/bioskole.org\/wp-content\/uploads\/2023\/07\/slika_skole-al_web.jpg\" class=\"attachment-large size-large wp-image-622\" alt=\"\" srcset=\"https:\/\/bioskole.org\/wp-content\/uploads\/2023\/07\/slika_skole-al_web.jpg 877w, https:\/\/bioskole.org\/wp-content\/uploads\/2023\/07\/slika_skole-al_web-300x96.jpg 300w, https:\/\/bioskole.org\/wp-content\/uploads\/2023\/07\/slika_skole-al_web-768x245.jpg 768w\" sizes=\"(max-width: 877px) 100vw, 877px\" \/>\t\t\t\t\t\t\t\t\t\t\t\t\t\t\t<\/div>\n\t\t\t\t<\/div>\n\t\t\t\t<\/div>\n\t\t<div class=\"elementor-element elementor-element-b2accfd e-flex e-con-boxed e-con e-parent\" data-id=\"b2accfd\" data-element_type=\"container\">\n\t\t\t\t\t<div class=\"e-con-inner\">\n\t\t\t\t<div class=\"elementor-element elementor-element-8a611c3 elementor-widget elementor-widget-text-editor\" data-id=\"8a611c3\" data-element_type=\"widget\" data-widget_type=\"text-editor.default\">\n\t\t\t\t<div class=\"elementor-widget-container\">\n\t\t\t\t\t\t\t\t\t<p>Biotehni\u0161ka \u0161ola &#8220;\u0160UMATOVAC&#8221; v Aleksincu je bila ustanovljena 15. junija 1990. \u0160ola izobra\u017euje tri- in \u0161tiriletne izobra\u017eevalne profile smeri kmetijstvo, pridelava in \u017eivilstvo. Je edina \u0161ola v Ni\u0161avskem okraju, ki se ukvarja z izobra\u017eevanjem na podro\u010dju kmetijstva in \u017eivilstva. Na \u0161oli je trenutno okoli 200 u\u010dencev in 50 zaposlenih, od tega 35 u\u010diteljev. \u0160tiriletni izobra\u017eevalni profili so: kmetijski tehnik, tehnik hortikulture in tehnik biotehnologije. Triletni izobra\u017eevalni profili izobra\u017eujejo: cvetli\u010dar-vrtnar, pek, mesar, predelovalec mleka in strojnik-mehanik kmetijskih strojev. V izobra\u017eevanju odraslih izvaja usposabljanja za zaposlene in podjetnike v kmetijstvu: Informatika za kmete, Hidroponi\u010dna pridelava jagod v kontroliranih pogojih. ..<a href=\"https:\/\/sumatovac.edu.rs\">.Ve\u010d<\/a><\/p>\t\t\t\t\t\t\t\t<\/div>\n\t\t\t\t<\/div>\n\t\t\t\t\t<\/div>\n\t\t\t\t<\/div>\n\t\t<div class=\"elementor-element elementor-element-165869e e-flex e-con-boxed e-con e-parent\" data-id=\"165869e\" data-element_type=\"container\">\n\t\t\t\t\t<div class=\"e-con-inner\">\n\t\t\t\t<div class=\"elementor-element elementor-element-c5ac9ef elementor-widget__width-initial elementor-widget elementor-widget-heading\" data-id=\"c5ac9ef\" data-element_type=\"widget\" data-widget_type=\"heading.default\">\n\t\t\t\t<div class=\"elementor-widget-container\">\n\t\t\t\t\t<h2 class=\"elementor-heading-title elementor-size-default\">Biotehni\u0161ka \u0161ola Maribor<\/h2>\t\t\t\t<\/div>\n\t\t\t\t<\/div>\n\t\t\t\t\t<\/div>\n\t\t\t\t<\/div>\n\t\t<div class=\"elementor-element elementor-element-25976de e-con-full e-flex e-con e-parent\" data-id=\"25976de\" data-element_type=\"container\">\n\t\t\t\t<div class=\"elementor-element elementor-element-5b24fac elementor-widget elementor-widget-image\" data-id=\"5b24fac\" data-element_type=\"widget\" data-widget_type=\"image.default\">\n\t\t\t\t<div class=\"elementor-widget-container\">\n\t\t\t\t\t\t\t\t\t\t\t\t\t\t\t<img decoding=\"async\" width=\"632\" height=\"221\" src=\"https:\/\/bioskole.org\/wp-content\/uploads\/2023\/07\/skola_Maribor.png\" class=\"attachment-large size-large wp-image-623\" alt=\"\" srcset=\"https:\/\/bioskole.org\/wp-content\/uploads\/2023\/07\/skola_Maribor.png 632w, https:\/\/bioskole.org\/wp-content\/uploads\/2023\/07\/skola_Maribor-300x105.png 300w\" sizes=\"(max-width: 632px) 100vw, 632px\" \/>\t\t\t\t\t\t\t\t\t\t\t\t\t\t\t<\/div>\n\t\t\t\t<\/div>\n\t\t\t\t<\/div>\n\t\t<div class=\"elementor-element elementor-element-0b5ee6f e-con-full e-flex e-con e-parent\" data-id=\"0b5ee6f\" data-element_type=\"container\">\n\t\t\t\t<div class=\"elementor-element elementor-element-394d3ad elementor-widget elementor-widget-text-editor\" data-id=\"394d3ad\" data-element_type=\"widget\" data-widget_type=\"text-editor.default\">\n\t\t\t\t<div class=\"elementor-widget-container\">\n\t\t\t\t\t\t\t\t\t<p>\u0160ola ima pribli\u017eno 600 u\u010dencev, ki so razdeljeni v 23 razli\u010dnih razredov. Pred enajstimi leti smo za\u010deli postopoma uvajati prenovljene programe, ki so modularno zasnovani in dajejo ve\u010dji poudarek povezovanju teorije in prakse ter omogo\u010dajo ve\u010djo izbiro. Zato so vsi programi popolnoma prenovljeni. Dijaki se izobra\u017eujejo v triletnih, \u0161tiriletnih in nadaljevalnih (3+2) programih ter posebnih izobra\u017eevalnih programih (izobra\u017eevanje odraslih).<\/p><p>Biotehni\u0161ka \u0161ola Maribor izobra\u017euje dijake in u\u010ditelje ter deli inovativna znanja za PRIDELAVO IN PREDELAVO \u017dIVIL &#8211; formalno in neformalno izobra\u017eevanje. \u0160tudent zna: \u2022 izbrati sorto in gojitveno obliko vinske trte, \u2022 obdelovati in negovati vinograd, \u2022 prepoznati gospodarsko pomembne bolezni in \u0161kodljivce vinske trte ter po navodilih izvajati varstvo v skladu z na\u010deli varstva narave in zdravja. , \u2022 predelava grozdja, negovanje mo\u0161ta in vina, \u2022 uporaba ustreznih komunikacijskih sredstev pri re\u0161evanju problemov, organizaciji dela in opravljanju individualnih nalog, \u2022 razvijanje ustvarjalnega mi\u0161ljenja in sposobnosti re\u0161evanja problemov, \u2022 razvijanje poklicne odgovornosti in organizacijske kulture na delovnem mestu, \u2022 povezovanje teoreti\u010dno in prakti\u010dno znanje. \u2022 pove\u010dati zaposljivost in zaposlitvene mo\u017enosti \u2022 pove\u010dati iniciativnost in podjetnost. &#8230;<span style=\"color: #0000ff;\"><a style=\"text-underline-offset: 0.25ch; text-decoration-style: dashed; color: #0000ff;\" href=\"https:\/\/www.bts.si\" data-wplink-edit=\"true\"><u><b>Ve\u010d<\/b><\/u><\/a><\/span><\/p>\t\t\t\t\t\t\t\t<\/div>\n\t\t\t\t<\/div>\n\t\t\t\t<\/div>\n\t\t<div class=\"elementor-element elementor-element-fdbac4b e-flex e-con-boxed e-con e-parent\" data-id=\"fdbac4b\" data-element_type=\"container\">\n\t\t\t\t\t<div class=\"e-con-inner\">\n\t\t\t\t<div class=\"elementor-element elementor-element-7e18da0 elementor-widget__width-initial elementor-widget elementor-widget-heading\" data-id=\"7e18da0\" data-element_type=\"widget\" data-widget_type=\"heading.default\">\n\t\t\t\t<div class=\"elementor-widget-container\">\n\t\t\t\t\t<h2 class=\"elementor-heading-title elementor-size-default\">Gospodarska \u0161kola \u010cakovec<\/h2>\t\t\t\t<\/div>\n\t\t\t\t<\/div>\n\t\t\t\t\t<\/div>\n\t\t\t\t<\/div>\n\t\t<div class=\"elementor-element elementor-element-476eae6 e-con-full e-flex e-con e-parent\" data-id=\"476eae6\" data-element_type=\"container\">\n\t\t\t\t<div class=\"elementor-element elementor-element-06612cd elementor-widget elementor-widget-image\" data-id=\"06612cd\" data-element_type=\"widget\" data-widget_type=\"image.default\">\n\t\t\t\t<div class=\"elementor-widget-container\">\n\t\t\t\t\t\t\t\t\t\t\t\t\t\t\t<img decoding=\"async\" width=\"600\" height=\"265\" src=\"https:\/\/bioskole.org\/wp-content\/uploads\/2023\/07\/Gospodarska_Cakovecweb.jpg\" class=\"attachment-large size-large wp-image-624\" alt=\"\" srcset=\"https:\/\/bioskole.org\/wp-content\/uploads\/2023\/07\/Gospodarska_Cakovecweb.jpg 600w, https:\/\/bioskole.org\/wp-content\/uploads\/2023\/07\/Gospodarska_Cakovecweb-300x133.jpg 300w\" sizes=\"(max-width: 600px) 100vw, 600px\" \/>\t\t\t\t\t\t\t\t\t\t\t\t\t\t\t<\/div>\n\t\t\t\t<\/div>\n\t\t\t\t<\/div>\n\t\t<div class=\"elementor-element elementor-element-510ca8c e-flex e-con-boxed e-con e-parent\" data-id=\"510ca8c\" data-element_type=\"container\">\n\t\t\t\t\t<div class=\"e-con-inner\">\n\t\t\t\t<div class=\"elementor-element elementor-element-a3ffdf7 elementor-widget elementor-widget-text-editor\" data-id=\"a3ffdf7\" data-element_type=\"widget\" data-widget_type=\"text-editor.default\">\n\t\t\t\t<div class=\"elementor-widget-container\">\n\t\t\t\t\t\t\t\t\t<p>Gospodarska \u0161ola je strokovna \u0161ola, ustanovljena leta 1994. Dijaki na\u0161e \u0161ole se izobra\u017eujejo za 15 poklicev s podro\u010dja kmetijstvo\/\u017eivilstvo\/veterina, promet in logistika, osebne storitve in tekstilstvo. \u0160ola ima okoli 400 u\u010dencev. Kmetijski poklici na \u0161oli so \u0161tiriletni kmetijski tehnik, triletni cvetli\u010dar, kmet, pomo\u010dnik cvetli\u010darja in pomo\u010dnik vrtnarja. Kmetijski tehnik je poklic, ki ga je mo\u017eno \u0161tudirati na fakulteti ali se po srednji \u0161oli zaposliti v kmetijstvu. Cvetli\u010dar je lahko zaposlen v cvetli\u010darni ali pa je lastnik cvetli\u010darne. Kmet je lahko zaposlen v kmetijstvu kot delavec ali pa obdeluje svojo njivo. gospodarstvo. Pomo\u010dnik cvetli\u010darja in pomo\u010dnik vrtnarja lahko opravljata delo pomo\u010dnika v cvetli\u010darstvu in poljedelstvu.<\/p><p>\u00a0<\/p><p>Gospodarska \u0161ola \u017ee od za\u010detka svojega delovanja leta 1994 prideluje sadje, zelenjavo in cvetje na 12 ha kmetijsko-ekonomske \u0161ole. Izdelavo izvajajo u\u010ditelji in \u0161tudenti skupaj pri prakti\u010dnem pouku. V preteklih letih so pu\u0161\u010davo uredili za velik zelenjavni vrt, sadovnjak v velikosti 0,8ha, njive, dendrolo\u0161ko postajo in postavili rastlinjake za drevesni\u0161ko pridelavo. Predelavo grozdja v vino in jabolk v sok in \u010dips so za\u010deli izvajati postopoma, potem ko so u\u010ditelji in dijaki spoznali in osvojili tehnologijo kmetijske pridelave v \u0161olskih razmerah, prilagojenih srednje\u0161olcem. Tako z dijaki nastajajo izdelki z vi\u0161jo tr\u017eno vrednostjo. Tehnologija izdelave kakovostnega soka prijetnega okusa in arome se razvija \u017ee vrsto let. &#8230;&#8230;.<span style=\"color: #0000ff;\"><em><strong><a style=\"color: #0000ff;\" href=\"https:\/\/www.gospodarskaskola.hr\">Ve\u010d<\/a><\/strong><\/em><\/span><\/p>\t\t\t\t\t\t\t\t<\/div>\n\t\t\t\t<\/div>\n\t\t\t\t\t<\/div>\n\t\t\t\t<\/div>\n\t\t\t\t<\/div>\n\t\t","protected":false},"excerpt":{"rendered":"<p>\u041e nas Aktivnosti Publikacije Galerija Kontakt Doma\u010da Partnerji v projektu Biotehnolo\u0161ka \u0161kola &#8220;\u0160umatovac&#8221; Biotehni\u0161ka \u0161ola &#8220;\u0160UMATOVAC&#8221; v Aleksincu je bila ustanovljena 15. junija 1990. \u0160ola izobra\u017euje tri- in \u0161tiriletne izobra\u017eevalne profile smeri kmetijstvo, pridelava in \u017eivilstvo. Je edina \u0161ola v Ni\u0161avskem okraju, ki se ukvarja z izobra\u017eevanjem na podro\u010dju kmetijstva in \u017eivilstva. Na \u0161oli je [&hellip;]<\/p>\n","protected":false},"author":1,"featured_media":0,"parent":0,"menu_order":0,"comment_status":"closed","ping_status":"closed","template":"","meta":{"footnotes":""},"class_list":["post-440","page","type-page","status-publish","hentry"],"yoast_head":"<!-- This site is optimized with the Yoast SEO plugin v26.6 - https:\/\/yoast.com\/wordpress\/plugins\/seo\/ -->\n<title>O_nas-si - Bio \u0161ole<\/title>\n<meta name=\"robots\" content=\"index, follow, max-snippet:-1, max-image-preview:large, max-video-preview:-1\" \/>\n<link rel=\"canonical\" href=\"https:\/\/bioskole.org\/index.php\/o_nas-si\/\" \/>\n<meta property=\"og:locale\" content=\"en_US\" \/>\n<meta property=\"og:type\" content=\"article\" \/>\n<meta property=\"og:title\" content=\"O_nas-si - Bio \u0161ole\" \/>\n<meta property=\"og:description\" content=\"\u041e nas Aktivnosti Publikacije Galerija Kontakt Doma\u010da Partnerji v projektu Biotehnolo\u0161ka \u0161kola &#8220;\u0160umatovac&#8221; Biotehni\u0161ka \u0161ola &#8220;\u0160UMATOVAC&#8221; v Aleksincu je bila ustanovljena 15. junija 1990. \u0160ola izobra\u017euje tri- in \u0161tiriletne izobra\u017eevalne profile smeri kmetijstvo, pridelava in \u017eivilstvo. Je edina \u0161ola v Ni\u0161avskem okraju, ki se ukvarja z izobra\u017eevanjem na podro\u010dju kmetijstva in \u017eivilstva. Na \u0161oli je [&hellip;]\" \/>\n<meta property=\"og:url\" content=\"https:\/\/bioskole.org\/index.php\/o_nas-si\/\" \/>\n<meta property=\"og:site_name\" content=\"Bio \u0161ole\" \/>\n<meta property=\"article:modified_time\" content=\"2023-07-12T16:16:57+00:00\" \/>\n<meta property=\"og:image\" content=\"https:\/\/bioskole.org\/wp-content\/uploads\/2023\/07\/slika_skole-al_web.jpg\" \/>\n<meta name=\"twitter:card\" content=\"summary_large_image\" \/>\n<meta name=\"twitter:label1\" content=\"Est. reading time\" \/>\n\t<meta name=\"twitter:data1\" content=\"3 minutes\" \/>\n<script type=\"application\/ld+json\" class=\"yoast-schema-graph\">{\"@context\":\"https:\/\/schema.org\",\"@graph\":[{\"@type\":\"WebPage\",\"@id\":\"https:\/\/bioskole.org\/index.php\/o_nas-si\/\",\"url\":\"https:\/\/bioskole.org\/index.php\/o_nas-si\/\",\"name\":\"O_nas-si - Bio \u0161ole\",\"isPartOf\":{\"@id\":\"https:\/\/bioskole.org\/#website\"},\"primaryImageOfPage\":{\"@id\":\"https:\/\/bioskole.org\/index.php\/o_nas-si\/#primaryimage\"},\"image\":{\"@id\":\"https:\/\/bioskole.org\/index.php\/o_nas-si\/#primaryimage\"},\"thumbnailUrl\":\"https:\/\/bioskole.org\/wp-content\/uploads\/2023\/07\/slika_skole-al_web.jpg\",\"datePublished\":\"2023-07-05T23:23:58+00:00\",\"dateModified\":\"2023-07-12T16:16:57+00:00\",\"breadcrumb\":{\"@id\":\"https:\/\/bioskole.org\/index.php\/o_nas-si\/#breadcrumb\"},\"inLanguage\":\"en-US\",\"potentialAction\":[{\"@type\":\"ReadAction\",\"target\":[\"https:\/\/bioskole.org\/index.php\/o_nas-si\/\"]}]},{\"@type\":\"ImageObject\",\"inLanguage\":\"en-US\",\"@id\":\"https:\/\/bioskole.org\/index.php\/o_nas-si\/#primaryimage\",\"url\":\"https:\/\/bioskole.org\/wp-content\/uploads\/2023\/07\/slika_skole-al_web.jpg\",\"contentUrl\":\"https:\/\/bioskole.org\/wp-content\/uploads\/2023\/07\/slika_skole-al_web.jpg\",\"width\":877,\"height\":280},{\"@type\":\"BreadcrumbList\",\"@id\":\"https:\/\/bioskole.org\/index.php\/o_nas-si\/#breadcrumb\",\"itemListElement\":[{\"@type\":\"ListItem\",\"position\":1,\"name\":\"\u041f\u043e\u0447\u0435\u0442\u043d\u0430\",\"item\":\"https:\/\/bioskole.org\/\"},{\"@type\":\"ListItem\",\"position\":2,\"name\":\"O_nas-si\"}]},{\"@type\":\"WebSite\",\"@id\":\"https:\/\/bioskole.org\/#website\",\"url\":\"https:\/\/bioskole.org\/\",\"name\":\"Bio \u0161ole\",\"description\":\"\",\"potentialAction\":[{\"@type\":\"SearchAction\",\"target\":{\"@type\":\"EntryPoint\",\"urlTemplate\":\"https:\/\/bioskole.org\/?s={search_term_string}\"},\"query-input\":{\"@type\":\"PropertyValueSpecification\",\"valueRequired\":true,\"valueName\":\"search_term_string\"}}],\"inLanguage\":\"en-US\"}]}<\/script>\n<!-- \/ Yoast SEO plugin. -->","yoast_head_json":{"title":"O_nas-si - Bio \u0161ole","robots":{"index":"index","follow":"follow","max-snippet":"max-snippet:-1","max-image-preview":"max-image-preview:large","max-video-preview":"max-video-preview:-1"},"canonical":"https:\/\/bioskole.org\/index.php\/o_nas-si\/","og_locale":"en_US","og_type":"article","og_title":"O_nas-si - Bio \u0161ole","og_description":"\u041e nas Aktivnosti Publikacije Galerija Kontakt Doma\u010da Partnerji v projektu Biotehnolo\u0161ka \u0161kola &#8220;\u0160umatovac&#8221; Biotehni\u0161ka \u0161ola &#8220;\u0160UMATOVAC&#8221; v Aleksincu je bila ustanovljena 15. junija 1990. \u0160ola izobra\u017euje tri- in \u0161tiriletne izobra\u017eevalne profile smeri kmetijstvo, pridelava in \u017eivilstvo. Je edina \u0161ola v Ni\u0161avskem okraju, ki se ukvarja z izobra\u017eevanjem na podro\u010dju kmetijstva in \u017eivilstva. Na \u0161oli je [&hellip;]","og_url":"https:\/\/bioskole.org\/index.php\/o_nas-si\/","og_site_name":"Bio \u0161ole","article_modified_time":"2023-07-12T16:16:57+00:00","og_image":[{"url":"https:\/\/bioskole.org\/wp-content\/uploads\/2023\/07\/slika_skole-al_web.jpg","type":"","width":"","height":""}],"twitter_card":"summary_large_image","twitter_misc":{"Est. reading time":"3 minutes"},"schema":{"@context":"https:\/\/schema.org","@graph":[{"@type":"WebPage","@id":"https:\/\/bioskole.org\/index.php\/o_nas-si\/","url":"https:\/\/bioskole.org\/index.php\/o_nas-si\/","name":"O_nas-si - Bio \u0161ole","isPartOf":{"@id":"https:\/\/bioskole.org\/#website"},"primaryImageOfPage":{"@id":"https:\/\/bioskole.org\/index.php\/o_nas-si\/#primaryimage"},"image":{"@id":"https:\/\/bioskole.org\/index.php\/o_nas-si\/#primaryimage"},"thumbnailUrl":"https:\/\/bioskole.org\/wp-content\/uploads\/2023\/07\/slika_skole-al_web.jpg","datePublished":"2023-07-05T23:23:58+00:00","dateModified":"2023-07-12T16:16:57+00:00","breadcrumb":{"@id":"https:\/\/bioskole.org\/index.php\/o_nas-si\/#breadcrumb"},"inLanguage":"en-US","potentialAction":[{"@type":"ReadAction","target":["https:\/\/bioskole.org\/index.php\/o_nas-si\/"]}]},{"@type":"ImageObject","inLanguage":"en-US","@id":"https:\/\/bioskole.org\/index.php\/o_nas-si\/#primaryimage","url":"https:\/\/bioskole.org\/wp-content\/uploads\/2023\/07\/slika_skole-al_web.jpg","contentUrl":"https:\/\/bioskole.org\/wp-content\/uploads\/2023\/07\/slika_skole-al_web.jpg","width":877,"height":280},{"@type":"BreadcrumbList","@id":"https:\/\/bioskole.org\/index.php\/o_nas-si\/#breadcrumb","itemListElement":[{"@type":"ListItem","position":1,"name":"\u041f\u043e\u0447\u0435\u0442\u043d\u0430","item":"https:\/\/bioskole.org\/"},{"@type":"ListItem","position":2,"name":"O_nas-si"}]},{"@type":"WebSite","@id":"https:\/\/bioskole.org\/#website","url":"https:\/\/bioskole.org\/","name":"Bio \u0161ole","description":"","potentialAction":[{"@type":"SearchAction","target":{"@type":"EntryPoint","urlTemplate":"https:\/\/bioskole.org\/?s={search_term_string}"},"query-input":{"@type":"PropertyValueSpecification","valueRequired":true,"valueName":"search_term_string"}}],"inLanguage":"en-US"}]}},"_links":{"self":[{"href":"https:\/\/bioskole.org\/index.php\/wp-json\/wp\/v2\/pages\/440","targetHints":{"allow":["GET"]}}],"collection":[{"href":"https:\/\/bioskole.org\/index.php\/wp-json\/wp\/v2\/pages"}],"about":[{"href":"https:\/\/bioskole.org\/index.php\/wp-json\/wp\/v2\/types\/page"}],"author":[{"embeddable":true,"href":"https:\/\/bioskole.org\/index.php\/wp-json\/wp\/v2\/users\/1"}],"replies":[{"embeddable":true,"href":"https:\/\/bioskole.org\/index.php\/wp-json\/wp\/v2\/comments?post=440"}],"version-history":[{"count":10,"href":"https:\/\/bioskole.org\/index.php\/wp-json\/wp\/v2\/pages\/440\/revisions"}],"predecessor-version":[{"id":938,"href":"https:\/\/bioskole.org\/index.php\/wp-json\/wp\/v2\/pages\/440\/revisions\/938"}],"wp:attachment":[{"href":"https:\/\/bioskole.org\/index.php\/wp-json\/wp\/v2\/media?parent=440"}],"curies":[{"name":"wp","href":"https:\/\/api.w.org\/{rel}","templated":true}]}}