{"id":423,"date":"2023-07-05T23:36:19","date_gmt":"2023-07-05T22:36:19","guid":{"rendered":"https:\/\/bioskole.org\/?page_id=423"},"modified":"2023-07-12T11:42:45","modified_gmt":"2023-07-12T10:42:45","slug":"o_nama-hr","status":"publish","type":"page","link":"https:\/\/bioskole.org\/index.php\/o_nama-hr\/","title":{"rendered":"O_nama-hr"},"content":{"rendered":"\t\t<div data-elementor-type=\"wp-page\" data-elementor-id=\"423\" class=\"elementor elementor-423\">\n\t\t\t\t<div class=\"elementor-element elementor-element-a0bccb5 e-grid e-con-boxed e-con e-parent\" data-id=\"a0bccb5\" data-element_type=\"container\">\n\t\t\t\t\t<div class=\"e-con-inner\">\n\t\t\t\t<div class=\"elementor-element elementor-element-a1b7fb3 elementor-align-center elementor-widget elementor-widget-button\" data-id=\"a1b7fb3\" data-element_type=\"widget\" data-widget_type=\"button.default\">\n\t\t\t\t<div class=\"elementor-widget-container\">\n\t\t\t\t\t\t\t\t\t<div class=\"elementor-button-wrapper\">\n\t\t\t\t\t<a class=\"elementor-button elementor-button-link elementor-size-sm\" href=\"https:\/\/bioskole.org\/index.php\/O_nama-hr\/\">\n\t\t\t\t\t\t<span class=\"elementor-button-content-wrapper\">\n\t\t\t\t\t\t\t\t\t<span class=\"elementor-button-text\">O nama<\/span>\n\t\t\t\t\t<\/span>\n\t\t\t\t\t<\/a>\n\t\t\t\t<\/div>\n\t\t\t\t\t\t\t\t<\/div>\n\t\t\t\t<\/div>\n\t\t\t\t<div class=\"elementor-element elementor-element-1331433 elementor-align-center elementor-widget elementor-widget-button\" data-id=\"1331433\" data-element_type=\"widget\" data-widget_type=\"button.default\">\n\t\t\t\t<div class=\"elementor-widget-container\">\n\t\t\t\t\t\t\t\t\t<div class=\"elementor-button-wrapper\">\n\t\t\t\t\t<a class=\"elementor-button elementor-button-link elementor-size-sm\" href=\"https:\/\/bioskole.org\/index.php\/Aktivnosti_hr\/\">\n\t\t\t\t\t\t<span class=\"elementor-button-content-wrapper\">\n\t\t\t\t\t\t\t\t\t<span class=\"elementor-button-text\">Aktivnosti<\/span>\n\t\t\t\t\t<\/span>\n\t\t\t\t\t<\/a>\n\t\t\t\t<\/div>\n\t\t\t\t\t\t\t\t<\/div>\n\t\t\t\t<\/div>\n\t\t\t\t<div class=\"elementor-element elementor-element-21e9702 elementor-align-center elementor-widget elementor-widget-button\" data-id=\"21e9702\" data-element_type=\"widget\" data-widget_type=\"button.default\">\n\t\t\t\t<div class=\"elementor-widget-container\">\n\t\t\t\t\t\t\t\t\t<div class=\"elementor-button-wrapper\">\n\t\t\t\t\t<a class=\"elementor-button elementor-button-link elementor-size-sm\" href=\"https:\/\/bioskole.org\/index.php\/Publikacije\/\">\n\t\t\t\t\t\t<span class=\"elementor-button-content-wrapper\">\n\t\t\t\t\t\t\t\t\t<span class=\"elementor-button-text\">Publikacije<\/span>\n\t\t\t\t\t<\/span>\n\t\t\t\t\t<\/a>\n\t\t\t\t<\/div>\n\t\t\t\t\t\t\t\t<\/div>\n\t\t\t\t<\/div>\n\t\t\t\t<div class=\"elementor-element elementor-element-eeee7db elementor-align-center elementor-widget elementor-widget-button\" data-id=\"eeee7db\" data-element_type=\"widget\" data-widget_type=\"button.default\">\n\t\t\t\t<div class=\"elementor-widget-container\">\n\t\t\t\t\t\t\t\t\t<div class=\"elementor-button-wrapper\">\n\t\t\t\t\t<a class=\"elementor-button elementor-button-link elementor-size-sm\" href=\"https:\/\/bioskole.org\/index.php\/Galerija\/\">\n\t\t\t\t\t\t<span class=\"elementor-button-content-wrapper\">\n\t\t\t\t\t\t\t\t\t<span class=\"elementor-button-text\">Galerija<\/span>\n\t\t\t\t\t<\/span>\n\t\t\t\t\t<\/a>\n\t\t\t\t<\/div>\n\t\t\t\t\t\t\t\t<\/div>\n\t\t\t\t<\/div>\n\t\t\t\t<div class=\"elementor-element elementor-element-5f82812 elementor-align-center elementor-widget elementor-widget-button\" data-id=\"5f82812\" data-element_type=\"widget\" data-widget_type=\"button.default\">\n\t\t\t\t<div class=\"elementor-widget-container\">\n\t\t\t\t\t\t\t\t\t<div class=\"elementor-button-wrapper\">\n\t\t\t\t\t<a class=\"elementor-button elementor-button-link elementor-size-sm\" href=\"https:\/\/bioskole.org\/index.php\/Kontakti\/\">\n\t\t\t\t\t\t<span class=\"elementor-button-content-wrapper\">\n\t\t\t\t\t\t\t\t\t<span class=\"elementor-button-text\">Kontakt<\/span>\n\t\t\t\t\t<\/span>\n\t\t\t\t\t<\/a>\n\t\t\t\t<\/div>\n\t\t\t\t\t\t\t\t<\/div>\n\t\t\t\t<\/div>\n\t\t\t\t<div class=\"elementor-element elementor-element-c1af86e elementor-align-center elementor-widget elementor-widget-button\" data-id=\"c1af86e\" data-element_type=\"widget\" data-widget_type=\"button.default\">\n\t\t\t\t<div class=\"elementor-widget-container\">\n\t\t\t\t\t\t\t\t\t<div class=\"elementor-button-wrapper\">\n\t\t\t\t\t<a class=\"elementor-button elementor-button-link elementor-size-sm\" href=\"https:\/\/bioskole.org\/index.php\/start-hr\/\">\n\t\t\t\t\t\t<span class=\"elementor-button-content-wrapper\">\n\t\t\t\t\t\t\t\t\t<span class=\"elementor-button-text\">Po\u010detna<\/span>\n\t\t\t\t\t<\/span>\n\t\t\t\t\t<\/a>\n\t\t\t\t<\/div>\n\t\t\t\t\t\t\t\t<\/div>\n\t\t\t\t<\/div>\n\t\t\t\t\t<\/div>\n\t\t\t\t<\/div>\n\t\t<div class=\"elementor-element elementor-element-e4d0553 e-flex e-con-boxed e-con e-parent\" data-id=\"e4d0553\" data-element_type=\"container\">\n\t\t\t\t\t<div class=\"e-con-inner\">\n\t\t\t\t<div class=\"elementor-element elementor-element-1a50fb3 elementor-widget elementor-widget-heading\" data-id=\"1a50fb3\" data-element_type=\"widget\" data-widget_type=\"heading.default\">\n\t\t\t\t<div class=\"elementor-widget-container\">\n\t\t\t\t\t<h2 class=\"elementor-heading-title elementor-size-default\">Partneri na projektu<\/h2>\t\t\t\t<\/div>\n\t\t\t\t<\/div>\n\t\t\t\t\t<\/div>\n\t\t\t\t<\/div>\n\t\t<div class=\"elementor-element elementor-element-4c3ea2c e-flex e-con-boxed e-con e-parent\" data-id=\"4c3ea2c\" data-element_type=\"container\">\n\t\t\t\t\t<div class=\"e-con-inner\">\n\t\t\t\t<div class=\"elementor-element elementor-element-186f6d3 elementor-widget__width-initial elementor-widget elementor-widget-heading\" data-id=\"186f6d3\" data-element_type=\"widget\" data-widget_type=\"heading.default\">\n\t\t\t\t<div class=\"elementor-widget-container\">\n\t\t\t\t\t<h2 class=\"elementor-heading-title elementor-size-default\">Biotehnolo\u0161ka \u0161kola \"\u0160umatovac\" Aleksinac<\/h2>\t\t\t\t<\/div>\n\t\t\t\t<\/div>\n\t\t\t\t\t<\/div>\n\t\t\t\t<\/div>\n\t\t<div class=\"elementor-element elementor-element-abaec1d e-con-full e-flex e-con e-parent\" data-id=\"abaec1d\" data-element_type=\"container\">\n\t\t\t\t<div class=\"elementor-element elementor-element-f368a71 elementor-widget elementor-widget-image\" data-id=\"f368a71\" data-element_type=\"widget\" data-widget_type=\"image.default\">\n\t\t\t\t<div class=\"elementor-widget-container\">\n\t\t\t\t\t\t\t\t\t\t\t\t\t\t\t<img fetchpriority=\"high\" decoding=\"async\" width=\"877\" height=\"280\" src=\"https:\/\/bioskole.org\/wp-content\/uploads\/2023\/07\/slika_skole-al_web.jpg\" class=\"attachment-large size-large wp-image-622\" alt=\"\" srcset=\"https:\/\/bioskole.org\/wp-content\/uploads\/2023\/07\/slika_skole-al_web.jpg 877w, https:\/\/bioskole.org\/wp-content\/uploads\/2023\/07\/slika_skole-al_web-300x96.jpg 300w, https:\/\/bioskole.org\/wp-content\/uploads\/2023\/07\/slika_skole-al_web-768x245.jpg 768w\" sizes=\"(max-width: 877px) 100vw, 877px\" \/>\t\t\t\t\t\t\t\t\t\t\t\t\t\t\t<\/div>\n\t\t\t\t<\/div>\n\t\t\t\t<\/div>\n\t\t<div class=\"elementor-element elementor-element-2c05b6b e-flex e-con-boxed e-con e-parent\" data-id=\"2c05b6b\" data-element_type=\"container\">\n\t\t\t\t\t<div class=\"e-con-inner\">\n\t\t\t\t<div class=\"elementor-element elementor-element-72df1ae elementor-widget elementor-widget-text-editor\" data-id=\"72df1ae\" data-element_type=\"widget\" data-widget_type=\"text-editor.default\">\n\t\t\t\t<div class=\"elementor-widget-container\">\n\t\t\t\t\t\t\t\t\t<p><span class=\"jCAhz ChMk0b\"><span class=\"ryNqvb\">Biotehnolo\u0161ka \u0161kola &#8220;\u0160UMATOVAC&#8221; u Aleksincu osnovana je 15.06.1990.<\/span><\/span> <span class=\"jCAhz ChMk0b\"><span class=\"ryNqvb\">\u0160kola obrazuje trogodi\u0161nje i \u010detverogodi\u0161nje obrazovne profile smjera poljoprivreda, proizvodnja i prerada hrane.<\/span><\/span> <span class=\"jCAhz ChMk0b\"><span class=\"ryNqvb\">Jedina je \u0161kola u Ni\u0161avskom okrugu koja se bavi obrazovanjem iz oblasti poljoprivrede i prehrambene industrije.<\/span><\/span> <span class=\"jCAhz ChMk0b\"><span class=\"ryNqvb\">\u0160kola trenutno ima oko 200 u\u010denika i 50 zaposlenih, od \u010dega 35 nastavnika.<\/span><\/span> <span class=\"jCAhz ChMk0b\"><span class=\"ryNqvb\">\u010cetverogodi\u0161nji obrazovni profili su: poljoprivredni tehni\u010dar, tehni\u010dar hortikulture i tehni\u010dar biotehnologije.<\/span><\/span> <span class=\"jCAhz ChMk0b\"><span class=\"ryNqvb\">Trogodi\u0161nji obrazovni profili obrazuju: cvje\u0107ara-vrtlara, pekara, mesara, prera\u0111iva\u010da mlijeka i rukovatelja-mehani\u010dara poljoprivrednih strojeva.<\/span><\/span> <span class=\"jCAhz ChMk0b\"><span class=\"ryNqvb\">U obrazovanju odraslih provodi te\u010dajeve za zaposlene i poduzetnike u poljoprivredi: Informati\u010dka edukacija za poljoprivrednike, Hidroponska proizvodnja jagoda u kontroliranim uvjetima.<\/span><\/span> <span class=\"jCAhz ChMk0b\"><span class=\"ryNqvb\">&#8230;.<span style=\"color: #0000ff;\"><b><i>Vi\u0161e<\/i><\/b><\/span><\/span><\/span><\/p>\t\t\t\t\t\t\t\t<\/div>\n\t\t\t\t<\/div>\n\t\t\t\t\t<\/div>\n\t\t\t\t<\/div>\n\t\t<div class=\"elementor-element elementor-element-a47608d e-flex e-con-boxed e-con e-parent\" data-id=\"a47608d\" data-element_type=\"container\">\n\t\t\t\t\t<div class=\"e-con-inner\">\n\t\t\t\t<div class=\"elementor-element elementor-element-2b82ea9 elementor-widget__width-initial elementor-widget elementor-widget-heading\" data-id=\"2b82ea9\" data-element_type=\"widget\" data-widget_type=\"heading.default\">\n\t\t\t\t<div class=\"elementor-widget-container\">\n\t\t\t\t\t<h2 class=\"elementor-heading-title elementor-size-default\">Biotehni\u0161ka \u0161ola Maribor<\/h2>\t\t\t\t<\/div>\n\t\t\t\t<\/div>\n\t\t\t\t\t<\/div>\n\t\t\t\t<\/div>\n\t\t<div class=\"elementor-element elementor-element-f81c563 e-con-full e-flex e-con e-parent\" data-id=\"f81c563\" data-element_type=\"container\">\n\t\t\t\t<div class=\"elementor-element elementor-element-c934eee elementor-widget elementor-widget-image\" data-id=\"c934eee\" data-element_type=\"widget\" data-widget_type=\"image.default\">\n\t\t\t\t<div class=\"elementor-widget-container\">\n\t\t\t\t\t\t\t\t\t\t\t\t\t\t\t<img decoding=\"async\" width=\"632\" height=\"221\" src=\"https:\/\/bioskole.org\/wp-content\/uploads\/2023\/07\/skola_Maribor.png\" class=\"attachment-large size-large wp-image-623\" alt=\"\" srcset=\"https:\/\/bioskole.org\/wp-content\/uploads\/2023\/07\/skola_Maribor.png 632w, https:\/\/bioskole.org\/wp-content\/uploads\/2023\/07\/skola_Maribor-300x105.png 300w\" sizes=\"(max-width: 632px) 100vw, 632px\" \/>\t\t\t\t\t\t\t\t\t\t\t\t\t\t\t<\/div>\n\t\t\t\t<\/div>\n\t\t\t\t<\/div>\n\t\t<div class=\"elementor-element elementor-element-832c205 e-con-full e-flex e-con e-parent\" data-id=\"832c205\" data-element_type=\"container\">\n\t\t\t\t<div class=\"elementor-element elementor-element-c69f3b5 elementor-widget elementor-widget-text-editor\" data-id=\"c69f3b5\" data-element_type=\"widget\" data-widget_type=\"text-editor.default\">\n\t\t\t\t<div class=\"elementor-widget-container\">\n\t\t\t\t\t\t\t\t\t<p>\u0160kola ima oko 600 u\u010denika koji su raspore\u0111eni u 23 razli\u010dita razreda. Prije jedanaest godina po\u010deli smo postupno uvoditi obnovljene programe koji su modularnog dizajna i stavljaju ve\u0107i naglasak na integraciju teorije i prakse te omogu\u0107uju ve\u0107i izbor. Stoga su svi programi potpuno obnovljeni. U\u010denici se \u0161koluju u trogodi\u0161njim, \u010detverogodi\u0161njim i trajnim (3 + 2) programima te posebnim programima obrazovanja (obrazovanje odraslih).<\/p><p><span style=\"color: var( --e-global-color-text ); font-family: var( --e-global-typography-text-font-family ), Sans-serif; font-size: var( --e-global-typography-text-font-size ); font-style: var( --e-global-typography-text-font-style ); font-weight: var( --e-global-typography-text-font-weight ); letter-spacing: var( --e-global-typography-text-letter-spacing ); text-transform: var( --e-global-typography-text-text-transform ); text-align: var(--text-align); background-color: var(--wp--preset--color--background);\">Biotehni\u010dka \u0161kola Maribor obrazuje u\u010denike i nastavnike, dijele\u0107i inovativne vje\u0161tine za PROIZVODNJU I PRERADU HRANE &#8211; formalno i neformalno obrazovanje. Studenti mogu: \u2022 odabrati sortu i uzgojni oblik vinove loze, \u2022 obra\u0111ivati i njegovati vinograd, \u2022 prepoznati gospodarski va\u017ene bolesti i \u0161tetnike vinove loze te prema uputama provoditi za\u0161titu u skladu s na\u010delima za\u0161tite prirode i zdravlja. , \u2022 prerada gro\u017e\u0111a, njegovanje mo\u0161ta i vina, \u2022 kori\u0161tenje odgovaraju\u0107ih sredstava komunikacije u rje\u0161avanju problema, organizaciji rada i obavljanju individualnih zadataka, \u2022 razvijanje kreativnog mi\u0161ljenja i vje\u0161tina rje\u0161avanja problema, \u2022 razvijanje profesionalne odgovornosti i organizacijske kulture na radnom mjestu, \u2022 integracija teorijsko i prakti\u010dno znanje. \u2022 pove\u0107anje zapo\u0161ljivosti i mogu\u0107nosti zapo\u0161ljavanja \u2022 pove\u0107anje inicijative i poduzetni\u0161tva. &#8230;<\/span><em><span style=\"font-family: var( --e-global-typography-text-font-family ), Sans-serif; font-size: var( --e-global-typography-text-font-size ); font-weight: var( --e-global-typography-text-font-weight ); letter-spacing: var( --e-global-typography-text-letter-spacing ); text-transform: var( --e-global-typography-text-text-transform ); text-align: var(--text-align); background-color: var(--wp--preset--color--background); color: #0000ff;\"><a style=\"color: #0000ff;\" href=\"https:\/\/www.bts.si\"><b><u>Vi\u0161e<\/u><\/b><\/a><\/span><\/em><\/p>\t\t\t\t\t\t\t\t<\/div>\n\t\t\t\t<\/div>\n\t\t\t\t<\/div>\n\t\t<div class=\"elementor-element elementor-element-c3aeb40 e-flex e-con-boxed e-con e-parent\" data-id=\"c3aeb40\" data-element_type=\"container\">\n\t\t\t\t\t<div class=\"e-con-inner\">\n\t\t\t\t<div class=\"elementor-element elementor-element-bf56311 elementor-widget__width-initial elementor-widget elementor-widget-heading\" data-id=\"bf56311\" data-element_type=\"widget\" data-widget_type=\"heading.default\">\n\t\t\t\t<div class=\"elementor-widget-container\">\n\t\t\t\t\t<h2 class=\"elementor-heading-title elementor-size-default\">Gospodarska \u0161kola \u010cakovec<\/h2>\t\t\t\t<\/div>\n\t\t\t\t<\/div>\n\t\t\t\t\t<\/div>\n\t\t\t\t<\/div>\n\t\t<div class=\"elementor-element elementor-element-d00874f e-con-full e-flex e-con e-parent\" data-id=\"d00874f\" data-element_type=\"container\">\n\t\t\t\t<div class=\"elementor-element elementor-element-7017f29 elementor-widget elementor-widget-image\" data-id=\"7017f29\" data-element_type=\"widget\" data-widget_type=\"image.default\">\n\t\t\t\t<div class=\"elementor-widget-container\">\n\t\t\t\t\t\t\t\t\t\t\t\t\t\t\t<img decoding=\"async\" width=\"600\" height=\"265\" src=\"https:\/\/bioskole.org\/wp-content\/uploads\/2023\/07\/Gospodarska_Cakovecweb.jpg\" class=\"attachment-large size-large wp-image-624\" alt=\"\" srcset=\"https:\/\/bioskole.org\/wp-content\/uploads\/2023\/07\/Gospodarska_Cakovecweb.jpg 600w, https:\/\/bioskole.org\/wp-content\/uploads\/2023\/07\/Gospodarska_Cakovecweb-300x133.jpg 300w\" sizes=\"(max-width: 600px) 100vw, 600px\" \/>\t\t\t\t\t\t\t\t\t\t\t\t\t\t\t<\/div>\n\t\t\t\t<\/div>\n\t\t\t\t<\/div>\n\t\t<div class=\"elementor-element elementor-element-86898ab e-con-full e-flex e-con e-parent\" data-id=\"86898ab\" data-element_type=\"container\">\n\t\t\t\t<div class=\"elementor-element elementor-element-e5042ca elementor-widget elementor-widget-text-editor\" data-id=\"e5042ca\" data-element_type=\"widget\" data-widget_type=\"text-editor.default\">\n\t\t\t\t<div class=\"elementor-widget-container\">\n\t\t\t\t\t\t\t\t\t<p>Gospodarska \u0161kola je strukovna \u0161kola osnovana 1994. godine. U\u010denici na\u0161e \u0161kole obrazuju se za 15 zanimanja iz sektora poljoprivrede\/prehrane\/veterine, transporta i logistike, osobnih usluga i tekstila. \u0160kolu poha\u0111a oko 400 u\u010denika. Poljoprivredna zanimanja u \u0161koli su \u010detverogodi\u0161nji poljoprivredni tehni\u010dar, trogodi\u0161nji cvje\u0107ar, poljoprivrednik, pomo\u0107ni cvje\u0107ar i pomo\u0107ni vrtlar. Poljoprivredni tehni\u010dar je zanimanje koje se nakon srednje \u0161kole mo\u017ee studirati na fakultetu ili zaposliti u poljoprivredi. Cvje\u0107ar mo\u017ee biti zaposlen u cvje\u0107arnici ili biti vlasnik cvje\u0107arnice. Poljoprivrednik mo\u017ee biti zaposlen u poljoprivredi kao radnik ili mo\u017ee voditi vlastito polje. Ekonomija. Pomo\u0107ni cvje\u0107ar i pomo\u0107ni vrtlar mogu raditi kao pomo\u0107ni radnici u cvje\u0107arstvu i poljoprivredi.<\/p><p><span style=\"color: var( --e-global-color-text ); font-family: var( --e-global-typography-text-font-family ), Sans-serif; font-size: var( --e-global-typography-text-font-size ); font-style: var( --e-global-typography-text-font-style ); font-weight: var( --e-global-typography-text-font-weight ); letter-spacing: var( --e-global-typography-text-letter-spacing ); text-transform: var( --e-global-typography-text-text-transform ); text-align: var(--text-align); background-color: var(--wp--preset--color--background);\">Gospodarska \u0161kola od po\u010detka rada 1994. godine bavi se uzgojem vo\u0107a, povr\u0107a i cvije\u0107a na 12 ha poljoprivredno-ekonomske \u0161kole. Izradu provode nastavnici i studenti zajedno tijekom prakti\u010dne nastave. Pustara je tijekom godina ure\u0111ena za veliki povrtnjak, vo\u0107njak od 0,8ha, oranice, dendrolo\u0161ka stanica, podignuti su staklenici za rasadni\u010dku proizvodnju. Prerada gro\u017e\u0111a u vino i jabuka u sok i \u010dips po\u010dela se provoditi postupno, nakon \u0161to su profesori i u\u010denici nau\u010dili i savladali tehnologiju poljoprivredne proizvodnje u \u0161kolskim uvjetima prilago\u0111enim srednjo\u0161kolcima. Na taj na\u010din s u\u010denicima se stvaraju proizvodi ve\u0107e tr\u017ei\u0161ne vrijednosti. Tehnologija izrade kvalitetnog soka ugodnog okusa i mirisa razvijana je dugi niz godina. &#8230;&#8230;<span style=\"color: #0000ff;\"><em><strong><a style=\"color: #0000ff;\" href=\"https:\/\/www.gospodarskaskola.hr\">.Vi\u0161e<\/a><\/strong><\/em><\/span><\/span><\/p>\t\t\t\t\t\t\t\t<\/div>\n\t\t\t\t<\/div>\n\t\t\t\t<\/div>\n\t\t\t\t<\/div>\n\t\t","protected":false},"excerpt":{"rendered":"<p>O nama Aktivnosti Publikacije Galerija Kontakt Po\u010detna Partneri na projektu Biotehnolo\u0161ka \u0161kola &#8220;\u0160umatovac&#8221; Aleksinac Biotehnolo\u0161ka \u0161kola &#8220;\u0160UMATOVAC&#8221; u Aleksincu osnovana je 15.06.1990. \u0160kola obrazuje trogodi\u0161nje i \u010detverogodi\u0161nje obrazovne profile smjera poljoprivreda, proizvodnja i prerada hrane. Jedina je \u0161kola u Ni\u0161avskom okrugu koja se bavi obrazovanjem iz oblasti poljoprivrede i prehrambene industrije. \u0160kola trenutno ima oko [&hellip;]<\/p>\n","protected":false},"author":1,"featured_media":0,"parent":0,"menu_order":0,"comment_status":"closed","ping_status":"closed","template":"","meta":{"footnotes":""},"class_list":["post-423","page","type-page","status-publish","hentry"],"yoast_head":"<!-- This site is optimized with the Yoast SEO plugin v26.6 - https:\/\/yoast.com\/wordpress\/plugins\/seo\/ -->\n<title>O_nama-hr - Bio \u0161ole<\/title>\n<meta name=\"robots\" content=\"index, follow, max-snippet:-1, max-image-preview:large, max-video-preview:-1\" \/>\n<link rel=\"canonical\" href=\"https:\/\/bioskole.org\/index.php\/o_nama-hr\/\" \/>\n<meta property=\"og:locale\" content=\"en_US\" \/>\n<meta property=\"og:type\" content=\"article\" \/>\n<meta property=\"og:title\" content=\"O_nama-hr - Bio \u0161ole\" \/>\n<meta property=\"og:description\" content=\"O nama Aktivnosti Publikacije Galerija Kontakt Po\u010detna Partneri na projektu Biotehnolo\u0161ka \u0161kola &#8220;\u0160umatovac&#8221; Aleksinac Biotehnolo\u0161ka \u0161kola &#8220;\u0160UMATOVAC&#8221; u Aleksincu osnovana je 15.06.1990. \u0160kola obrazuje trogodi\u0161nje i \u010detverogodi\u0161nje obrazovne profile smjera poljoprivreda, proizvodnja i prerada hrane. Jedina je \u0161kola u Ni\u0161avskom okrugu koja se bavi obrazovanjem iz oblasti poljoprivrede i prehrambene industrije. \u0160kola trenutno ima oko [&hellip;]\" \/>\n<meta property=\"og:url\" content=\"https:\/\/bioskole.org\/index.php\/o_nama-hr\/\" \/>\n<meta property=\"og:site_name\" content=\"Bio \u0161ole\" \/>\n<meta property=\"article:modified_time\" content=\"2023-07-12T10:42:45+00:00\" \/>\n<meta property=\"og:image\" content=\"https:\/\/bioskole.org\/wp-content\/uploads\/2023\/07\/slika_skole-al_web.jpg\" \/>\n<meta name=\"twitter:card\" content=\"summary_large_image\" \/>\n<meta name=\"twitter:label1\" content=\"Est. reading time\" \/>\n\t<meta name=\"twitter:data1\" content=\"3 minutes\" \/>\n<script type=\"application\/ld+json\" class=\"yoast-schema-graph\">{\"@context\":\"https:\/\/schema.org\",\"@graph\":[{\"@type\":\"WebPage\",\"@id\":\"https:\/\/bioskole.org\/index.php\/o_nama-hr\/\",\"url\":\"https:\/\/bioskole.org\/index.php\/o_nama-hr\/\",\"name\":\"O_nama-hr - Bio \u0161ole\",\"isPartOf\":{\"@id\":\"https:\/\/bioskole.org\/#website\"},\"primaryImageOfPage\":{\"@id\":\"https:\/\/bioskole.org\/index.php\/o_nama-hr\/#primaryimage\"},\"image\":{\"@id\":\"https:\/\/bioskole.org\/index.php\/o_nama-hr\/#primaryimage\"},\"thumbnailUrl\":\"https:\/\/bioskole.org\/wp-content\/uploads\/2023\/07\/slika_skole-al_web.jpg\",\"datePublished\":\"2023-07-05T22:36:19+00:00\",\"dateModified\":\"2023-07-12T10:42:45+00:00\",\"breadcrumb\":{\"@id\":\"https:\/\/bioskole.org\/index.php\/o_nama-hr\/#breadcrumb\"},\"inLanguage\":\"en-US\",\"potentialAction\":[{\"@type\":\"ReadAction\",\"target\":[\"https:\/\/bioskole.org\/index.php\/o_nama-hr\/\"]}]},{\"@type\":\"ImageObject\",\"inLanguage\":\"en-US\",\"@id\":\"https:\/\/bioskole.org\/index.php\/o_nama-hr\/#primaryimage\",\"url\":\"https:\/\/bioskole.org\/wp-content\/uploads\/2023\/07\/slika_skole-al_web.jpg\",\"contentUrl\":\"https:\/\/bioskole.org\/wp-content\/uploads\/2023\/07\/slika_skole-al_web.jpg\",\"width\":877,\"height\":280},{\"@type\":\"BreadcrumbList\",\"@id\":\"https:\/\/bioskole.org\/index.php\/o_nama-hr\/#breadcrumb\",\"itemListElement\":[{\"@type\":\"ListItem\",\"position\":1,\"name\":\"\u041f\u043e\u0447\u0435\u0442\u043d\u0430\",\"item\":\"https:\/\/bioskole.org\/\"},{\"@type\":\"ListItem\",\"position\":2,\"name\":\"O_nama-hr\"}]},{\"@type\":\"WebSite\",\"@id\":\"https:\/\/bioskole.org\/#website\",\"url\":\"https:\/\/bioskole.org\/\",\"name\":\"Bio \u0161ole\",\"description\":\"\",\"potentialAction\":[{\"@type\":\"SearchAction\",\"target\":{\"@type\":\"EntryPoint\",\"urlTemplate\":\"https:\/\/bioskole.org\/?s={search_term_string}\"},\"query-input\":{\"@type\":\"PropertyValueSpecification\",\"valueRequired\":true,\"valueName\":\"search_term_string\"}}],\"inLanguage\":\"en-US\"}]}<\/script>\n<!-- \/ Yoast SEO plugin. -->","yoast_head_json":{"title":"O_nama-hr - Bio \u0161ole","robots":{"index":"index","follow":"follow","max-snippet":"max-snippet:-1","max-image-preview":"max-image-preview:large","max-video-preview":"max-video-preview:-1"},"canonical":"https:\/\/bioskole.org\/index.php\/o_nama-hr\/","og_locale":"en_US","og_type":"article","og_title":"O_nama-hr - Bio \u0161ole","og_description":"O nama Aktivnosti Publikacije Galerija Kontakt Po\u010detna Partneri na projektu Biotehnolo\u0161ka \u0161kola &#8220;\u0160umatovac&#8221; Aleksinac Biotehnolo\u0161ka \u0161kola &#8220;\u0160UMATOVAC&#8221; u Aleksincu osnovana je 15.06.1990. \u0160kola obrazuje trogodi\u0161nje i \u010detverogodi\u0161nje obrazovne profile smjera poljoprivreda, proizvodnja i prerada hrane. Jedina je \u0161kola u Ni\u0161avskom okrugu koja se bavi obrazovanjem iz oblasti poljoprivrede i prehrambene industrije. \u0160kola trenutno ima oko [&hellip;]","og_url":"https:\/\/bioskole.org\/index.php\/o_nama-hr\/","og_site_name":"Bio \u0161ole","article_modified_time":"2023-07-12T10:42:45+00:00","og_image":[{"url":"https:\/\/bioskole.org\/wp-content\/uploads\/2023\/07\/slika_skole-al_web.jpg","type":"","width":"","height":""}],"twitter_card":"summary_large_image","twitter_misc":{"Est. reading time":"3 minutes"},"schema":{"@context":"https:\/\/schema.org","@graph":[{"@type":"WebPage","@id":"https:\/\/bioskole.org\/index.php\/o_nama-hr\/","url":"https:\/\/bioskole.org\/index.php\/o_nama-hr\/","name":"O_nama-hr - Bio \u0161ole","isPartOf":{"@id":"https:\/\/bioskole.org\/#website"},"primaryImageOfPage":{"@id":"https:\/\/bioskole.org\/index.php\/o_nama-hr\/#primaryimage"},"image":{"@id":"https:\/\/bioskole.org\/index.php\/o_nama-hr\/#primaryimage"},"thumbnailUrl":"https:\/\/bioskole.org\/wp-content\/uploads\/2023\/07\/slika_skole-al_web.jpg","datePublished":"2023-07-05T22:36:19+00:00","dateModified":"2023-07-12T10:42:45+00:00","breadcrumb":{"@id":"https:\/\/bioskole.org\/index.php\/o_nama-hr\/#breadcrumb"},"inLanguage":"en-US","potentialAction":[{"@type":"ReadAction","target":["https:\/\/bioskole.org\/index.php\/o_nama-hr\/"]}]},{"@type":"ImageObject","inLanguage":"en-US","@id":"https:\/\/bioskole.org\/index.php\/o_nama-hr\/#primaryimage","url":"https:\/\/bioskole.org\/wp-content\/uploads\/2023\/07\/slika_skole-al_web.jpg","contentUrl":"https:\/\/bioskole.org\/wp-content\/uploads\/2023\/07\/slika_skole-al_web.jpg","width":877,"height":280},{"@type":"BreadcrumbList","@id":"https:\/\/bioskole.org\/index.php\/o_nama-hr\/#breadcrumb","itemListElement":[{"@type":"ListItem","position":1,"name":"\u041f\u043e\u0447\u0435\u0442\u043d\u0430","item":"https:\/\/bioskole.org\/"},{"@type":"ListItem","position":2,"name":"O_nama-hr"}]},{"@type":"WebSite","@id":"https:\/\/bioskole.org\/#website","url":"https:\/\/bioskole.org\/","name":"Bio \u0161ole","description":"","potentialAction":[{"@type":"SearchAction","target":{"@type":"EntryPoint","urlTemplate":"https:\/\/bioskole.org\/?s={search_term_string}"},"query-input":{"@type":"PropertyValueSpecification","valueRequired":true,"valueName":"search_term_string"}}],"inLanguage":"en-US"}]}},"_links":{"self":[{"href":"https:\/\/bioskole.org\/index.php\/wp-json\/wp\/v2\/pages\/423","targetHints":{"allow":["GET"]}}],"collection":[{"href":"https:\/\/bioskole.org\/index.php\/wp-json\/wp\/v2\/pages"}],"about":[{"href":"https:\/\/bioskole.org\/index.php\/wp-json\/wp\/v2\/types\/page"}],"author":[{"embeddable":true,"href":"https:\/\/bioskole.org\/index.php\/wp-json\/wp\/v2\/users\/1"}],"replies":[{"embeddable":true,"href":"https:\/\/bioskole.org\/index.php\/wp-json\/wp\/v2\/comments?post=423"}],"version-history":[{"count":10,"href":"https:\/\/bioskole.org\/index.php\/wp-json\/wp\/v2\/pages\/423\/revisions"}],"predecessor-version":[{"id":932,"href":"https:\/\/bioskole.org\/index.php\/wp-json\/wp\/v2\/pages\/423\/revisions\/932"}],"wp:attachment":[{"href":"https:\/\/bioskole.org\/index.php\/wp-json\/wp\/v2\/media?parent=423"}],"curies":[{"name":"wp","href":"https:\/\/api.w.org\/{rel}","templated":true}]}}