{"id":213,"date":"2023-07-04T01:47:00","date_gmt":"2023-07-04T00:47:00","guid":{"rendered":"https:\/\/bioskole.org\/?page_id=213"},"modified":"2023-07-12T10:24:00","modified_gmt":"2023-07-12T09:24:00","slug":"start-si","status":"publish","type":"page","link":"https:\/\/bioskole.org\/index.php\/start-si\/","title":{"rendered":"Start-si"},"content":{"rendered":"\t\t<div data-elementor-type=\"wp-page\" data-elementor-id=\"213\" class=\"elementor elementor-213\">\n\t\t\t\t<div class=\"elementor-element elementor-element-84c1f31 e-grid e-con-boxed e-con e-parent\" data-id=\"84c1f31\" data-element_type=\"container\">\n\t\t\t\t\t<div class=\"e-con-inner\">\n\t\t\t\t<div class=\"elementor-element elementor-element-2705570 elementor-align-center elementor-widget elementor-widget-button\" data-id=\"2705570\" data-element_type=\"widget\" data-widget_type=\"button.default\">\n\t\t\t\t<div class=\"elementor-widget-container\">\n\t\t\t\t\t\t\t\t\t<div class=\"elementor-button-wrapper\">\n\t\t\t\t\t<a class=\"elementor-button elementor-button-link elementor-size-sm\" href=\"https:\/\/bioskole.org\/index.php\/O_nas-si\/\">\n\t\t\t\t\t\t<span class=\"elementor-button-content-wrapper\">\n\t\t\t\t\t\t\t\t\t<span class=\"elementor-button-text\">O nas<\/span>\n\t\t\t\t\t<\/span>\n\t\t\t\t\t<\/a>\n\t\t\t\t<\/div>\n\t\t\t\t\t\t\t\t<\/div>\n\t\t\t\t<\/div>\n\t\t\t\t<div class=\"elementor-element elementor-element-5a2f6db elementor-align-center elementor-widget elementor-widget-button\" data-id=\"5a2f6db\" data-element_type=\"widget\" data-widget_type=\"button.default\">\n\t\t\t\t<div class=\"elementor-widget-container\">\n\t\t\t\t\t\t\t\t\t<div class=\"elementor-button-wrapper\">\n\t\t\t\t\t<a class=\"elementor-button elementor-button-link elementor-size-sm\" href=\"https:\/\/bioskole.org\/index.php\/Aktivnosti_si\/\">\n\t\t\t\t\t\t<span class=\"elementor-button-content-wrapper\">\n\t\t\t\t\t\t\t\t\t<span class=\"elementor-button-text\">Aktivnosti<\/span>\n\t\t\t\t\t<\/span>\n\t\t\t\t\t<\/a>\n\t\t\t\t<\/div>\n\t\t\t\t\t\t\t\t<\/div>\n\t\t\t\t<\/div>\n\t\t\t\t<div class=\"elementor-element elementor-element-b67feb7 elementor-align-center elementor-widget elementor-widget-button\" data-id=\"b67feb7\" data-element_type=\"widget\" data-widget_type=\"button.default\">\n\t\t\t\t<div class=\"elementor-widget-container\">\n\t\t\t\t\t\t\t\t\t<div class=\"elementor-button-wrapper\">\n\t\t\t\t\t<a class=\"elementor-button elementor-button-link elementor-size-sm\" href=\"https:\/\/bioskole.org\/index.php\/Publikacije\/\">\n\t\t\t\t\t\t<span class=\"elementor-button-content-wrapper\">\n\t\t\t\t\t\t\t\t\t<span class=\"elementor-button-text\">Publikacije<\/span>\n\t\t\t\t\t<\/span>\n\t\t\t\t\t<\/a>\n\t\t\t\t<\/div>\n\t\t\t\t\t\t\t\t<\/div>\n\t\t\t\t<\/div>\n\t\t\t\t<div class=\"elementor-element elementor-element-bbcd6ea elementor-align-center elementor-widget elementor-widget-button\" data-id=\"bbcd6ea\" data-element_type=\"widget\" data-widget_type=\"button.default\">\n\t\t\t\t<div class=\"elementor-widget-container\">\n\t\t\t\t\t\t\t\t\t<div class=\"elementor-button-wrapper\">\n\t\t\t\t\t<a class=\"elementor-button elementor-button-link elementor-size-sm\" href=\"https:\/\/bioskole.org\/index.php\/Galerija\/\">\n\t\t\t\t\t\t<span class=\"elementor-button-content-wrapper\">\n\t\t\t\t\t\t\t\t\t<span class=\"elementor-button-text\">Galerija<\/span>\n\t\t\t\t\t<\/span>\n\t\t\t\t\t<\/a>\n\t\t\t\t<\/div>\n\t\t\t\t\t\t\t\t<\/div>\n\t\t\t\t<\/div>\n\t\t\t\t<div class=\"elementor-element elementor-element-028d461 elementor-align-center elementor-widget elementor-widget-button\" data-id=\"028d461\" data-element_type=\"widget\" data-widget_type=\"button.default\">\n\t\t\t\t<div class=\"elementor-widget-container\">\n\t\t\t\t\t\t\t\t\t<div class=\"elementor-button-wrapper\">\n\t\t\t\t\t<a class=\"elementor-button elementor-button-link elementor-size-sm\" href=\"https:\/\/bioskole.org\/index.php\/Kontakti\/\">\n\t\t\t\t\t\t<span class=\"elementor-button-content-wrapper\">\n\t\t\t\t\t\t\t\t\t<span class=\"elementor-button-text\">Kontakt<\/span>\n\t\t\t\t\t<\/span>\n\t\t\t\t\t<\/a>\n\t\t\t\t<\/div>\n\t\t\t\t\t\t\t\t<\/div>\n\t\t\t\t<\/div>\n\t\t\t\t<div class=\"elementor-element elementor-element-433e43f elementor-align-center elementor-widget elementor-widget-button\" data-id=\"433e43f\" data-element_type=\"widget\" data-widget_type=\"button.default\">\n\t\t\t\t<div class=\"elementor-widget-container\">\n\t\t\t\t\t\t\t\t\t<div class=\"elementor-button-wrapper\">\n\t\t\t\t\t<a class=\"elementor-button elementor-button-link elementor-size-sm\" href=\"https:\/\/bioskole.org\/index.php\/start-si\/\">\n\t\t\t\t\t\t<span class=\"elementor-button-content-wrapper\">\n\t\t\t\t\t\t\t\t\t<span class=\"elementor-button-text\">Doma\u010da<\/span>\n\t\t\t\t\t<\/span>\n\t\t\t\t\t<\/a>\n\t\t\t\t<\/div>\n\t\t\t\t\t\t\t\t<\/div>\n\t\t\t\t<\/div>\n\t\t\t\t\t<\/div>\n\t\t\t\t<\/div>\n\t\t<div class=\"elementor-element elementor-element-71bde3c e-flex e-con-boxed e-con e-parent\" data-id=\"71bde3c\" data-element_type=\"container\">\n\t\t\t\t\t<div class=\"e-con-inner\">\n\t\t<div class=\"elementor-element elementor-element-f9a769a e-con-full e-flex e-con e-parent\" data-id=\"f9a769a\" data-element_type=\"container\">\n\t\t\t\t<div class=\"elementor-element elementor-element-80e7621 elementor-widget elementor-widget-image\" data-id=\"80e7621\" data-element_type=\"widget\" data-widget_type=\"image.default\">\n\t\t\t\t<div class=\"elementor-widget-container\">\n\t\t\t\t\t\t\t\t\t\t\t\t\t\t\t<img fetchpriority=\"high\" decoding=\"async\" width=\"640\" height=\"158\" src=\"https:\/\/bioskole.org\/wp-content\/uploads\/2023\/07\/Logo_Co-Funded_web.jpg\" class=\"attachment-large size-large wp-image-550\" alt=\"\" srcset=\"https:\/\/bioskole.org\/wp-content\/uploads\/2023\/07\/Logo_Co-Funded_web.jpg 640w, https:\/\/bioskole.org\/wp-content\/uploads\/2023\/07\/Logo_Co-Funded_web-300x74.jpg 300w\" sizes=\"(max-width: 640px) 100vw, 640px\" \/>\t\t\t\t\t\t\t\t\t\t\t\t\t\t\t<\/div>\n\t\t\t\t<\/div>\n\t\t\t\t<\/div>\n\t\t<div class=\"elementor-element elementor-element-6015223 e-con-full e-flex e-con e-parent\" data-id=\"6015223\" data-element_type=\"container\">\n\t\t\t\t<div class=\"elementor-element elementor-element-0d033dd elementor-widget elementor-widget-image\" data-id=\"0d033dd\" data-element_type=\"widget\" data-widget_type=\"image.default\">\n\t\t\t\t<div class=\"elementor-widget-container\">\n\t\t\t\t\t\t\t\t\t\t\t\t\t\t\t<img decoding=\"async\" width=\"180\" height=\"145\" src=\"https:\/\/bioskole.org\/wp-content\/uploads\/2023\/07\/Erasmus.jpg\" class=\"attachment-large size-large wp-image-571\" alt=\"\" \/>\t\t\t\t\t\t\t\t\t\t\t\t\t\t\t<\/div>\n\t\t\t\t<\/div>\n\t\t\t\t<\/div>\n\t\t<div class=\"elementor-element elementor-element-689a4e0 e-con-full e-flex e-con e-parent\" data-id=\"689a4e0\" data-element_type=\"container\">\n\t\t\t\t<div class=\"elementor-element elementor-element-b05b63a elementor-widget elementor-widget-image\" data-id=\"b05b63a\" data-element_type=\"widget\" data-widget_type=\"image.default\">\n\t\t\t\t<div class=\"elementor-widget-container\">\n\t\t\t\t\t\t\t\t\t\t\t\t\t\t\t<img decoding=\"async\" width=\"574\" height=\"146\" src=\"https:\/\/bioskole.org\/wp-content\/uploads\/2023\/07\/Tempus.png\" class=\"attachment-large size-large wp-image-572\" alt=\"\" srcset=\"https:\/\/bioskole.org\/wp-content\/uploads\/2023\/07\/Tempus.png 574w, https:\/\/bioskole.org\/wp-content\/uploads\/2023\/07\/Tempus-300x76.png 300w\" sizes=\"(max-width: 574px) 100vw, 574px\" \/>\t\t\t\t\t\t\t\t\t\t\t\t\t\t\t<\/div>\n\t\t\t\t<\/div>\n\t\t\t\t<\/div>\n\t\t\t\t\t<\/div>\n\t\t\t\t<\/div>\n\t\t<div class=\"elementor-element elementor-element-8f1ef6c e-con-full e-flex e-con e-parent\" data-id=\"8f1ef6c\" data-element_type=\"container\">\n\t\t<div class=\"elementor-element elementor-element-8c1da0c e-con-full e-flex e-con e-parent\" data-id=\"8c1da0c\" data-element_type=\"container\">\n\t\t\t\t<div class=\"elementor-element elementor-element-dbc5e6c elementor-widget elementor-widget-image\" data-id=\"dbc5e6c\" data-element_type=\"widget\" data-widget_type=\"image.default\">\n\t\t\t\t<div class=\"elementor-widget-container\">\n\t\t\t\t\t\t\t\t\t\t\t\t\t\t\t\t<a href=\"https:\/\/sumatovac.edu.rs\/\">\n\t\t\t\t\t\t\t<img loading=\"lazy\" decoding=\"async\" width=\"640\" height=\"640\" src=\"https:\/\/bioskole.org\/wp-content\/uploads\/2023\/07\/logo_Sumatovac-Web.gif\" class=\"attachment-large size-large wp-image-544\" alt=\"\u0411\u0438\u043e\u0442\u0435\u0445\u043d\u043e\u043b\u043e\u0448\u043a\u0430 \u0448\u043a\u043e\u043b\u0430\" \/>\t\t\t\t\t\t\t\t<\/a>\n\t\t\t\t\t\t\t\t\t\t\t\t\t\t\t<\/div>\n\t\t\t\t<\/div>\n\t\t\t\t<div class=\"elementor-element elementor-element-a32cb20 elementor-widget__width-initial elementor-widget elementor-widget-image\" data-id=\"a32cb20\" data-element_type=\"widget\" data-widget_type=\"image.default\">\n\t\t\t\t<div class=\"elementor-widget-container\">\n\t\t\t\t\t\t\t\t\t\t\t\t\t\t\t\t<a href=\"https:\/\/www.bts.si\/\">\n\t\t\t\t\t\t\t<img loading=\"lazy\" decoding=\"async\" width=\"1024\" height=\"467\" src=\"https:\/\/bioskole.org\/wp-content\/uploads\/2023\/07\/Logo_Maribor_Web-1024x467.jpg\" class=\"attachment-large size-large wp-image-558\" alt=\"\" srcset=\"https:\/\/bioskole.org\/wp-content\/uploads\/2023\/07\/Logo_Maribor_Web-1024x467.jpg 1024w, https:\/\/bioskole.org\/wp-content\/uploads\/2023\/07\/Logo_Maribor_Web-300x137.jpg 300w, https:\/\/bioskole.org\/wp-content\/uploads\/2023\/07\/Logo_Maribor_Web-768x350.jpg 768w, https:\/\/bioskole.org\/wp-content\/uploads\/2023\/07\/Logo_Maribor_Web.jpg 1052w\" sizes=\"(max-width: 1024px) 100vw, 1024px\" \/>\t\t\t\t\t\t\t\t<\/a>\n\t\t\t\t\t\t\t\t\t\t\t\t\t\t\t<\/div>\n\t\t\t\t<\/div>\n\t\t\t\t<div class=\"elementor-element elementor-element-7a94614 elementor-widget elementor-widget-image\" data-id=\"7a94614\" data-element_type=\"widget\" data-widget_type=\"image.default\">\n\t\t\t\t<div class=\"elementor-widget-container\">\n\t\t\t\t\t\t\t\t\t\t\t\t\t\t\t\t<a href=\"https:\/\/www.gospodarskaskola.hr\/\">\n\t\t\t\t\t\t\t<img loading=\"lazy\" decoding=\"async\" width=\"640\" height=\"565\" src=\"https:\/\/bioskole.org\/wp-content\/uploads\/2023\/07\/Logo_Cakovec_Web1.jpg\" class=\"attachment-large size-large wp-image-557\" alt=\"\" srcset=\"https:\/\/bioskole.org\/wp-content\/uploads\/2023\/07\/Logo_Cakovec_Web1.jpg 640w, https:\/\/bioskole.org\/wp-content\/uploads\/2023\/07\/Logo_Cakovec_Web1-300x265.jpg 300w\" sizes=\"(max-width: 640px) 100vw, 640px\" \/>\t\t\t\t\t\t\t\t<\/a>\n\t\t\t\t\t\t\t\t\t\t\t\t\t\t\t<\/div>\n\t\t\t\t<\/div>\n\t\t\t\t<\/div>\n\t\t<div class=\"elementor-element elementor-element-ce79059 e-con-full e-flex e-con e-parent\" data-id=\"ce79059\" data-element_type=\"container\">\n\t\t\t\t<div class=\"elementor-element elementor-element-f0f2628 elementor-widget elementor-widget-text-editor\" data-id=\"f0f2628\" data-element_type=\"widget\" data-widget_type=\"text-editor.default\">\n\t\t\t\t<div class=\"elementor-widget-container\">\n\t\t\t\t\t\t\t\t\t<p><b><span class=\"jCAhz ChMk0b\"><span class=\"ryNqvb\">\u041a\u0410210-VET &#8211; Majhna partnerstva na podro\u010dju poklicnega izobra\u017eevanja in usposabljanja<\/span><\/span><\/b><\/p><p><span class=\"jCAhz ChMk0b\"><span class=\"ryNqvb\"><b>KA210-VET &#8211; Small-scale partnerships in vocational\u00a0education and training<\/b><\/span><\/span><\/p><p style=\"padding-left: 40px;\"><b><u>Pridobivanje novih znanj in izku\u0161enj na primerih dobre prakse- izobra\u017eevanje u\u010dencev srednje\u0161olskega strokovnega izobra\u017eevanja kmetijskih \u0161ol<\/u><\/b><\/p>\t\t\t\t\t\t\t\t<\/div>\n\t\t\t\t<\/div>\n\t\t\t\t<div class=\"elementor-element elementor-element-40373ef elementor-widget elementor-widget-image\" data-id=\"40373ef\" data-element_type=\"widget\" data-widget_type=\"image.default\">\n\t\t\t\t<div class=\"elementor-widget-container\">\n\t\t\t\t\t\t\t\t\t\t\t\t\t\t\t<img loading=\"lazy\" decoding=\"async\" width=\"640\" height=\"360\" src=\"https:\/\/bioskole.org\/wp-content\/uploads\/2023\/07\/TABLA-ENGLESKI.jpg\" class=\"attachment-large size-large wp-image-543\" alt=\"\" srcset=\"https:\/\/bioskole.org\/wp-content\/uploads\/2023\/07\/TABLA-ENGLESKI.jpg 640w, https:\/\/bioskole.org\/wp-content\/uploads\/2023\/07\/TABLA-ENGLESKI-300x169.jpg 300w\" sizes=\"(max-width: 640px) 100vw, 640px\" \/>\t\t\t\t\t\t\t\t\t\t\t\t\t\t\t<\/div>\n\t\t\t\t<\/div>\n\t\t\t\t<\/div>\n\t\t\t\t<\/div>\n\t\t\t\t<\/div>\n\t\t","protected":false},"excerpt":{"rendered":"<p>O nas Aktivnosti Publikacije Galerija Kontakt Doma\u010da \u041a\u0410210-VET &#8211; Majhna partnerstva na podro\u010dju poklicnega izobra\u017eevanja in usposabljanja KA210-VET &#8211; Small-scale partnerships in vocational\u00a0education and training Pridobivanje novih znanj in izku\u0161enj na primerih dobre prakse- izobra\u017eevanje u\u010dencev srednje\u0161olskega strokovnega izobra\u017eevanja kmetijskih \u0161ol<\/p>\n","protected":false},"author":1,"featured_media":0,"parent":0,"menu_order":0,"comment_status":"closed","ping_status":"closed","template":"","meta":{"footnotes":""},"class_list":["post-213","page","type-page","status-publish","hentry"],"yoast_head":"<!-- This site is optimized with the Yoast SEO plugin v26.6 - https:\/\/yoast.com\/wordpress\/plugins\/seo\/ -->\n<title>Start-si - Bio \u0161ole<\/title>\n<meta name=\"robots\" content=\"index, follow, max-snippet:-1, max-image-preview:large, max-video-preview:-1\" \/>\n<link rel=\"canonical\" href=\"https:\/\/bioskole.org\/index.php\/start-si\/\" \/>\n<meta property=\"og:locale\" content=\"en_US\" \/>\n<meta property=\"og:type\" content=\"article\" \/>\n<meta property=\"og:title\" content=\"Start-si - Bio \u0161ole\" \/>\n<meta property=\"og:description\" content=\"O nas Aktivnosti Publikacije Galerija Kontakt Doma\u010da \u041a\u0410210-VET &#8211; Majhna partnerstva na podro\u010dju poklicnega izobra\u017eevanja in usposabljanja KA210-VET &#8211; Small-scale partnerships in vocational\u00a0education and training Pridobivanje novih znanj in izku\u0161enj na primerih dobre prakse- izobra\u017eevanje u\u010dencev srednje\u0161olskega strokovnega izobra\u017eevanja kmetijskih \u0161ol\" \/>\n<meta property=\"og:url\" content=\"https:\/\/bioskole.org\/index.php\/start-si\/\" \/>\n<meta property=\"og:site_name\" content=\"Bio \u0161ole\" \/>\n<meta property=\"article:modified_time\" content=\"2023-07-12T09:24:00+00:00\" \/>\n<meta property=\"og:image\" content=\"https:\/\/bioskole.org\/wp-content\/uploads\/2023\/07\/Logo_Co-Funded_web.jpg\" \/>\n<meta name=\"twitter:card\" content=\"summary_large_image\" \/>\n<meta name=\"twitter:label1\" content=\"Est. reading time\" \/>\n\t<meta name=\"twitter:data1\" content=\"2 minutes\" \/>\n<script type=\"application\/ld+json\" class=\"yoast-schema-graph\">{\"@context\":\"https:\/\/schema.org\",\"@graph\":[{\"@type\":\"WebPage\",\"@id\":\"https:\/\/bioskole.org\/index.php\/start-si\/\",\"url\":\"https:\/\/bioskole.org\/index.php\/start-si\/\",\"name\":\"Start-si - Bio \u0161ole\",\"isPartOf\":{\"@id\":\"https:\/\/bioskole.org\/#website\"},\"primaryImageOfPage\":{\"@id\":\"https:\/\/bioskole.org\/index.php\/start-si\/#primaryimage\"},\"image\":{\"@id\":\"https:\/\/bioskole.org\/index.php\/start-si\/#primaryimage\"},\"thumbnailUrl\":\"https:\/\/bioskole.org\/wp-content\/uploads\/2023\/07\/Logo_Co-Funded_web.jpg\",\"datePublished\":\"2023-07-04T00:47:00+00:00\",\"dateModified\":\"2023-07-12T09:24:00+00:00\",\"breadcrumb\":{\"@id\":\"https:\/\/bioskole.org\/index.php\/start-si\/#breadcrumb\"},\"inLanguage\":\"en-US\",\"potentialAction\":[{\"@type\":\"ReadAction\",\"target\":[\"https:\/\/bioskole.org\/index.php\/start-si\/\"]}]},{\"@type\":\"ImageObject\",\"inLanguage\":\"en-US\",\"@id\":\"https:\/\/bioskole.org\/index.php\/start-si\/#primaryimage\",\"url\":\"https:\/\/bioskole.org\/wp-content\/uploads\/2023\/07\/Logo_Co-Funded_web.jpg\",\"contentUrl\":\"https:\/\/bioskole.org\/wp-content\/uploads\/2023\/07\/Logo_Co-Funded_web.jpg\",\"width\":640,\"height\":158},{\"@type\":\"BreadcrumbList\",\"@id\":\"https:\/\/bioskole.org\/index.php\/start-si\/#breadcrumb\",\"itemListElement\":[{\"@type\":\"ListItem\",\"position\":1,\"name\":\"\u041f\u043e\u0447\u0435\u0442\u043d\u0430\",\"item\":\"https:\/\/bioskole.org\/\"},{\"@type\":\"ListItem\",\"position\":2,\"name\":\"Start-si\"}]},{\"@type\":\"WebSite\",\"@id\":\"https:\/\/bioskole.org\/#website\",\"url\":\"https:\/\/bioskole.org\/\",\"name\":\"Bio \u0161ole\",\"description\":\"\",\"potentialAction\":[{\"@type\":\"SearchAction\",\"target\":{\"@type\":\"EntryPoint\",\"urlTemplate\":\"https:\/\/bioskole.org\/?s={search_term_string}\"},\"query-input\":{\"@type\":\"PropertyValueSpecification\",\"valueRequired\":true,\"valueName\":\"search_term_string\"}}],\"inLanguage\":\"en-US\"}]}<\/script>\n<!-- \/ Yoast SEO plugin. -->","yoast_head_json":{"title":"Start-si - Bio \u0161ole","robots":{"index":"index","follow":"follow","max-snippet":"max-snippet:-1","max-image-preview":"max-image-preview:large","max-video-preview":"max-video-preview:-1"},"canonical":"https:\/\/bioskole.org\/index.php\/start-si\/","og_locale":"en_US","og_type":"article","og_title":"Start-si - Bio \u0161ole","og_description":"O nas Aktivnosti Publikacije Galerija Kontakt Doma\u010da \u041a\u0410210-VET &#8211; Majhna partnerstva na podro\u010dju poklicnega izobra\u017eevanja in usposabljanja KA210-VET &#8211; Small-scale partnerships in vocational\u00a0education and training Pridobivanje novih znanj in izku\u0161enj na primerih dobre prakse- izobra\u017eevanje u\u010dencev srednje\u0161olskega strokovnega izobra\u017eevanja kmetijskih \u0161ol","og_url":"https:\/\/bioskole.org\/index.php\/start-si\/","og_site_name":"Bio \u0161ole","article_modified_time":"2023-07-12T09:24:00+00:00","og_image":[{"url":"https:\/\/bioskole.org\/wp-content\/uploads\/2023\/07\/Logo_Co-Funded_web.jpg","type":"","width":"","height":""}],"twitter_card":"summary_large_image","twitter_misc":{"Est. reading time":"2 minutes"},"schema":{"@context":"https:\/\/schema.org","@graph":[{"@type":"WebPage","@id":"https:\/\/bioskole.org\/index.php\/start-si\/","url":"https:\/\/bioskole.org\/index.php\/start-si\/","name":"Start-si - Bio \u0161ole","isPartOf":{"@id":"https:\/\/bioskole.org\/#website"},"primaryImageOfPage":{"@id":"https:\/\/bioskole.org\/index.php\/start-si\/#primaryimage"},"image":{"@id":"https:\/\/bioskole.org\/index.php\/start-si\/#primaryimage"},"thumbnailUrl":"https:\/\/bioskole.org\/wp-content\/uploads\/2023\/07\/Logo_Co-Funded_web.jpg","datePublished":"2023-07-04T00:47:00+00:00","dateModified":"2023-07-12T09:24:00+00:00","breadcrumb":{"@id":"https:\/\/bioskole.org\/index.php\/start-si\/#breadcrumb"},"inLanguage":"en-US","potentialAction":[{"@type":"ReadAction","target":["https:\/\/bioskole.org\/index.php\/start-si\/"]}]},{"@type":"ImageObject","inLanguage":"en-US","@id":"https:\/\/bioskole.org\/index.php\/start-si\/#primaryimage","url":"https:\/\/bioskole.org\/wp-content\/uploads\/2023\/07\/Logo_Co-Funded_web.jpg","contentUrl":"https:\/\/bioskole.org\/wp-content\/uploads\/2023\/07\/Logo_Co-Funded_web.jpg","width":640,"height":158},{"@type":"BreadcrumbList","@id":"https:\/\/bioskole.org\/index.php\/start-si\/#breadcrumb","itemListElement":[{"@type":"ListItem","position":1,"name":"\u041f\u043e\u0447\u0435\u0442\u043d\u0430","item":"https:\/\/bioskole.org\/"},{"@type":"ListItem","position":2,"name":"Start-si"}]},{"@type":"WebSite","@id":"https:\/\/bioskole.org\/#website","url":"https:\/\/bioskole.org\/","name":"Bio \u0161ole","description":"","potentialAction":[{"@type":"SearchAction","target":{"@type":"EntryPoint","urlTemplate":"https:\/\/bioskole.org\/?s={search_term_string}"},"query-input":{"@type":"PropertyValueSpecification","valueRequired":true,"valueName":"search_term_string"}}],"inLanguage":"en-US"}]}},"_links":{"self":[{"href":"https:\/\/bioskole.org\/index.php\/wp-json\/wp\/v2\/pages\/213","targetHints":{"allow":["GET"]}}],"collection":[{"href":"https:\/\/bioskole.org\/index.php\/wp-json\/wp\/v2\/pages"}],"about":[{"href":"https:\/\/bioskole.org\/index.php\/wp-json\/wp\/v2\/types\/page"}],"author":[{"embeddable":true,"href":"https:\/\/bioskole.org\/index.php\/wp-json\/wp\/v2\/users\/1"}],"replies":[{"embeddable":true,"href":"https:\/\/bioskole.org\/index.php\/wp-json\/wp\/v2\/comments?post=213"}],"version-history":[{"count":13,"href":"https:\/\/bioskole.org\/index.php\/wp-json\/wp\/v2\/pages\/213\/revisions"}],"predecessor-version":[{"id":913,"href":"https:\/\/bioskole.org\/index.php\/wp-json\/wp\/v2\/pages\/213\/revisions\/913"}],"wp:attachment":[{"href":"https:\/\/bioskole.org\/index.php\/wp-json\/wp\/v2\/media?parent=213"}],"curies":[{"name":"wp","href":"https:\/\/api.w.org\/{rel}","templated":true}]}}